{"id":16369,"date":"2023-03-16T14:11:00","date_gmt":"2023-03-16T14:11:00","guid":{"rendered":"https:\/\/croekspres.kuhada.agency\/user-support\/"},"modified":"2023-05-17T09:28:48","modified_gmt":"2023-05-17T09:28:48","slug":"user-support","status":"publish","type":"page","link":"https:\/\/www.croekspres.hr\/en\/user-support\/","title":{"rendered":"User support"},"content":{"rendered":"<p>[vc_section][vc_row gap=&#8221;80&#8243; content_placement=&#8221;middle&#8221; css_animation=&#8221;fadeIn&#8221; css=&#8221;.vc_custom_1532424606103{padding-top: 40px !important;padding-bottom: 64px !important;}&#8221;][vc_column animation_delay=&#8221;0&#8243; offset=&#8221;vc_col-lg-6 vc_col-md-6 vc_col-xs-12&#8243;]<h3 id=\"et-animated-title-1\" class=\"et-animated-title et-clearfix  curtain curtain-left\" data-mobile-font=\"32px\" data-tablet-font=\"inherit\" data-delay=\"100\" style=\"font-size:48px;font-weight:700;line-height:56px;color:#2c332c;\"><span class=\"text-wrapper\"><span class=\"text\">User support:<\/span><span class=\"curtain\" style=\"background-color:#dd3333;\"><\/span><\/span><\/h3><div class=\"gap et-clearfix \" style=\"height:32px\"><\/div><div class=\"et-simple-braket-block-wrapper\"><style>#et-simple-braket-block-1 .braket-text {font-weight:400;}#et-simple-braket-block-1 .braket > div  {background-color:#ffcd00;}<\/style><div id=\"et-simple-braket-block-1\" class=\"et-simple-braket-block \"><div class=\"braket\"><div><\/div><div><\/div><div><\/div><\/div><div class=\"braket-text\" data-mobile-font=\"inherit\" data-tablet-font=\"inherit\">If you need advice or the creation of a unique offer for a specific project, or if you want to improve and optimize your processes, contact us at the contacts below.&lt;\/p&gt;\n&lt;p&gt;Our Cro Ekspres team is always available to help you overcome all the challenges that modern and challenging logistics puts in front of you. We give our clients an advantage over the competition. We offer a completely personalized system, we simplify processes in the complete supply chain with a maximum focus on quality assurance in order to offer efficient solutions.&lt;\/p&gt;\n&lt;p&gt;The entire Cro Ekpres works according to ISO standards, ISO 9001:2015 and all members are educated and certified for their work functions in order to provide the support you need and deserve in a professional, high-quality and safe manner.<\/div><\/div><\/div>[\/vc_column][vc_column animation_delay=&#8221;0&#8243; offset=&#8221;vc_col-lg-6 vc_col-md-6 vc_col-xs-12&#8243;][vc_single_image image=&#8221;14925&#8243; img_size=&#8221;600&#215;600&#8243; alignment=&#8221;center&#8221; css_animation=&#8221;none&#8221;][\/vc_column][\/vc_row][vc_row css=&#8221;.vc_custom_1671434444943{margin-top: 30px !important;margin-bottom: 30px !important;}&#8221;][vc_column width=&#8221;1\/2&#8243;]<h5 id=\"et-animated-title-2\" class=\"et-animated-title et-clearfix  words-direct\" data-mobile-font=\"32px\" data-tablet-font=\"inherit\" data-delay=\"100\" style=\"font-size:38px;font-weight:700;line-height:56px;color:#2c332c;\"><span class=\"text-wrapper\"><span class=\"text\">Questions related to national distribution:<br \/>\n<\/span><\/span><\/h5><div class=\"gap et-clearfix \" style=\"height:32px\"><\/div>[vc_column_text]<strong>Tomislav Pedi\u0107<\/strong><\/p>\n<p><span style=\"font-weight: 400;\">Email:<\/span> <span style=\"font-weight: 400;\">tomislav.pedic@croekspres.hr<\/span><\/p>\n<p><span style=\"font-weight: 400;\">Contact phone: +385 1 2230 434<\/span><\/p>\n<p><span style=\"font-weight: 400;\">Contact mob: +385 99 223 7064<\/span>[\/vc_column_text][\/vc_column][vc_column width=&#8221;1\/2&#8243;]<h5 id=\"et-animated-title-3\" class=\"et-animated-title et-clearfix  words-direct\" data-mobile-font=\"32px\" data-tablet-font=\"inherit\" data-delay=\"100\" style=\"font-size:38px;font-weight:700;line-height:56px;color:#2c332c;\"><span class=\"text-wrapper\"><span class=\"text\">Operational issues in the storage and distribution chain:<br \/>\n<\/span><\/span><\/h5><div class=\"gap et-clearfix \" style=\"height:32px\"><\/div>[vc_column_text]<strong>Sa\u0161a Batina<\/strong><\/p>\n<p><span style=\"font-weight: 400;\">Email:<\/span> <span style=\"font-weight: 400;\">distribucija@croekspres.hr<\/span><\/p>\n<p><span style=\"font-weight: 400;\">Contact phone: +385 1 2230 432<\/span><\/p>\n<p><span style=\"font-weight: 400;\">Contact mob: +385 98 183 75 71<\/span>[\/vc_column_text][\/vc_column][\/vc_row][vc_row css=&#8221;.vc_custom_1671434444943{margin-top: 30px !important;margin-bottom: 30px !important;}&#8221;][vc_column width=&#8221;1\/2&#8243;]<h5 id=\"et-animated-title-4\" class=\"et-animated-title et-clearfix  words-direct\" data-mobile-font=\"32px\" data-tablet-font=\"inherit\" data-delay=\"100\" style=\"font-size:48px;font-weight:700;line-height:56px;color:#2c332c;\"><span class=\"text-wrapper\"><span class=\"text\">International transports and projects:<br \/>\n<\/span><\/span><\/h5><div class=\"gap et-clearfix \" style=\"height:32px\"><\/div>[vc_column_text]<strong>Ivana Herceg<\/strong><\/p>\n<p><span style=\"font-weight: 400;\">Email:<\/span> <span style=\"font-weight: 400;\">ivana.herceg@croekspres.hr<\/span><\/p>\n<p><span style=\"font-weight: 400;\">Contact phone: +385 1 2230 433<\/span><\/p>\n<p><span style=\"font-weight: 400;\">Contact mob: +385 98 386 92 53<\/span><\/p>\n<p>&nbsp;<\/p>\n<p><strong>Mato Paveli\u0107<\/strong><\/p>\n<p>Email: mato.pavelic@croekspres.hr<\/p>\n<p>Contact phone: +385 1 2230 433<\/p>\n<p>Contact mob: +385 99 237 06 52[\/vc_column_text][\/vc_column][vc_column width=&#8221;1\/2&#8243;]<h5 id=\"et-animated-title-5\" class=\"et-animated-title et-clearfix  words-direct\" data-mobile-font=\"32px\" data-tablet-font=\"inherit\" data-delay=\"100\" style=\"font-size:48px;font-weight:700;line-height:56px;color:#2c332c;\"><span class=\"text-wrapper\"><span class=\"text\">Head of Region:<br \/>\n<\/span><\/span><\/h5><div class=\"gap et-clearfix \" style=\"height:32px\"><\/div>[vc_column_text]<\/p>\n<h4><strong>&#8211; Slavonia<\/strong><\/h4>\n<p><strong>\u017deljko Bla\u017eevi\u0107<\/strong><\/p>\n<p>Contact mob: +385 99 237 00 42<\/p>\n<h4><strong>-Split<\/strong><\/h4>\n<p><strong>Dra\u017een Jelavi\u0107-\u0160ako<\/strong><\/p>\n<p>Contact mob: +385 99 212 84 27<\/p>\n<h4><strong>&#8211; The gallows<\/strong><\/h4>\n<p><strong>Darijo Relja<\/strong><\/p>\n<p>Contact mob: +385 98 3333 90<\/p>\n<h4><strong>&#8211; Zadar<\/strong><\/h4>\n<p><strong>Dalibor Franji\u0107 <\/strong><\/p>\n<p>Contact mob: +385 95 196 65 42<\/p>\n<h4><strong>-Rijeka and Istria<\/strong><\/h4>\n<p><strong>Danijel Vitezica<\/strong><\/p>\n<p>contact mobile: +385 91 666 6262[\/vc_column_text][\/vc_column][\/vc_row][\/vc_section][vc_row css_animation=&#8221;left-to-right&#8221; css=&#8221;.vc_custom_1679917508153{background-position: center !important;background-repeat: no-repeat !important;background-size: cover !important;}&#8221;][vc_column]<div class=\"et-content-box-alt-wrapper\"><style>#et-content-box-alt-1{margin-left:-20px;margin-right:-20px;}#et-content-box-alt-1 .box-item-alt-inner {padding:20px}<\/style><div id=\"et-content-box-alt-1\" class=\"et-content-box-alt et-item-set et-clearfix hover-icon effect-type-sequential effect-none\" data-columns=\"2\"><div class=\"box-item-alt-wrapper et-item et-box-item-alt\"><style>#box-item-alt-1 .box-item-alt-content-wrapper {background-color:#2c332c;}#box-item-alt-1 .box-icon {color:#eb343b;}<\/style><div id=\"box-item-alt-1\"  class=\"box-item-alt-inner et-item-inner\"><div class=\"box-item-alt-content-wrapper et-clearfix\"><div class=\"box-item-content et-clearfix\"><h3 id=\"et-animated-title-6\" class=\"et-animated-title et-clearfix  words-direct\" data-mobile-font=\"32px\" data-tablet-font=\"inherit\" data-delay=\"100\" style=\"font-size:48px;font-weight:700;line-height:56px;color:#ffffff;\"><span class=\"text-wrapper\"><span class=\"text\"><a href=\"tel:003851%2034%2098%20356\">+3851 34 98 356<\/a><\/span><\/span><\/h3><\/div><span class=\"et-icon box-icon fa fa-phone\"><\/span><\/div><\/div><\/div><div class=\"box-item-alt-wrapper et-item et-box-item-alt\"><style>#box-item-alt-2 .box-item-alt-content-wrapper {background-color:#2c332c;}#box-item-alt-2 .box-icon {color:#eb343b;}<\/style><div id=\"box-item-alt-2\"  class=\"box-item-alt-inner et-item-inner\"><div class=\"box-item-alt-content-wrapper et-clearfix\"><div class=\"box-item-content et-clearfix\"><h3 id=\"et-animated-title-7\" class=\"et-animated-title et-clearfix  words-direct\" data-mobile-font=\"32px\" data-tablet-font=\"inherit\" data-delay=\"100\" style=\"font-size:48px;font-weight:700;line-height:56px;color:#ffffff;\"><span class=\"text-wrapper\"><span class=\"text\"><a href=\"tel:00385912205002\">+38591 22 05 002<\/a><\/span><\/span><\/h3><\/div><span class=\"et-icon box-icon fa fa-phone\"><\/span><\/div><\/div><\/div><\/div><\/div>[\/vc_column][\/vc_row]<\/p>\n","protected":false},"excerpt":{"rendered":"<p>Leverage agile frameworks to provide a robust synopsis for high level overviews. Iterative approaches to corporate strategy foster collaborative thinking to further the overall value proposition. Organically grow the holistic world view of disruptive innovation via workplace diversity and empowerment.<\/p>\n","protected":false},"author":1,"featured_media":0,"parent":0,"menu_order":0,"comment_status":"closed","ping_status":"closed","template":"page-vc.php","meta":{"footnotes":""},"class_list":["post-16369","page","type-page","status-publish","hentry"],"yoast_head":"<!-- This site is optimized with the Yoast SEO plugin v20.7 - https:\/\/yoast.com\/wordpress\/plugins\/seo\/ -->\n<title>User support - CROekspres<\/title>\n<meta name=\"robots\" content=\"index, follow, max-snippet:-1, max-image-preview:large, max-video-preview:-1\" \/>\n<link rel=\"canonical\" href=\"https:\/\/www.croekspres.hr\/en\/user-support\/\" \/>\n<meta property=\"og:locale\" content=\"en_US\" \/>\n<meta property=\"og:type\" content=\"article\" \/>\n<meta property=\"og:title\" content=\"User support - CROekspres\" \/>\n<meta property=\"og:description\" content=\"Leverage agile frameworks to provide a robust synopsis for high level overviews. Iterative approaches to corporate strategy foster collaborative thinking to further the overall value proposition. Organically grow the holistic world view of disruptive innovation via workplace diversity and empowerment.\" \/>\n<meta property=\"og:url\" content=\"https:\/\/www.croekspres.hr\/en\/user-support\/\" \/>\n<meta property=\"og:site_name\" content=\"CROekspres\" \/>\n<meta property=\"article:modified_time\" content=\"2023-05-17T09:28:48+00:00\" \/>\n<meta property=\"og:image\" content=\"https:\/\/www.croekspres.hr\/wp-content\/uploads\/2023\/04\/rm381-04a-scaled.jpg\" \/>\n\t<meta property=\"og:image:width\" content=\"2560\" \/>\n\t<meta property=\"og:image:height\" content=\"1706\" \/>\n\t<meta property=\"og:image:type\" content=\"image\/jpeg\" \/>\n<meta name=\"twitter:card\" content=\"summary_large_image\" \/>\n<meta name=\"twitter:label1\" content=\"Est. reading time\" \/>\n\t<meta name=\"twitter:data1\" content=\"3 minutes\" \/>\n<script type=\"application\/ld+json\" class=\"yoast-schema-graph\">{\"@context\":\"https:\/\/schema.org\",\"@graph\":[{\"@type\":\"WebPage\",\"@id\":\"https:\/\/www.croekspres.hr\/en\/user-support\/\",\"url\":\"https:\/\/www.croekspres.hr\/en\/user-support\/\",\"name\":\"User support - CROekspres\",\"isPartOf\":{\"@id\":\"https:\/\/mail.ortopedijaideal.hr\/#website\"},\"datePublished\":\"2023-03-16T14:11:00+00:00\",\"dateModified\":\"2023-05-17T09:28:48+00:00\",\"inLanguage\":\"en-US\",\"potentialAction\":[{\"@type\":\"ReadAction\",\"target\":[\"https:\/\/www.croekspres.hr\/en\/user-support\/\"]}]},{\"@type\":\"WebSite\",\"@id\":\"https:\/\/mail.ortopedijaideal.hr\/#website\",\"url\":\"https:\/\/mail.ortopedijaideal.hr\/\",\"name\":\"CROekspres\",\"description\":\"Anytime, Anywhere\",\"publisher\":{\"@id\":\"https:\/\/mail.ortopedijaideal.hr\/#organization\"},\"potentialAction\":[{\"@type\":\"SearchAction\",\"target\":{\"@type\":\"EntryPoint\",\"urlTemplate\":\"https:\/\/mail.ortopedijaideal.hr\/?s={search_term_string}\"},\"query-input\":\"required name=search_term_string\"}],\"inLanguage\":\"en-US\"},{\"@type\":\"Organization\",\"@id\":\"https:\/\/mail.ortopedijaideal.hr\/#organization\",\"name\":\"Cro Ekspres d.o.o.\",\"url\":\"https:\/\/mail.ortopedijaideal.hr\/\",\"logo\":{\"@type\":\"ImageObject\",\"inLanguage\":\"en-US\",\"@id\":\"https:\/\/mail.ortopedijaideal.hr\/#\/schema\/logo\/image\/\",\"url\":\"\/wp-content\/uploads\/2023\/03\/Cro-ekspres-logo-new.png\",\"contentUrl\":\"\/wp-content\/uploads\/2023\/03\/Cro-ekspres-logo-new.png\",\"width\":200,\"height\":166,\"caption\":\"Cro Ekspres d.o.o.\"},\"image\":{\"@id\":\"https:\/\/mail.ortopedijaideal.hr\/#\/schema\/logo\/image\/\"}}]}<\/script>\n<!-- \/ Yoast SEO plugin. -->","yoast_head_json":{"title":"User support - CROekspres","robots":{"index":"index","follow":"follow","max-snippet":"max-snippet:-1","max-image-preview":"max-image-preview:large","max-video-preview":"max-video-preview:-1"},"canonical":"https:\/\/www.croekspres.hr\/en\/user-support\/","og_locale":"en_US","og_type":"article","og_title":"User support - CROekspres","og_description":"Leverage agile frameworks to provide a robust synopsis for high level overviews. Iterative approaches to corporate strategy foster collaborative thinking to further the overall value proposition. Organically grow the holistic world view of disruptive innovation via workplace diversity and empowerment.","og_url":"https:\/\/www.croekspres.hr\/en\/user-support\/","og_site_name":"CROekspres","article_modified_time":"2023-05-17T09:28:48+00:00","og_image":[{"width":2560,"height":1706,"url":"https:\/\/www.croekspres.hr\/wp-content\/uploads\/2023\/04\/rm381-04a-scaled.jpg","type":"image\/jpeg"}],"twitter_card":"summary_large_image","twitter_misc":{"Est. reading time":"3 minutes"},"schema":{"@context":"https:\/\/schema.org","@graph":[{"@type":"WebPage","@id":"https:\/\/www.croekspres.hr\/en\/user-support\/","url":"https:\/\/www.croekspres.hr\/en\/user-support\/","name":"User support - CROekspres","isPartOf":{"@id":"https:\/\/mail.ortopedijaideal.hr\/#website"},"datePublished":"2023-03-16T14:11:00+00:00","dateModified":"2023-05-17T09:28:48+00:00","inLanguage":"en-US","potentialAction":[{"@type":"ReadAction","target":["https:\/\/www.croekspres.hr\/en\/user-support\/"]}]},{"@type":"WebSite","@id":"https:\/\/mail.ortopedijaideal.hr\/#website","url":"https:\/\/mail.ortopedijaideal.hr\/","name":"CROekspres","description":"Anytime, Anywhere","publisher":{"@id":"https:\/\/mail.ortopedijaideal.hr\/#organization"},"potentialAction":[{"@type":"SearchAction","target":{"@type":"EntryPoint","urlTemplate":"https:\/\/mail.ortopedijaideal.hr\/?s={search_term_string}"},"query-input":"required name=search_term_string"}],"inLanguage":"en-US"},{"@type":"Organization","@id":"https:\/\/mail.ortopedijaideal.hr\/#organization","name":"Cro Ekspres d.o.o.","url":"https:\/\/mail.ortopedijaideal.hr\/","logo":{"@type":"ImageObject","inLanguage":"en-US","@id":"https:\/\/mail.ortopedijaideal.hr\/#\/schema\/logo\/image\/","url":"\/wp-content\/uploads\/2023\/03\/Cro-ekspres-logo-new.png","contentUrl":"\/wp-content\/uploads\/2023\/03\/Cro-ekspres-logo-new.png","width":200,"height":166,"caption":"Cro Ekspres d.o.o."},"image":{"@id":"https:\/\/mail.ortopedijaideal.hr\/#\/schema\/logo\/image\/"}}]}},"_links":{"self":[{"href":"https:\/\/www.croekspres.hr\/en\/wp-json\/wp\/v2\/pages\/16369","targetHints":{"allow":["GET"]}}],"collection":[{"href":"https:\/\/www.croekspres.hr\/en\/wp-json\/wp\/v2\/pages"}],"about":[{"href":"https:\/\/www.croekspres.hr\/en\/wp-json\/wp\/v2\/types\/page"}],"author":[{"embeddable":true,"href":"https:\/\/www.croekspres.hr\/en\/wp-json\/wp\/v2\/users\/1"}],"replies":[{"embeddable":true,"href":"https:\/\/www.croekspres.hr\/en\/wp-json\/wp\/v2\/comments?post=16369"}],"version-history":[{"count":3,"href":"https:\/\/www.croekspres.hr\/en\/wp-json\/wp\/v2\/pages\/16369\/revisions"}],"predecessor-version":[{"id":16706,"href":"https:\/\/www.croekspres.hr\/en\/wp-json\/wp\/v2\/pages\/16369\/revisions\/16706"}],"wp:attachment":[{"href":"https:\/\/www.croekspres.hr\/en\/wp-json\/wp\/v2\/media?parent=16369"}],"curies":[{"name":"wp","href":"https:\/\/api.w.org\/{rel}","templated":true}]}}