{"id":16366,"date":"2023-03-16T14:09:52","date_gmt":"2023-03-16T14:09:52","guid":{"rendered":"https:\/\/croekspres.kuhada.agency\/ihr-logistiklexikon\/"},"modified":"2023-05-02T10:44:24","modified_gmt":"2023-05-02T10:44:24","slug":"ihr-logistiklexikon","status":"publish","type":"page","link":"https:\/\/www.croekspres.hr\/de\/ihr-logistiklexikon\/","title":{"rendered":"Ihr Logistiklexikon"},"content":{"rendered":"<p>[vc_section][vc_row][vc_column]<div class=\"gap et-clearfix \" style=\"height:42px\"><\/div><h1 id=\"et-animated-title-1\" class=\"et-animated-title et-clearfix  curtain curtain-left\" data-mobile-font=\"inherit\" data-tablet-font=\"inherit\" data-delay=\"0\" style=\"font-weight:700;color:#212121;\"><span class=\"text-wrapper\"><span class=\"text\">Ihr Logistiklexikon:<br \/>\n<\/span><span class=\"curtain\" style=\"background-color:#dd3333;\"><\/span><\/span><\/h1>[\/vc_column][\/vc_row][\/vc_section][vc_row][vc_column width=&#8220;1\/2&#8243;]<div class=\"et-accordion-wrapper\"><div id=\"et-accordion-1\" class=\"et-accordion et-clearfix collapsible-false\"><div class=\"false  toggle-title et-clearfix\"><h5 class=\"toggle-title-tag\">FTL, FTL-Fracht<\/h5><span class=\"toggle-ind fa fa-plus\"><\/span><\/div> <div id=\"ftl-ftl-fracht-1\" class=\"toggle-content et-clearfix\">[vc_column_text]<span style=\"font-weight: 400;\">Voller Lastwagen. Wenn Ihre Sendung einen Platz auf der gesamten Ladefl\u00e4che einnehmen muss. Der Fall, wenn Sie m\u00f6chten, dass Ihre Sendung schneller abgeholt und zugestellt wird, Sie also den vollen Laderaum nutzen oder sie so gro\u00df ist, dass sie den gesamten Laderaum einnimmt und nicht f\u00fcr die Zustellung oder den Sammeltransport geeignet ist.<\/span>[\/vc_column_text]<\/div><\/div><\/div><div class=\"et-accordion-wrapper\"><div id=\"et-accordion-2\" class=\"et-accordion et-clearfix collapsible-false\"><div class=\"false  toggle-title et-clearfix\"><h5 class=\"toggle-title-tag\">Incoterms\u00ae<\/h5><span class=\"toggle-ind fa fa-plus\"><\/span><\/div> <div id=\"incoterms-2\" class=\"toggle-content et-clearfix\">[vc_column_text]Incoterms \u00ae (Englisch International Commercial Terms) sind offizielle internationale Regeln und Bedingungen, die die rechtlichen und wirtschaftlichen Beziehungen zwischen K\u00e4ufern und Verk\u00e4ufern im internationalen Handel hinsichtlich des Gefahren- und Kosten\u00fcbergangs bei der Lieferung von Waren von einer Seite zur anderen regeln.<\/p>\n<p>Sie erkl\u00e4ren eine Reihe von elf h\u00e4ufig verwendeten dreibuchstabigen Handelsklauseln (CIF, FOB usw.) als Widerspiegelung der Praxis in Warenkaufvertr\u00e4gen.[\/vc_column_text]<\/div><\/div><\/div><div class=\"et-accordion-wrapper\"><div id=\"et-accordion-3\" class=\"et-accordion et-clearfix collapsible-false\"><div class=\"false  toggle-title et-clearfix\"><h5 class=\"toggle-title-tag\">Was ist der Unterschied zwischen Euro- und Industriepalette?<\/h5><span class=\"toggle-ind fa fa-plus\"><\/span><\/div> <div id=\"was-ist-der-unterschied-zwischen-euro-und-industriepalette-3\" class=\"toggle-content et-clearfix\">[vc_column_text]<span style=\"font-weight: 400;\">Der Unterschied liegt in den Abmessungen der Palette selbst. Die Ma\u00dfe der Industriepalette betragen 120 x 100 x 25 cm, w\u00e4hrend die Europalette 120 x 80 x 25 cm misst.<\/span>[\/vc_column_text]<\/div><\/div><\/div><div class=\"et-accordion-wrapper\"><div id=\"et-accordion-4\" class=\"et-accordion et-clearfix collapsible-false\"><div class=\"false  toggle-title et-clearfix\"><h5 class=\"toggle-title-tag\">TEU<\/h5><span class=\"toggle-ind fa fa-plus\"><\/span><\/div> <div id=\"teu-4\" class=\"toggle-content et-clearfix\">[vc_column_text]<span style=\"font-weight: 400;\">Eine Einheit von 20 Fu\u00df (<\/span> <span style=\"font-weight: 400;\">engl.<\/span><span style=\"font-weight: 400;\"> zwanzig Fu\u00df \u00e4quivalente Einheit, abgek\u00fcrzt Englisch TEU) ist eine Einheit der Warenkapazit\u00e4t, die h\u00e4ufig zur Beschreibung der Kapazit\u00e4t verwendet wird <\/span><span style=\"font-weight: 400;\">Containerschiffe<\/span> <span style=\"font-weight: 400;\">und Containerterminals<\/span> <span style=\"font-weight: 400;\">.<\/span><\/p>\n<p>Er basiert auf dem Volumen eines 20 <span style=\"font-weight: 400;\">Fu\u00df<\/span> <span style=\"font-weight: 400;\">(6,1<\/span> <span style=\"font-weight: 400;\">Meter<\/span> ) <span style=\"font-weight: 400;\">langen ISO-Containers<\/span> <span style=\"font-weight: 400;\">, der problemlos zwischen verschiedenen Transportmitteln wie<\/span> <span style=\"font-weight: 400;\">Schiff<\/span> <span style=\"font-weight: 400;\">,<\/span> <span style=\"font-weight: 400;\">Bahn<\/span> <span style=\"font-weight: 400;\">und<\/span> <span style=\"font-weight: 400;\">Lkw<\/span> umgeschlagen werden kann <span style=\"font-weight: 400;\">.<\/span><\/p>\n<p><span style=\"font-weight: 400;\">Ein TEU entspricht der Ladekapazit\u00e4t eines Standard-ISO-Containers mit einer L\u00e4nge von 6,1 m (20 Fu\u00df) und einer Breite von 2,44 m (8 Fu\u00df). Ein 40-Fu\u00df-Standardcontainer entspricht zwei TEU-Einheiten.<\/span>[\/vc_column_text]<\/div><\/div><\/div><div class=\"et-accordion-wrapper\"><div id=\"et-accordion-5\" class=\"et-accordion et-clearfix collapsible-false\"><div class=\"false  toggle-title et-clearfix\"><h5 class=\"toggle-title-tag\">SOLAS<\/h5><span class=\"toggle-ind fa fa-plus\"><\/span><\/div> <div id=\"solas-5\" class=\"toggle-content et-clearfix\">[vc_column_text]<span style=\"font-weight: 400;\"> Internationales \u00dcbereinkommen zum Schutz des menschlichen Lebens auf See (Safety of Life at Sea).<\/span>[\/vc_column_text]<\/div><\/div><\/div><div class=\"et-accordion-wrapper\"><div id=\"et-accordion-6\" class=\"et-accordion et-clearfix collapsible-false\"><div class=\"false  toggle-title et-clearfix\"><h5 class=\"toggle-title-tag\">VGM<\/h5><span class=\"toggle-ind fa fa-plus\"><\/span><\/div> <div id=\"vgm-6\" class=\"toggle-content et-clearfix\">[vc_column_text]<span style=\"font-weight: 400;\">Die verifizierte Bruttomasse ist die verifizierte Bruttomasse, die sich auf die Gesamtmasse des gesamten Containers bezieht, einschlie\u00dflich der Ladung im Container, Verpackungsmaterial, Ladungssicherungsmaterial und Containertara<\/span>[\/vc_column_text]<\/div><\/div><\/div><div class=\"et-accordion-wrapper\"><div id=\"et-accordion-7\" class=\"et-accordion et-clearfix collapsible-false\"><div class=\"false  toggle-title et-clearfix\"><h5 class=\"toggle-title-tag\">AEO<\/h5><span class=\"toggle-ind fa fa-plus\"><\/span><\/div> <div id=\"aeo-7\" class=\"toggle-content et-clearfix\">[vc_column_text]<span style=\"font-weight: 400;\">Zugelassene Wirtschaftseinheit. Ein von der nationalen Zollverwaltung zugelassenes Unternehmen oder eine Organisation, die am internationalen Warenverkehr beteiligt ist.<\/span>[\/vc_column_text]<\/div><\/div><\/div><div class=\"et-accordion-wrapper\"><div id=\"et-accordion-8\" class=\"et-accordion et-clearfix collapsible-false\"><div class=\"false  toggle-title et-clearfix\"><h5 class=\"toggle-title-tag\">WMS<\/h5><span class=\"toggle-ind fa fa-plus\"><\/span><\/div> <div id=\"wms-8\" class=\"toggle-content et-clearfix\">[vc_column_text]<span style=\"font-weight: 400;\">Warehouse Management System ist eine Lagerverwaltungssoftwareanwendung, die die Lagerfunktionalit\u00e4t und die Verwaltung von Distributionszentren unterst\u00fctzt und verbessert.<\/span>[\/vc_column_text]<\/div><\/div><\/div><div class=\"et-accordion-wrapper\"><div id=\"et-accordion-9\" class=\"et-accordion et-clearfix collapsible-false\"><div class=\"false  toggle-title et-clearfix\"><h5 class=\"toggle-title-tag\">Kalte Kette<\/h5><span class=\"toggle-ind fa fa-plus\"><\/span><\/div> <div id=\"kalte-kette-9\" class=\"toggle-content et-clearfix\">[vc_column_text]Eine K\u00fchlkette ist eine temperaturgesteuerte Lieferkette, die am h\u00e4ufigsten f\u00fcr pharmazeutische oder Lebensmittelprodukte verwendet wird.[\/vc_column_text]<\/div><\/div><\/div>[\/vc_column][vc_column width=&#8220;1\/2&#8243;]<div class=\"et-accordion-wrapper\"><div id=\"et-accordion-10\" class=\"et-accordion et-clearfix collapsible-false\"><div class=\"false  toggle-title et-clearfix\"><h5 class=\"toggle-title-tag\">LTL, LTL-Fracht<\/h5><span class=\"toggle-ind fa fa-plus\"><\/span><\/div> <div id=\"ltl-ltl-fracht-10\" class=\"toggle-content et-clearfix\">[vc_column_text]<span style=\"font-weight: 400;\">Wenn Sie nur so viel Platz ben\u00f6tigen, wie Ihre Sendung einnimmt. <\/span><span style=\"font-weight: 400;\">Eine g\u00fcnstigere L\u00f6sung als die Anmietung eines vollen Laderaums, wenn die Laufzeit und die Abmessungen der Sendung dies zulassen. Ihre Sendung wird hinter den Sendungen anderer Kunden platziert und Sie zahlen nur f\u00fcr den Platz, den sie einnimmt.<\/span>[\/vc_column_text]<\/div><\/div><\/div><div class=\"et-accordion-wrapper\"><div id=\"et-accordion-11\" class=\"et-accordion et-clearfix collapsible-false\"><div class=\"false  toggle-title et-clearfix\"><h5 class=\"toggle-title-tag\">ADR<\/h5><span class=\"toggle-ind fa fa-plus\"><\/span><\/div> <div id=\"adr-11\" class=\"toggle-content et-clearfix\">[vc_column_text]<span style=\"font-weight: 400;\">Gem\u00e4\u00df dem Europ\u00e4ischen \u00dcbereinkommen \u00fcber die internationale Bef\u00f6rderung gef\u00e4hrlicher G\u00fcter auf der Stra\u00dfe (ADR) besteht, sofern die Ware, das Fahrzeug und der Fahrer den Vorschriften entsprechen, eine freie Grenz\u00fcberschreitung, was die rasche Schwankung des G\u00fcterverkehrs erleichtert.<\/span>[\/vc_column_text]<\/div><\/div><\/div><div class=\"et-accordion-wrapper\"><div id=\"et-accordion-12\" class=\"et-accordion et-clearfix collapsible-false\"><div class=\"false  toggle-title et-clearfix\"><h5 class=\"toggle-title-tag\">Ldm \/ Lademeter<\/h5><span class=\"toggle-ind fa fa-plus\"><\/span><\/div> <div id=\"ldm-lademeter-12\" class=\"toggle-content et-clearfix\">[vc_column_text]<span style=\"font-weight: 400;\">1 ben\u00f6tigter Meter Ladefl\u00e4che in einem LKW oder Anh\u00e4nger und wird zur Berechnung der Transportkosten verwendet. Beispielsweise entspricht eine Europalette 0,4 LDM Fracht.<\/span>[\/vc_column_text]<\/div><\/div><\/div><div class=\"et-accordion-wrapper\"><div id=\"et-accordion-13\" class=\"et-accordion et-clearfix collapsible-false\"><div class=\"false  toggle-title et-clearfix\"><h5 class=\"toggle-title-tag\">B\/L<\/h5><span class=\"toggle-ind fa fa-plus\"><\/span><\/div> <div id=\"b-l-13\" class=\"toggle-content et-clearfix\">[vc_column_text]<span style=\"font-weight: 400;\">Bill of Lading (BL oder BoL) ist ein vom Versender an den Absender ausgestelltes Dokument, das unter anderem Art, Menge und Bestimmungsort der zu transportierenden G\u00fcter angibt.<\/span><\/p>\n<p><span style=\"font-weight: 400;\">Der Frachtbrief dient auch als Empfangsbest\u00e4tigung der Sendung, wenn der Spediteur die Ware an einen vorher festgelegten Bestimmungsort liefert.<\/span>[\/vc_column_text]<\/div><\/div><\/div><div class=\"et-accordion-wrapper\"><div id=\"et-accordion-14\" class=\"et-accordion et-clearfix collapsible-false\"><div class=\"false  toggle-title et-clearfix\"><h5 class=\"toggle-title-tag\">Meiner Meinung nach<\/h5><span class=\"toggle-ind fa fa-plus\"><\/span><\/div> <div id=\"meiner-meinung-nach-14\" class=\"toggle-content et-clearfix\">[vc_column_text]<span style=\"font-weight: 400;\">Internationale Seeschifffahrtsorganisation (International Maritime Organization<\/span> <span style=\"font-weight: 400;\">www.imo.org<\/span><span style=\"font-weight: 400;\">). Seit 1948 hat es SOLAS \u00fcbernommen und weiterentwickelt.<\/span>[\/vc_column_text]<\/div><\/div><\/div><div class=\"et-accordion-wrapper\"><div id=\"et-accordion-15\" class=\"et-accordion et-clearfix collapsible-false\"><div class=\"false  toggle-title et-clearfix\"><h5 class=\"toggle-title-tag\">Welche VGM-Berechnungsmethoden gibt es?<\/h5><span class=\"toggle-ind fa fa-plus\"><\/span><\/div> <div id=\"welche-vgm-berechnungsmethoden-gibt-es-15\" class=\"toggle-content et-clearfix\">[vc_column_text]Zwei \u00dcberpr\u00fcfungsmethoden sind zul\u00e4ssig:<\/p>\n<p>Methode 1: Nach dem Bef\u00fcllen und Verschlie\u00dfen des Containers kann der Verlader den gesamten gef\u00fcllten Container selbst oder durch Beauftragung einer dritten Person wiegen.<\/p>\n<p>Methode 2: Der Verlader oder eine dritte Person im Auftrag des Versenders kann das Gewicht durch Wiegen und Summieren der Einzelgewichte des Packst\u00fccks im Container, der Verpackung und des Materials zur Sicherung der Ladung und der Addition des Gewichts der Ladung berechnen leerer Container (Tarra) und die Sendung.[\/vc_column_text]<\/div><\/div><\/div><div class=\"et-accordion-wrapper\"><div id=\"et-accordion-16\" class=\"et-accordion et-clearfix collapsible-false\"><div class=\"false  toggle-title et-clearfix\"><h5 class=\"toggle-title-tag\">SOP<\/h5><span class=\"toggle-ind fa fa-plus\"><\/span><\/div> <div id=\"sop-16\" class=\"toggle-content et-clearfix\">[vc_column_text]<span style=\"font-weight: 400;\">Standard Operating Procedure &#8211; ist eine Reihe von Anweisungen, die den Mitarbeitern der Organisation helfen sollen, komplexe Routinevorg\u00e4nge auf effiziente und einheitliche Weise gem\u00e4\u00df den Branchenvorschriften durchzuf\u00fchren und Missverst\u00e4ndnisse zu reduzieren.<\/span>[\/vc_column_text]<\/div><\/div><\/div><div class=\"et-accordion-wrapper\"><div id=\"et-accordion-17\" class=\"et-accordion et-clearfix collapsible-false\"><div class=\"false  toggle-title et-clearfix\"><h5 class=\"toggle-title-tag\">Sendungsverfolgung<\/h5><span class=\"toggle-ind fa fa-plus\"><\/span><\/div> <div id=\"sendungsverfolgung-17\" class=\"toggle-content et-clearfix\">[vc_column_text]<span style=\"font-weight: 400;\">Der Prozess der Identifizierung und Verfolgung vergangener und aktueller Frachtstandorte in der Lieferkette.<\/span>[\/vc_column_text]<\/div><\/div><\/div><div class=\"et-accordion-wrapper\"><div id=\"et-accordion-18\" class=\"et-accordion et-clearfix collapsible-false\"><div class=\"false  toggle-title et-clearfix\"><h5 class=\"toggle-title-tag\">MyCE<\/h5><span class=\"toggle-ind fa fa-plus\"><\/span><\/div> <div id=\"myce-18\" class=\"toggle-content et-clearfix\">[vc_column_text]<span style=\"font-weight: 400;\">Cro Ekspres Kundenbereich f\u00fcr Kunden bestimmt. Als Teil davon k\u00f6nnen Kunden sich mit dem System verbinden, um Sendungen an ihren Betreiber zu liefern, indem sie sich anmelden.<\/span>[\/vc_column_text]<\/div><\/div><\/div>[\/vc_column][\/vc_row][vc_row][vc_column]<div class=\"gap et-clearfix \" style=\"height:42px\"><\/div>[\/vc_column][\/vc_row]<\/p>\n","protected":false},"excerpt":{"rendered":"<p>Nutzen Sie agile Frameworks, um eine robuste Zusammenfassung f\u00fcr allgemeine \u00dcbersichten bereitzustellen. Iterative Ans\u00e4tze zur Unternehmensstrategie f\u00f6rdern kooperatives Denken, um das gesamte Wertversprechen zu f\u00f6rdern. Organisches Wachstum der ganzheitlichen Weltanschauung von disruptiven Innovationen durch Diversit\u00e4t und Empowerment am Arbeitsplatz.<\/p>\n","protected":false},"author":1,"featured_media":0,"parent":0,"menu_order":0,"comment_status":"closed","ping_status":"closed","template":"page-vc.php","meta":{"footnotes":""},"class_list":["post-16366","page","type-page","status-publish","hentry"],"yoast_head":"<!-- This site is optimized with the Yoast SEO plugin v20.7 - https:\/\/yoast.com\/wordpress\/plugins\/seo\/ -->\n<title>CROekspres<\/title>\n<meta name=\"robots\" content=\"index, follow, max-snippet:-1, max-image-preview:large, max-video-preview:-1\" \/>\n<link rel=\"canonical\" href=\"https:\/\/www.croekspres.hr\/de\/ihr-logistiklexikon\/\" \/>\n<meta property=\"og:locale\" content=\"de_DE\" \/>\n<meta property=\"og:type\" content=\"article\" \/>\n<meta property=\"og:description\" content=\"Nutzen Sie agile Frameworks, um eine robuste Zusammenfassung f\u00fcr allgemeine \u00dcbersichten bereitzustellen. Iterative Ans\u00e4tze zur Unternehmensstrategie f\u00f6rdern kooperatives Denken, um das gesamte Wertversprechen zu f\u00f6rdern. Organisches Wachstum der ganzheitlichen Weltanschauung von disruptiven Innovationen durch Diversit\u00e4t und Empowerment am Arbeitsplatz.\" \/>\n<meta property=\"og:url\" content=\"https:\/\/www.croekspres.hr\/de\/ihr-logistiklexikon\/\" \/>\n<meta property=\"og:site_name\" content=\"CROekspres\" \/>\n<meta property=\"article:modified_time\" content=\"2023-05-02T10:44:24+00:00\" \/>\n<meta property=\"og:image\" content=\"https:\/\/www.croekspres.hr\/wp-content\/uploads\/2023\/04\/rm381-04a-scaled.jpg\" \/>\n\t<meta property=\"og:image:width\" content=\"2560\" \/>\n\t<meta property=\"og:image:height\" content=\"1706\" \/>\n\t<meta property=\"og:image:type\" content=\"image\/jpeg\" \/>\n<meta name=\"twitter:card\" content=\"summary_large_image\" \/>\n<meta name=\"twitter:label1\" content=\"Gesch\u00e4tzte Lesezeit\" \/>\n\t<meta name=\"twitter:data1\" content=\"4\u00a0Minuten\" \/>\n<script type=\"application\/ld+json\" class=\"yoast-schema-graph\">{\"@context\":\"https:\/\/schema.org\",\"@graph\":[{\"@type\":\"WebPage\",\"@id\":\"https:\/\/www.croekspres.hr\/de\/ihr-logistiklexikon\/\",\"url\":\"https:\/\/www.croekspres.hr\/de\/ihr-logistiklexikon\/\",\"name\":\"\",\"isPartOf\":{\"@id\":\"https:\/\/mail.ortopedijaideal.hr\/#website\"},\"datePublished\":\"2023-03-16T14:09:52+00:00\",\"dateModified\":\"2023-05-02T10:44:24+00:00\",\"inLanguage\":\"de\",\"potentialAction\":[{\"@type\":\"ReadAction\",\"target\":[\"https:\/\/www.croekspres.hr\/de\/ihr-logistiklexikon\/\"]}]},{\"@type\":\"WebSite\",\"@id\":\"https:\/\/mail.ortopedijaideal.hr\/#website\",\"url\":\"https:\/\/mail.ortopedijaideal.hr\/\",\"name\":\"CROekspres\",\"description\":\"Anytime, Anywhere\",\"publisher\":{\"@id\":\"https:\/\/mail.ortopedijaideal.hr\/#organization\"},\"potentialAction\":[{\"@type\":\"SearchAction\",\"target\":{\"@type\":\"EntryPoint\",\"urlTemplate\":\"https:\/\/mail.ortopedijaideal.hr\/?s={search_term_string}\"},\"query-input\":\"required name=search_term_string\"}],\"inLanguage\":\"de\"},{\"@type\":\"Organization\",\"@id\":\"https:\/\/mail.ortopedijaideal.hr\/#organization\",\"name\":\"Cro Ekspres d.o.o.\",\"url\":\"https:\/\/mail.ortopedijaideal.hr\/\",\"logo\":{\"@type\":\"ImageObject\",\"inLanguage\":\"de\",\"@id\":\"https:\/\/mail.ortopedijaideal.hr\/#\/schema\/logo\/image\/\",\"url\":\"\/wp-content\/uploads\/2023\/03\/Cro-ekspres-logo-new.png\",\"contentUrl\":\"\/wp-content\/uploads\/2023\/03\/Cro-ekspres-logo-new.png\",\"width\":200,\"height\":166,\"caption\":\"Cro Ekspres d.o.o.\"},\"image\":{\"@id\":\"https:\/\/mail.ortopedijaideal.hr\/#\/schema\/logo\/image\/\"}}]}<\/script>\n<!-- \/ Yoast SEO plugin. -->","yoast_head_json":{"title":"CROekspres","robots":{"index":"index","follow":"follow","max-snippet":"max-snippet:-1","max-image-preview":"max-image-preview:large","max-video-preview":"max-video-preview:-1"},"canonical":"https:\/\/www.croekspres.hr\/de\/ihr-logistiklexikon\/","og_locale":"de_DE","og_type":"article","og_description":"Nutzen Sie agile Frameworks, um eine robuste Zusammenfassung f\u00fcr allgemeine \u00dcbersichten bereitzustellen. Iterative Ans\u00e4tze zur Unternehmensstrategie f\u00f6rdern kooperatives Denken, um das gesamte Wertversprechen zu f\u00f6rdern. Organisches Wachstum der ganzheitlichen Weltanschauung von disruptiven Innovationen durch Diversit\u00e4t und Empowerment am Arbeitsplatz.","og_url":"https:\/\/www.croekspres.hr\/de\/ihr-logistiklexikon\/","og_site_name":"CROekspres","article_modified_time":"2023-05-02T10:44:24+00:00","og_image":[{"width":2560,"height":1706,"url":"https:\/\/www.croekspres.hr\/wp-content\/uploads\/2023\/04\/rm381-04a-scaled.jpg","type":"image\/jpeg"}],"twitter_card":"summary_large_image","twitter_misc":{"Gesch\u00e4tzte Lesezeit":"4\u00a0Minuten"},"schema":{"@context":"https:\/\/schema.org","@graph":[{"@type":"WebPage","@id":"https:\/\/www.croekspres.hr\/de\/ihr-logistiklexikon\/","url":"https:\/\/www.croekspres.hr\/de\/ihr-logistiklexikon\/","name":"","isPartOf":{"@id":"https:\/\/mail.ortopedijaideal.hr\/#website"},"datePublished":"2023-03-16T14:09:52+00:00","dateModified":"2023-05-02T10:44:24+00:00","inLanguage":"de","potentialAction":[{"@type":"ReadAction","target":["https:\/\/www.croekspres.hr\/de\/ihr-logistiklexikon\/"]}]},{"@type":"WebSite","@id":"https:\/\/mail.ortopedijaideal.hr\/#website","url":"https:\/\/mail.ortopedijaideal.hr\/","name":"CROekspres","description":"Anytime, Anywhere","publisher":{"@id":"https:\/\/mail.ortopedijaideal.hr\/#organization"},"potentialAction":[{"@type":"SearchAction","target":{"@type":"EntryPoint","urlTemplate":"https:\/\/mail.ortopedijaideal.hr\/?s={search_term_string}"},"query-input":"required name=search_term_string"}],"inLanguage":"de"},{"@type":"Organization","@id":"https:\/\/mail.ortopedijaideal.hr\/#organization","name":"Cro Ekspres d.o.o.","url":"https:\/\/mail.ortopedijaideal.hr\/","logo":{"@type":"ImageObject","inLanguage":"de","@id":"https:\/\/mail.ortopedijaideal.hr\/#\/schema\/logo\/image\/","url":"\/wp-content\/uploads\/2023\/03\/Cro-ekspres-logo-new.png","contentUrl":"\/wp-content\/uploads\/2023\/03\/Cro-ekspres-logo-new.png","width":200,"height":166,"caption":"Cro Ekspres d.o.o."},"image":{"@id":"https:\/\/mail.ortopedijaideal.hr\/#\/schema\/logo\/image\/"}}]}},"_links":{"self":[{"href":"https:\/\/www.croekspres.hr\/de\/wp-json\/wp\/v2\/pages\/16366","targetHints":{"allow":["GET"]}}],"collection":[{"href":"https:\/\/www.croekspres.hr\/de\/wp-json\/wp\/v2\/pages"}],"about":[{"href":"https:\/\/www.croekspres.hr\/de\/wp-json\/wp\/v2\/types\/page"}],"author":[{"embeddable":true,"href":"https:\/\/www.croekspres.hr\/de\/wp-json\/wp\/v2\/users\/1"}],"replies":[{"embeddable":true,"href":"https:\/\/www.croekspres.hr\/de\/wp-json\/wp\/v2\/comments?post=16366"}],"version-history":[{"count":2,"href":"https:\/\/www.croekspres.hr\/de\/wp-json\/wp\/v2\/pages\/16366\/revisions"}],"predecessor-version":[{"id":16670,"href":"https:\/\/www.croekspres.hr\/de\/wp-json\/wp\/v2\/pages\/16366\/revisions\/16670"}],"wp:attachment":[{"href":"https:\/\/www.croekspres.hr\/de\/wp-json\/wp\/v2\/media?parent=16366"}],"curies":[{"name":"wp","href":"https:\/\/api.w.org\/{rel}","templated":true}]}}