{"id":16312,"date":"2023-03-20T09:07:02","date_gmt":"2023-03-20T09:07:02","guid":{"rendered":"https:\/\/croekspres.kuhada.agency\/allgemeine-geschaeftsbedingungen\/"},"modified":"2023-05-02T10:51:50","modified_gmt":"2023-05-02T10:51:50","slug":"allgemeine-geschaeftsbedingungen","status":"publish","type":"page","link":"https:\/\/www.croekspres.hr\/de\/allgemeine-geschaeftsbedingungen\/","title":{"rendered":"Allgemeine Gesch\u00e4ftsbedingungen"},"content":{"rendered":"<p>[vc_section][vc_row][vc_column]<h1 id=\"et-animated-title-1\" class=\"et-animated-title et-clearfix  curtain curtain-left\" data-mobile-font=\"inherit\" data-tablet-font=\"inherit\" data-delay=\"0\" style=\"font-weight:700;color:#212121;\"><span class=\"text-wrapper\"><span class=\"text\">ALLGEMEINE GESCH\u00c4FTSBEDINGUNGEN DES BEF\u00d6RDERERS CRO EKSPRES doo IM INLANDSVERKEHR<\/span><span class=\"curtain\" style=\"background-color:#a61a27;\"><\/span><\/span><\/h1><div class=\"gap et-clearfix \" style=\"height:32px\"><\/div>[vc_column_text]<\/p>\n<p style=\"text-align: justify;\"><strong>1. Mit der Annahme des Angebots schlie\u00dft der Absender (Besteller des Transports) einen Bef\u00f6rderungsvertrag mit dem Bef\u00f6rderer ab<\/strong> und verpflichtet sich, die im Angebot angegebenen Transportkosten zu bezahlen, und der Bef\u00f6rderer verpflichtet sich, die zum Transport \u00fcbergebenen Gegenst\u00e4nde in der angegebenen Weise zu \u00fcbergeben im Angebot, an den Absender oder an den vom Absender angegebenen Empf\u00e4nger. Durch die \u00dcbergabe der Sendung an den Absender oder den vom Absender benannten Empf\u00e4nger entbindet sich der Absender nicht von der Verpflichtung zur Zahlung des vereinbarten Transportentgelts, sondern garantiert mit dem Empf\u00e4nger gesamtschuldnerisch die \u00dcbernahme der Transportkosten aus dem Angebot innerhalb der Frist.<\/p>\n<p style=\"text-align: justify;\"><strong>2. Mit Abschluss eines Bef\u00f6rderungsvertrages verpflichtet sich der Bef\u00f6rderer, nur die im Angebot genannten Leistungen zu erbringen.<\/strong><\/p>\n<p style=\"text-align: left;\"><strong>3.<\/strong> <strong>Durch den Abschluss eines Bef\u00f6rderungsvertrages erm\u00e4chtigt der Absender den Bef\u00f6rderer, in seinem Namen und auf seine Kosten einen Bef\u00f6rderungsvertrag mit anderen Bef\u00f6rderern abzuschlie\u00dfen<\/strong> und dem Absender die Weiterbef\u00f6rderung der G\u00fcter zum gew\u00fcnschten Bestimmungsort auf dem geeignetsten Weg zu erm\u00f6glichen und Bef\u00f6rderer gem\u00e4\u00df den Bedingungen des Angebots oder des Bef\u00f6rderungsvertrags. Jede Vermittlungsleistung mit anderen Bef\u00f6rderern gem\u00e4\u00df den Bedingungen der Vollmacht aus diesem Punkt der Allgemeinen Gesch\u00e4ftsbedingungen ist im Endpreis des angenommenen Angebots aus Punkt 1 enthalten. dieser Bedingungen und k\u00f6nnen nicht zu einer Erh\u00f6hung des vom Versender durch Annahme des Angebots gezahlten und vertraglich vereinbarten Preises f\u00fchren, unabh\u00e4ngig davon, ob die angegebene Leistung im Angebot gesondert ausgewiesen ist. Wenn auf besonderen und\/oder zus\u00e4tzlichen Wunsch und\/oder aufgrund besonderer Bed\u00fcrfnisse und\/oder zus\u00e4tzlicher W\u00fcnsche des Absenders eine andere Bef\u00f6rderungsrichtung und\/oder ein anderer Bef\u00f6rderer gew\u00e4hlt wird als der vom Bef\u00f6rderer aufgrund der Vollmacht gew\u00e4hlte Abweichend von diesen Allgemeinen Gesch\u00e4ftsbedingungen ist der Gesamtpreis des Angebots freibleibend.<\/p>\n<p style=\"text-align: justify;\"><strong>4. Der Transport gilt als ordnungsgem\u00e4\u00df durchgef\u00fchrt, wenn der Absender oder Empf\u00e4nger am Bestimmungsort oder am Ort der \u00dcbergabe zum Transport an einen anderen durch Abschluss dieser Allgemeinen Bedingungen ausgew\u00e4hlten Frachtf\u00fchrer keine schriftliche<\/strong> Best\u00e4tigung der Identit\u00e4t der gelieferten Gegenst\u00e4nde verlangt und die Feststellung von Sch\u00e4den oder sonstigen M\u00e4ngeln, die der Frachtf\u00fchrer zu vertreten hat, innerhalb der Frist unverz\u00fcglich nach Erhalt der gelieferten Sachen.<\/p>\n<p style=\"text-align: justify;\"><strong>5. Mit Abschluss eines Bef\u00f6rderungsvertrages \u00fcbernimmt der Absender die beschr\u00e4nkte Haftung des Frachtf\u00fchrers f\u00fcr die vom Frachtf\u00fchrer zu vertretende Transportverz\u00f6gerung in H\u00f6he von 1\/10 der H\u00f6he des vereinbarten Bef\u00f6rderungsentgeltes<\/strong> f\u00fcr jeden Tag der \u00dcberschreitung der im Angebot angegebenen Lieferfrist, begrenzt durch die H\u00f6he des vereinbarten Entgelts f\u00fcr den Einzeltransport.<\/p>\n<p style=\"text-align: justify;\"><strong>6.<\/strong> <strong>Ersatz aller Formen materieller und\/oder immaterieller Sch\u00e4den durch Verlust oder Besch\u00e4digung von G\u00fctern, einschlie\u00dflich aller weiteren indirekten und\/oder direkten Sch\u00e4den, die sich aus dem Ereignis ergeben<\/strong> die der Bef\u00f6rderer zu vertreten hat, ist insgesamt auf den Wert der verlorenen und\/oder besch\u00e4digten G\u00fcter begrenzt, wobei, wenn der Absender den Wert der zur Bef\u00f6rderung \u00fcbergebenen G\u00fcter bei Abschluss des Vertrages nicht angibt, unwiderruflich davon ausgegangen wird, dass die Der Gesamtwert der zum Transport \u00fcbergebenen Waren betr\u00e4gt 2.000,00 HRK, dieser Betrag gilt als vereinbarte Begrenzung der Haftungssumme, die von der Person, die den Transport bestellt, so angegeben wird.<\/p>\n<p style=\"text-align: justify;\"><strong>7.<\/strong> <strong>Die Vertragsparteien vereinbaren, dass durch die Annahme dieser Allgemeinen Bedingungen jegliche Haftung des Bef\u00f6rderers f\u00fcr Sch\u00e4den ausgeschlossen wird<\/strong> (mittelbar und\/oder unmittelbar in allen Formen) durch Versp\u00e4tung und\/oder Verlust von G\u00fctern, wenn diese auf Umst\u00e4nde zur\u00fcckzuf\u00fchren sind, die der Frachtf\u00fchrer nicht vorhersehen konnte und deren Folgen er nicht abwenden konnte, insbesondere Diebstahl, wenn der Transportauftrag und das angenommene Angebot nicht ausdr\u00fccklich darauf hinweist, dass es sich um Waren handelt, die Gegenstand eines Diebstahls sein k\u00f6nnten, oder es gab keine Angaben zum Wert der Waren, die auf die Notwendigkeit zus\u00e4tzlicher Vorsichtsma\u00dfnahmen oder einer separaten Versicherung der Sendung durch den Spediteur hinweisen k\u00f6nnten, oder wenn der Verlust , Besch\u00e4digung und\/oder Versp\u00e4tung auf ein Verschulden des Transportbestellers und\/oder des Berechtigten an der Ware zur\u00fcckzuf\u00fchren sind, insbesondere wenn der Kunde oder der Berechtigte trotz Mahnung des Frachtf\u00fchrers auf die M\u00e4ngel der Ware an der Bestellung festhielt Waren, Verpackungsm\u00e4ngel, die Ungeeignetheit der Warenart f\u00fcr den konkreten Transport oder andere Warnungen, die im Spediteur und\/oder in schriftlicher Mitteilung des Auftragnehmers vermerkt sind.<\/p>\n<p style=\"text-align: justify;\"><strong>8.<\/strong> <strong>Die etwaige Unwirksamkeit einzelner Bestimmungen dieser Allgemeinen Gesch\u00e4ftsbedingungen und\/oder ihrer einzelnen Teile ber\u00fchrt nicht den Bestand der \u00fcbrigen Bestimmungen dieser Bedingungen<\/strong> und des abgeschlossenen Bef\u00f6rderungsvertrages, wobei sich Auftragnehmer verpflichten, die unwirksamen Bestimmungen und\/oder deren Teile durch angemessene zu ersetzen, insbesondere unter Ber\u00fccksichtigung des angemessenen Verh\u00e4ltnisses der wirtschaftlichen Rentabilit\u00e4t des Individualtransports zum vom Auftraggeber angegebenen Warenwert .<\/p>\n<p style=\"text-align: justify;\"><strong>9.<\/strong> <strong>durch Abschluss eines Bef\u00f6rderungsvertrages f\u00fcr alle Streitigkeiten zwecks Zahlung der vereinbarten Verg\u00fctung f\u00fcr die durchgef\u00fchrte Bef\u00f6rderung, Schadensersatz gegen den Frachtf\u00fchrer<\/strong> sowie sonstige sich mittelbar und\/oder unmittelbar ergebende Streitigkeiten im Zusammenhang mit der vertraglich vereinbarten Bef\u00f6rderung, und Ausgehend von diesen Allgemeinen Gesch\u00e4ftsbedingungen ist der Gerichtsstand des tats\u00e4chlich zust\u00e4ndigen Gerichts auch der aus diesen Allgemeinen Bedingungen vertraglich vereinbarte Sitz des Bef\u00f6rderers!<\/p>\n<p>[\/vc_column_text][\/vc_column][\/vc_row][vc_row][vc_column]<div class=\"gap et-clearfix \" style=\"height:32px\"><\/div>[\/vc_column][\/vc_row][\/vc_section]<\/p>\n","protected":false},"excerpt":{"rendered":"<p>Nutzen Sie agile Frameworks, um eine robuste Zusammenfassung f\u00fcr allgemeine \u00dcbersichten bereitzustellen. Iterative Ans\u00e4tze zur Unternehmensstrategie f\u00f6rdern kooperatives Denken, um das gesamte Wertversprechen zu f\u00f6rdern. Organisches Wachstum der ganzheitlichen Weltanschauung von disruptiven Innovationen durch Diversit\u00e4t und Empowerment am Arbeitsplatz.<\/p>\n","protected":false},"author":1,"featured_media":0,"parent":0,"menu_order":0,"comment_status":"closed","ping_status":"closed","template":"page-vc.php","meta":{"footnotes":""},"class_list":["post-16312","page","type-page","status-publish","hentry"],"yoast_head":"<!-- This site is optimized with the Yoast SEO plugin v20.7 - https:\/\/yoast.com\/wordpress\/plugins\/seo\/ -->\n<title>Allgemeine Gesch\u00e4ftsbedingungen - CROekspres<\/title>\n<meta name=\"robots\" content=\"index, follow, max-snippet:-1, max-image-preview:large, max-video-preview:-1\" \/>\n<link rel=\"canonical\" href=\"https:\/\/www.croekspres.hr\/de\/allgemeine-geschaeftsbedingungen\/\" \/>\n<meta property=\"og:locale\" content=\"de_DE\" \/>\n<meta property=\"og:type\" content=\"article\" \/>\n<meta property=\"og:title\" content=\"Allgemeine Gesch\u00e4ftsbedingungen - CROekspres\" \/>\n<meta property=\"og:description\" content=\"Nutzen Sie agile Frameworks, um eine robuste Zusammenfassung f\u00fcr allgemeine \u00dcbersichten bereitzustellen. Iterative Ans\u00e4tze zur Unternehmensstrategie f\u00f6rdern kooperatives Denken, um das gesamte Wertversprechen zu f\u00f6rdern. Organisches Wachstum der ganzheitlichen Weltanschauung von disruptiven Innovationen durch Diversit\u00e4t und Empowerment am Arbeitsplatz.\" \/>\n<meta property=\"og:url\" content=\"https:\/\/www.croekspres.hr\/de\/allgemeine-geschaeftsbedingungen\/\" \/>\n<meta property=\"og:site_name\" content=\"CROekspres\" \/>\n<meta property=\"article:modified_time\" content=\"2023-05-02T10:51:50+00:00\" \/>\n<meta property=\"og:image\" content=\"https:\/\/www.croekspres.hr\/wp-content\/uploads\/2023\/04\/rm381-04a-scaled.jpg\" \/>\n\t<meta property=\"og:image:width\" content=\"2560\" \/>\n\t<meta property=\"og:image:height\" content=\"1706\" \/>\n\t<meta property=\"og:image:type\" content=\"image\/jpeg\" \/>\n<meta name=\"twitter:card\" content=\"summary_large_image\" \/>\n<meta name=\"twitter:label1\" content=\"Gesch\u00e4tzte Lesezeit\" \/>\n\t<meta name=\"twitter:data1\" content=\"5\u00a0Minuten\" \/>\n<script type=\"application\/ld+json\" class=\"yoast-schema-graph\">{\"@context\":\"https:\/\/schema.org\",\"@graph\":[{\"@type\":\"WebPage\",\"@id\":\"https:\/\/www.croekspres.hr\/de\/allgemeine-geschaeftsbedingungen\/\",\"url\":\"https:\/\/www.croekspres.hr\/de\/allgemeine-geschaeftsbedingungen\/\",\"name\":\"Allgemeine Gesch\u00e4ftsbedingungen - CROekspres\",\"isPartOf\":{\"@id\":\"https:\/\/mail.ortopedijaideal.hr\/#website\"},\"datePublished\":\"2023-03-20T09:07:02+00:00\",\"dateModified\":\"2023-05-02T10:51:50+00:00\",\"inLanguage\":\"de\",\"potentialAction\":[{\"@type\":\"ReadAction\",\"target\":[\"https:\/\/www.croekspres.hr\/de\/allgemeine-geschaeftsbedingungen\/\"]}]},{\"@type\":\"WebSite\",\"@id\":\"https:\/\/mail.ortopedijaideal.hr\/#website\",\"url\":\"https:\/\/mail.ortopedijaideal.hr\/\",\"name\":\"CROekspres\",\"description\":\"Anytime, Anywhere\",\"publisher\":{\"@id\":\"https:\/\/mail.ortopedijaideal.hr\/#organization\"},\"potentialAction\":[{\"@type\":\"SearchAction\",\"target\":{\"@type\":\"EntryPoint\",\"urlTemplate\":\"https:\/\/mail.ortopedijaideal.hr\/?s={search_term_string}\"},\"query-input\":\"required name=search_term_string\"}],\"inLanguage\":\"de\"},{\"@type\":\"Organization\",\"@id\":\"https:\/\/mail.ortopedijaideal.hr\/#organization\",\"name\":\"Cro Ekspres d.o.o.\",\"url\":\"https:\/\/mail.ortopedijaideal.hr\/\",\"logo\":{\"@type\":\"ImageObject\",\"inLanguage\":\"de\",\"@id\":\"https:\/\/mail.ortopedijaideal.hr\/#\/schema\/logo\/image\/\",\"url\":\"\/wp-content\/uploads\/2023\/03\/Cro-ekspres-logo-new.png\",\"contentUrl\":\"\/wp-content\/uploads\/2023\/03\/Cro-ekspres-logo-new.png\",\"width\":200,\"height\":166,\"caption\":\"Cro Ekspres d.o.o.\"},\"image\":{\"@id\":\"https:\/\/mail.ortopedijaideal.hr\/#\/schema\/logo\/image\/\"}}]}<\/script>\n<!-- \/ Yoast SEO plugin. -->","yoast_head_json":{"title":"Allgemeine Gesch\u00e4ftsbedingungen - CROekspres","robots":{"index":"index","follow":"follow","max-snippet":"max-snippet:-1","max-image-preview":"max-image-preview:large","max-video-preview":"max-video-preview:-1"},"canonical":"https:\/\/www.croekspres.hr\/de\/allgemeine-geschaeftsbedingungen\/","og_locale":"de_DE","og_type":"article","og_title":"Allgemeine Gesch\u00e4ftsbedingungen - CROekspres","og_description":"Nutzen Sie agile Frameworks, um eine robuste Zusammenfassung f\u00fcr allgemeine \u00dcbersichten bereitzustellen. Iterative Ans\u00e4tze zur Unternehmensstrategie f\u00f6rdern kooperatives Denken, um das gesamte Wertversprechen zu f\u00f6rdern. Organisches Wachstum der ganzheitlichen Weltanschauung von disruptiven Innovationen durch Diversit\u00e4t und Empowerment am Arbeitsplatz.","og_url":"https:\/\/www.croekspres.hr\/de\/allgemeine-geschaeftsbedingungen\/","og_site_name":"CROekspres","article_modified_time":"2023-05-02T10:51:50+00:00","og_image":[{"width":2560,"height":1706,"url":"https:\/\/www.croekspres.hr\/wp-content\/uploads\/2023\/04\/rm381-04a-scaled.jpg","type":"image\/jpeg"}],"twitter_card":"summary_large_image","twitter_misc":{"Gesch\u00e4tzte Lesezeit":"5\u00a0Minuten"},"schema":{"@context":"https:\/\/schema.org","@graph":[{"@type":"WebPage","@id":"https:\/\/www.croekspres.hr\/de\/allgemeine-geschaeftsbedingungen\/","url":"https:\/\/www.croekspres.hr\/de\/allgemeine-geschaeftsbedingungen\/","name":"Allgemeine Gesch\u00e4ftsbedingungen - CROekspres","isPartOf":{"@id":"https:\/\/mail.ortopedijaideal.hr\/#website"},"datePublished":"2023-03-20T09:07:02+00:00","dateModified":"2023-05-02T10:51:50+00:00","inLanguage":"de","potentialAction":[{"@type":"ReadAction","target":["https:\/\/www.croekspres.hr\/de\/allgemeine-geschaeftsbedingungen\/"]}]},{"@type":"WebSite","@id":"https:\/\/mail.ortopedijaideal.hr\/#website","url":"https:\/\/mail.ortopedijaideal.hr\/","name":"CROekspres","description":"Anytime, Anywhere","publisher":{"@id":"https:\/\/mail.ortopedijaideal.hr\/#organization"},"potentialAction":[{"@type":"SearchAction","target":{"@type":"EntryPoint","urlTemplate":"https:\/\/mail.ortopedijaideal.hr\/?s={search_term_string}"},"query-input":"required name=search_term_string"}],"inLanguage":"de"},{"@type":"Organization","@id":"https:\/\/mail.ortopedijaideal.hr\/#organization","name":"Cro Ekspres d.o.o.","url":"https:\/\/mail.ortopedijaideal.hr\/","logo":{"@type":"ImageObject","inLanguage":"de","@id":"https:\/\/mail.ortopedijaideal.hr\/#\/schema\/logo\/image\/","url":"\/wp-content\/uploads\/2023\/03\/Cro-ekspres-logo-new.png","contentUrl":"\/wp-content\/uploads\/2023\/03\/Cro-ekspres-logo-new.png","width":200,"height":166,"caption":"Cro Ekspres d.o.o."},"image":{"@id":"https:\/\/mail.ortopedijaideal.hr\/#\/schema\/logo\/image\/"}}]}},"_links":{"self":[{"href":"https:\/\/www.croekspres.hr\/de\/wp-json\/wp\/v2\/pages\/16312","targetHints":{"allow":["GET"]}}],"collection":[{"href":"https:\/\/www.croekspres.hr\/de\/wp-json\/wp\/v2\/pages"}],"about":[{"href":"https:\/\/www.croekspres.hr\/de\/wp-json\/wp\/v2\/types\/page"}],"author":[{"embeddable":true,"href":"https:\/\/www.croekspres.hr\/de\/wp-json\/wp\/v2\/users\/1"}],"replies":[{"embeddable":true,"href":"https:\/\/www.croekspres.hr\/de\/wp-json\/wp\/v2\/comments?post=16312"}],"version-history":[{"count":2,"href":"https:\/\/www.croekspres.hr\/de\/wp-json\/wp\/v2\/pages\/16312\/revisions"}],"predecessor-version":[{"id":16676,"href":"https:\/\/www.croekspres.hr\/de\/wp-json\/wp\/v2\/pages\/16312\/revisions\/16676"}],"wp:attachment":[{"href":"https:\/\/www.croekspres.hr\/de\/wp-json\/wp\/v2\/media?parent=16312"}],"curies":[{"name":"wp","href":"https:\/\/api.w.org\/{rel}","templated":true}]}}