{"id":16292,"date":"2023-03-16T14:13:22","date_gmt":"2023-03-16T14:13:22","guid":{"rendered":"https:\/\/croekspres.kuhada.agency\/lesen-sie-mehr-ueber-das-leben-in-cro-ekspres\/"},"modified":"2023-05-02T10:46:52","modified_gmt":"2023-05-02T10:46:52","slug":"lesen-sie-mehr-ueber-das-leben-in-cro-ekspres","status":"publish","type":"page","link":"https:\/\/www.croekspres.hr\/de\/lesen-sie-mehr-ueber-das-leben-in-cro-ekspres\/","title":{"rendered":"Lesen Sie mehr \u00fcber das Leben in Cro Ekspres"},"content":{"rendered":"<p>[vc_section][vc_row gap=&#8220;80&#8243; content_placement=&#8220;middle&#8220; css_animation=&#8220;fadeIn&#8220; css=&#8220;.vc_custom_1532424606103{padding-top: 40px !important;padding-bottom: 64px !important;}&#8220;][vc_column animation_delay=&#8220;0&#8243; offset=&#8220;vc_col-lg-6 vc_col-md-6 vc_col-xs-12&#8243;]<div class=\"et-braket-block-wrapper\"><style>#et-braket-block-1 .braket-title {font-weight:700;color:#212121;}#et-braket-block-1 .braket-sub-title {color:#9a9a9a;}#et-braket-block-1 .braket-button {color:#212121 !important;}#et-braket-block-1 .braket-button:hover {color:#ffffff !important;}#et-braket-block-1 .braket-button:before {box-shadow:inset 0 0 0 1px #212121;}#et-braket-block-1 .braket-button:after {background-color:#fd8c40;}#et-braket-block-1 .braket > div:first-child,\r\n\t\t\t\t\t\t#et-braket-block-1 .braket > div:last-child,\r\n\t\t\t\t\t\t#et-braket-block-1 .braket > div:nth-child(2) > span  {background-color:#fd8c40;}<\/style><div id=\"et-braket-block-1\" data-delay=\"0\" class=\"et-braket-block left \"><div class=\"braket-block-inner et-clearfix\"><div class=\"braket\"><div><\/div><div><span><\/span><\/div><div><\/div><\/div><div class=\"braket-block-content\"><h1 class=\"braket-title\" data-mobile-font=\"inherit\" data-tablet-font=\"inherit\">Lesen Sie mehr \u00fcber das Leben in Cro Ekspres<\/h1><\/div><\/div><div class=\"braket-block-content text et-clearfix\"><\/div><\/div><\/div><div class=\"gap et-clearfix \" style=\"height:32px\"><\/div>[vc_wp_text]<span style=\"font-weight: 400;\">Wie ist es, mit uns bei Cro Ekspres zu arbeiten und zu wachsen?<\/span><\/p>\n<p><span style=\"font-weight: 400;\">Wir setzen uns sehr daf\u00fcr ein, ein vielf\u00e4ltiges Arbeitsumfeld voller Vorteile f\u00fcr unsere Mitarbeiter zu schaffen. Wir haben keine Angst davor, Ver\u00e4nderungen voranzutreiben, und die Verbesserung unserer F\u00e4higkeiten ist unerl\u00e4sslich, wenn wir weiterhin f\u00fchrend in unserem Gesch\u00e4ft sein wollen. Das hei\u00dft, wir sind gespannt, welche neuen Ideen Sie mitbringen. Bei Cro Ekspres z\u00e4hlt Ihr Beitrag wirklich.<\/span><\/p>\n<p><span style=\"font-weight: 400;\">Indem Sie mit uns zusammenarbeiten, arbeiten Sie mit der Welt. Sie sind Teil eines lokalen und globalen Umfelds und arbeiten mit Kunden und Partnern auf der ganzen Welt zusammen. Wir f\u00f6rdern die Entwicklung Ihrer Talente, investieren in die st\u00e4ndige Erweiterung Ihres Wissens, damit Sie bei uns optimal wachsen.<\/span><\/p>\n<p><span style=\"font-weight: 400;\">Ob wir alles tun, um unseren Kunden den bestm\u00f6glichen Service zu bieten, bessere M\u00f6glichkeiten finden, uns um unsere Mitarbeiter zu k\u00fcmmern, oder Nachhaltigkeitsinitiativen starten, wir wollen unserer Verantwortung immer gerecht werden und f\u00fcr morgen besser sein.<\/span>[\/vc_wp_text][\/vc_column][vc_column animation_delay=&#8220;0&#8243; offset=&#8220;vc_col-lg-6 vc_col-md-6 vc_col-xs-12&#8243;]<div class=\"gap et-clearfix \" style=\"height:32px\"><\/div>[vc_single_image image=&#8220;15020&#8243; img_size=&#8220;700&#215;800&#8243; alignment=&#8220;right&#8220; css_animation=&#8220;fadeInLeft&#8220;][\/vc_column][\/vc_row][\/vc_section]<\/p>\n","protected":false},"excerpt":{"rendered":"<p>Nutzen Sie agile Frameworks, um eine robuste Zusammenfassung f\u00fcr allgemeine \u00dcbersichten bereitzustellen. Iterative Ans\u00e4tze zur Unternehmensstrategie f\u00f6rdern kooperatives Denken, um das gesamte Wertversprechen zu f\u00f6rdern. Organisches Wachstum der ganzheitlichen Weltanschauung von disruptiven Innovationen durch Diversit\u00e4t und Empowerment am Arbeitsplatz.<\/p>\n","protected":false},"author":1,"featured_media":0,"parent":0,"menu_order":0,"comment_status":"closed","ping_status":"closed","template":"page-vc.php","meta":{"footnotes":""},"class_list":["post-16292","page","type-page","status-publish","hentry"],"yoast_head":"<!-- This site is optimized with the Yoast SEO plugin v20.7 - https:\/\/yoast.com\/wordpress\/plugins\/seo\/ -->\n<title>Lesen Sie mehr \u00fcber das Leben in Cro Ekspres - CROekspres<\/title>\n<meta name=\"robots\" content=\"index, follow, max-snippet:-1, max-image-preview:large, max-video-preview:-1\" \/>\n<link rel=\"canonical\" href=\"https:\/\/www.croekspres.hr\/de\/lesen-sie-mehr-ueber-das-leben-in-cro-ekspres\/\" \/>\n<meta property=\"og:locale\" content=\"de_DE\" \/>\n<meta property=\"og:type\" content=\"article\" \/>\n<meta property=\"og:title\" content=\"Lesen Sie mehr \u00fcber das Leben in Cro Ekspres - CROekspres\" \/>\n<meta property=\"og:description\" content=\"Nutzen Sie agile Frameworks, um eine robuste Zusammenfassung f\u00fcr allgemeine \u00dcbersichten bereitzustellen. Iterative Ans\u00e4tze zur Unternehmensstrategie f\u00f6rdern kooperatives Denken, um das gesamte Wertversprechen zu f\u00f6rdern. Organisches Wachstum der ganzheitlichen Weltanschauung von disruptiven Innovationen durch Diversit\u00e4t und Empowerment am Arbeitsplatz.\" \/>\n<meta property=\"og:url\" content=\"https:\/\/www.croekspres.hr\/de\/lesen-sie-mehr-ueber-das-leben-in-cro-ekspres\/\" \/>\n<meta property=\"og:site_name\" content=\"CROekspres\" \/>\n<meta property=\"article:modified_time\" content=\"2023-05-02T10:46:52+00:00\" \/>\n<meta property=\"og:image\" content=\"https:\/\/www.croekspres.hr\/wp-content\/uploads\/2023\/04\/rm381-04a-scaled.jpg\" \/>\n\t<meta property=\"og:image:width\" content=\"2560\" \/>\n\t<meta property=\"og:image:height\" content=\"1706\" \/>\n\t<meta property=\"og:image:type\" content=\"image\/jpeg\" \/>\n<meta name=\"twitter:card\" content=\"summary_large_image\" \/>\n<meta name=\"twitter:label1\" content=\"Gesch\u00e4tzte Lesezeit\" \/>\n\t<meta name=\"twitter:data1\" content=\"2\u00a0Minuten\" \/>\n<script type=\"application\/ld+json\" class=\"yoast-schema-graph\">{\"@context\":\"https:\/\/schema.org\",\"@graph\":[{\"@type\":\"WebPage\",\"@id\":\"https:\/\/www.croekspres.hr\/de\/lesen-sie-mehr-ueber-das-leben-in-cro-ekspres\/\",\"url\":\"https:\/\/www.croekspres.hr\/de\/lesen-sie-mehr-ueber-das-leben-in-cro-ekspres\/\",\"name\":\"Lesen Sie mehr \u00fcber das Leben in Cro Ekspres - CROekspres\",\"isPartOf\":{\"@id\":\"https:\/\/mail.ortopedijaideal.hr\/#website\"},\"datePublished\":\"2023-03-16T14:13:22+00:00\",\"dateModified\":\"2023-05-02T10:46:52+00:00\",\"inLanguage\":\"de\",\"potentialAction\":[{\"@type\":\"ReadAction\",\"target\":[\"https:\/\/www.croekspres.hr\/de\/lesen-sie-mehr-ueber-das-leben-in-cro-ekspres\/\"]}]},{\"@type\":\"WebSite\",\"@id\":\"https:\/\/mail.ortopedijaideal.hr\/#website\",\"url\":\"https:\/\/mail.ortopedijaideal.hr\/\",\"name\":\"CROekspres\",\"description\":\"Anytime, Anywhere\",\"publisher\":{\"@id\":\"https:\/\/mail.ortopedijaideal.hr\/#organization\"},\"potentialAction\":[{\"@type\":\"SearchAction\",\"target\":{\"@type\":\"EntryPoint\",\"urlTemplate\":\"https:\/\/mail.ortopedijaideal.hr\/?s={search_term_string}\"},\"query-input\":\"required name=search_term_string\"}],\"inLanguage\":\"de\"},{\"@type\":\"Organization\",\"@id\":\"https:\/\/mail.ortopedijaideal.hr\/#organization\",\"name\":\"Cro Ekspres d.o.o.\",\"url\":\"https:\/\/mail.ortopedijaideal.hr\/\",\"logo\":{\"@type\":\"ImageObject\",\"inLanguage\":\"de\",\"@id\":\"https:\/\/mail.ortopedijaideal.hr\/#\/schema\/logo\/image\/\",\"url\":\"\/wp-content\/uploads\/2023\/03\/Cro-ekspres-logo-new.png\",\"contentUrl\":\"\/wp-content\/uploads\/2023\/03\/Cro-ekspres-logo-new.png\",\"width\":200,\"height\":166,\"caption\":\"Cro Ekspres d.o.o.\"},\"image\":{\"@id\":\"https:\/\/mail.ortopedijaideal.hr\/#\/schema\/logo\/image\/\"}}]}<\/script>\n<!-- \/ Yoast SEO plugin. -->","yoast_head_json":{"title":"Lesen Sie mehr \u00fcber das Leben in Cro Ekspres - CROekspres","robots":{"index":"index","follow":"follow","max-snippet":"max-snippet:-1","max-image-preview":"max-image-preview:large","max-video-preview":"max-video-preview:-1"},"canonical":"https:\/\/www.croekspres.hr\/de\/lesen-sie-mehr-ueber-das-leben-in-cro-ekspres\/","og_locale":"de_DE","og_type":"article","og_title":"Lesen Sie mehr \u00fcber das Leben in Cro Ekspres - CROekspres","og_description":"Nutzen Sie agile Frameworks, um eine robuste Zusammenfassung f\u00fcr allgemeine \u00dcbersichten bereitzustellen. Iterative Ans\u00e4tze zur Unternehmensstrategie f\u00f6rdern kooperatives Denken, um das gesamte Wertversprechen zu f\u00f6rdern. Organisches Wachstum der ganzheitlichen Weltanschauung von disruptiven Innovationen durch Diversit\u00e4t und Empowerment am Arbeitsplatz.","og_url":"https:\/\/www.croekspres.hr\/de\/lesen-sie-mehr-ueber-das-leben-in-cro-ekspres\/","og_site_name":"CROekspres","article_modified_time":"2023-05-02T10:46:52+00:00","og_image":[{"width":2560,"height":1706,"url":"https:\/\/www.croekspres.hr\/wp-content\/uploads\/2023\/04\/rm381-04a-scaled.jpg","type":"image\/jpeg"}],"twitter_card":"summary_large_image","twitter_misc":{"Gesch\u00e4tzte Lesezeit":"2\u00a0Minuten"},"schema":{"@context":"https:\/\/schema.org","@graph":[{"@type":"WebPage","@id":"https:\/\/www.croekspres.hr\/de\/lesen-sie-mehr-ueber-das-leben-in-cro-ekspres\/","url":"https:\/\/www.croekspres.hr\/de\/lesen-sie-mehr-ueber-das-leben-in-cro-ekspres\/","name":"Lesen Sie mehr \u00fcber das Leben in Cro Ekspres - CROekspres","isPartOf":{"@id":"https:\/\/mail.ortopedijaideal.hr\/#website"},"datePublished":"2023-03-16T14:13:22+00:00","dateModified":"2023-05-02T10:46:52+00:00","inLanguage":"de","potentialAction":[{"@type":"ReadAction","target":["https:\/\/www.croekspres.hr\/de\/lesen-sie-mehr-ueber-das-leben-in-cro-ekspres\/"]}]},{"@type":"WebSite","@id":"https:\/\/mail.ortopedijaideal.hr\/#website","url":"https:\/\/mail.ortopedijaideal.hr\/","name":"CROekspres","description":"Anytime, Anywhere","publisher":{"@id":"https:\/\/mail.ortopedijaideal.hr\/#organization"},"potentialAction":[{"@type":"SearchAction","target":{"@type":"EntryPoint","urlTemplate":"https:\/\/mail.ortopedijaideal.hr\/?s={search_term_string}"},"query-input":"required name=search_term_string"}],"inLanguage":"de"},{"@type":"Organization","@id":"https:\/\/mail.ortopedijaideal.hr\/#organization","name":"Cro Ekspres d.o.o.","url":"https:\/\/mail.ortopedijaideal.hr\/","logo":{"@type":"ImageObject","inLanguage":"de","@id":"https:\/\/mail.ortopedijaideal.hr\/#\/schema\/logo\/image\/","url":"\/wp-content\/uploads\/2023\/03\/Cro-ekspres-logo-new.png","contentUrl":"\/wp-content\/uploads\/2023\/03\/Cro-ekspres-logo-new.png","width":200,"height":166,"caption":"Cro Ekspres d.o.o."},"image":{"@id":"https:\/\/mail.ortopedijaideal.hr\/#\/schema\/logo\/image\/"}}]}},"_links":{"self":[{"href":"https:\/\/www.croekspres.hr\/de\/wp-json\/wp\/v2\/pages\/16292","targetHints":{"allow":["GET"]}}],"collection":[{"href":"https:\/\/www.croekspres.hr\/de\/wp-json\/wp\/v2\/pages"}],"about":[{"href":"https:\/\/www.croekspres.hr\/de\/wp-json\/wp\/v2\/types\/page"}],"author":[{"embeddable":true,"href":"https:\/\/www.croekspres.hr\/de\/wp-json\/wp\/v2\/users\/1"}],"replies":[{"embeddable":true,"href":"https:\/\/www.croekspres.hr\/de\/wp-json\/wp\/v2\/comments?post=16292"}],"version-history":[{"count":11,"href":"https:\/\/www.croekspres.hr\/de\/wp-json\/wp\/v2\/pages\/16292\/revisions"}],"predecessor-version":[{"id":16672,"href":"https:\/\/www.croekspres.hr\/de\/wp-json\/wp\/v2\/pages\/16292\/revisions\/16672"}],"wp:attachment":[{"href":"https:\/\/www.croekspres.hr\/de\/wp-json\/wp\/v2\/media?parent=16292"}],"curies":[{"name":"wp","href":"https:\/\/api.w.org\/{rel}","templated":true}]}}