{"id":16255,"date":"2023-03-16T14:09:13","date_gmt":"2023-03-16T14:09:13","guid":{"rendered":"https:\/\/croekspres.kuhada.agency\/faq\/"},"modified":"2023-05-17T09:13:19","modified_gmt":"2023-05-17T09:13:19","slug":"faq","status":"publish","type":"page","link":"https:\/\/www.croekspres.hr\/de\/faq\/","title":{"rendered":"FAQ"},"content":{"rendered":"<p>[vc_section][vc_row gap=&#8220;80&#8243; content_placement=&#8220;middle&#8220; css_animation=&#8220;fadeIn&#8220; css=&#8220;.vc_custom_1532424606103{padding-top: 40px !important;padding-bottom: 64px !important;}&#8220;][vc_column animation_delay=&#8220;0&#8243; offset=&#8220;vc_col-lg-6 vc_col-md-6 vc_col-xs-12&#8243;]<h1 id=\"et-animated-title-1\" class=\"et-animated-title et-clearfix  curtain curtain-left\" data-mobile-font=\"32px\" data-tablet-font=\"inherit\" data-delay=\"100\" style=\"font-size:48px;font-weight:700;line-height:56px;color:#2c332c;\"><span class=\"text-wrapper\"><span class=\"text\">FAQ<\/span><span class=\"curtain\" style=\"background-color:#dd3333;\"><\/span><\/span><\/h1><div class=\"gap et-clearfix \" style=\"height:32px\"><\/div><div class=\"et-simple-braket-block-wrapper\"><style>#et-simple-braket-block-1 .braket-text {font-weight:400;}#et-simple-braket-block-1 .braket > div  {background-color:#dd3333;}<\/style><div id=\"et-simple-braket-block-1\" class=\"et-simple-braket-block \"><div class=\"braket\"><div><\/div><div><\/div><div><\/div><\/div><div class=\"braket-text\" data-mobile-font=\"inherit\" data-tablet-font=\"inherit\">Finden Sie Antworten auf die am h\u00e4ufigsten gestellten Fragen zu Cro Ekspres, unseren Dienstleistungen, der Transport- und Logistikbranche usw.<\/div><\/div><\/div>[\/vc_column][vc_column animation_delay=&#8220;0&#8243; offset=&#8220;vc_col-lg-6 vc_col-md-6 vc_col-xs-12&#8243;]<div class=\"gap et-clearfix \" style=\"height:32px\"><\/div>[vc_single_image image=&#8220;14940&#8243; img_size=&#8220;600&#215;300&#8243; alignment=&#8220;right&#8220; style=&#8220;vc_box_shadow_3d&#8220; css_animation=&#8220;fadeInLeft&#8220;][\/vc_column][\/vc_row][vc_row][vc_column][vc_tta_accordion style=&#8220;flat&#8220; shape=&#8220;square&#8220; c_icon=&#8220;triangle&#8220; active_section=&#8220;&#8220; css_animation=&#8220;fadeInLeft&#8220; collapsible_all=&#8220;true&#8220;][vc_tta_section title=&#8220;\u00dcber Cro Express&#8220; tab_id=&#8220;1680077006967-660e7613-95be&#8220;][vc_btn title=&#8220;Was ist die Geschichte hinter Cro Express?&#8220; style=&#8220;flat&#8220; shape=&#8220;square&#8220; color=&#8220;juicy-pink&#8220; size=&#8220;lg&#8220; align=&#8220;left&#8220; button_block=&#8220;true&#8220; link=&#8220;url:https%3A%2F%2Fwww.croekspres.hr%2Fde%2Flernen-sie-cro-ekspres-kennen%2F|target:_blank&#8220;][vc_btn title=&#8220;Wer verwaltet das Cro Ekspres?&#8220; style=&#8220;flat&#8220; shape=&#8220;square&#8220; color=&#8220;juicy-pink&#8220; size=&#8220;lg&#8220; align=&#8220;left&#8220; button_block=&#8220;true&#8220; link=&#8220;url:https%3A%2F%2Fwww.croekspres.hr%2Fde%2Flernen-sie-cro-ekspres-kennen%2F|target:_blank&#8220;][vc_btn title=&#8220;Was sind die Unternehmenswerte von Cro Ekspres?&#8220; style=&#8220;flat&#8220; shape=&#8220;square&#8220; color=&#8220;juicy-pink&#8220; size=&#8220;lg&#8220; align=&#8220;left&#8220; button_block=&#8220;true&#8220; link=&#8220;url:https%3A%2F%2Fwww.croekspres.hr%2Fde%2Funternehmerische-nachhaltigkeit%2F|target:_blank&#8220;][vc_btn title=&#8220;Bietet Cro Ekspres eine Frachtversicherung an?&#8220; style=&#8220;flat&#8220; shape=&#8220;square&#8220; color=&#8220;juicy-pink&#8220; size=&#8220;lg&#8220; align=&#8220;left&#8220; button_block=&#8220;true&#8220; link=&#8220;url:https%3A%2F%2Fwww.croekspres.hr%2Fde%2Fwarum-ihre-sendungen-versichern%2F|target:_blank&#8220;][vc_btn title=&#8220;Wo finde ich Support-Tools?&#8220; style=&#8220;flat&#8220; shape=&#8220;square&#8220; color=&#8220;juicy-pink&#8220; size=&#8220;lg&#8220; align=&#8220;left&#8220; button_block=&#8220;true&#8220; link=&#8220;url:https%3A%2F%2Fwww.croekspres.hr%2Fde%2Fbenutzer-support%2F|target:_blank&#8220;][\/vc_tta_section][vc_tta_section title=&#8220;Kontakt&#8220; tab_id=&#8220;1680078431023-d9cdc356-8034&#8243;][vc_btn title=&#8220;Ich habe eine allgemeine Anfrage zu Cro EKspres, an wen kann ich sie richten?&#8220; style=&#8220;flat&#8220; shape=&#8220;square&#8220; color=&#8220;juicy-pink&#8220; size=&#8220;lg&#8220; align=&#8220;left&#8220; button_block=&#8220;true&#8220; link=&#8220;url:https%3A%2F%2Fcroekspres.hr%2Fde%2Fkontakt%2F|target:_blank&#8220;][vc_btn title=&#8220;Ich suche ein Angebot f\u00fcr den Transportpreis&#8220; style=&#8220;flat&#8220; shape=&#8220;square&#8220; color=&#8220;juicy-pink&#8220; size=&#8220;lg&#8220; align=&#8220;left&#8220; button_block=&#8220;true&#8220; link=&#8220;url:https%3A%2F%2Fcroekspres.hr%2Fde%2Fkontakt%2F|target:_blank&#8220;][vc_btn title=&#8220;Wie kann ich das Management von Cro Ekspres kontaktieren?&#8220; style=&#8220;flat&#8220; shape=&#8220;square&#8220; color=&#8220;juicy-pink&#8220; size=&#8220;lg&#8220; align=&#8220;left&#8220; button_block=&#8220;true&#8220; link=&#8220;url:https%3A%2F%2Fwww.croekspres.hr%2Fde%2Fbenutzer-support%2F|target:_blank&#8220;][\/vc_tta_section][vc_tta_section title=&#8220;Karriere bei Cro Ekspres&#8220; tab_id=&#8220;1680078447395-08b09a93-78b5&#8243;][vc_btn title=&#8220;Ich m\u00f6chte bei Cro Ekspres arbeiten&#8220; style=&#8220;flat&#8220; shape=&#8220;square&#8220; color=&#8220;juicy-pink&#8220; size=&#8220;lg&#8220; align=&#8220;left&#8220; button_block=&#8220;true&#8220; link=&#8220;url:https%3A%2F%2Fwww.croekspres.hr%2Fde%2Fwarum-cro-ekspres-beitreten%2F|target:_blank&#8220;][\/vc_tta_section][vc_tta_section title=&#8220;Sendungsverfolgung&#8220; tab_id=&#8220;1680079708577-c0f2abe6-3989&#8243;][vc_btn title=&#8220;Was ist MyCE?&#8220; style=&#8220;flat&#8220; shape=&#8220;square&#8220; color=&#8220;juicy-pink&#8220; size=&#8220;lg&#8220; align=&#8220;left&#8220; button_block=&#8220;true&#8220; link=&#8220;url:https%3A%2F%2Fnajave.croekspres.hr%2Fnajave%2Findex.php|target:_blank&#8220;][vc_btn title=&#8220;Wie kann es mir helfen, wenn ich es verwende?&#8220; style=&#8220;flat&#8220; shape=&#8220;square&#8220; color=&#8220;juicy-pink&#8220; size=&#8220;lg&#8220; align=&#8220;left&#8220; button_block=&#8220;true&#8220; link=&#8220;url:https%3A%2F%2Fnajave.croekspres.hr%2Fnajave%2Findex.php|target:_blank&#8220;][vc_btn title=&#8220;Wie kann ich meine Sendung verfolgen?&#8220; style=&#8220;flat&#8220; shape=&#8220;square&#8220; color=&#8220;juicy-pink&#8220; size=&#8220;lg&#8220; align=&#8220;left&#8220; button_block=&#8220;true&#8220; link=&#8220;url:https%3A%2F%2Fnajave.croekspres.hr%2Fnajave%2Findex.php|target:_blank&#8220;][\/vc_tta_section][vc_tta_section title=&#8220;Nationaler Vertrieb und Stra\u00dfentransport&#8220; tab_id=&#8220;1680080009823-e44c2095-ebe5&#8243;][vc_btn title=&#8220;Welche M\u00f6glichkeiten des nationalen Vertriebs gibt es?&#8220; style=&#8220;flat&#8220; shape=&#8220;square&#8220; color=&#8220;juicy-pink&#8220; size=&#8220;lg&#8220; align=&#8220;left&#8220; button_block=&#8220;true&#8220; link=&#8220;url:https%3A%2F%2Fwww.croekspres.hr%2Fde%2Fnationale-verbreitung%2F|target:_blank&#8220;][vc_btn title=&#8220;Was sind alle verf\u00fcgbaren Routen?&#8220; style=&#8220;flat&#8220; shape=&#8220;square&#8220; color=&#8220;juicy-pink&#8220; size=&#8220;lg&#8220; align=&#8220;left&#8220; button_block=&#8220;true&#8220; link=&#8220;url:https%3A%2F%2Fwww.croekspres.hr%2Fde%2Fnationale-verbreitung%2F|target:_blank&#8220;][vc_btn title=&#8220;Welche Arten von Stra\u00dfentransport stehen mir zur Verf\u00fcgung?&#8220; style=&#8220;flat&#8220; shape=&#8220;square&#8220; color=&#8220;juicy-pink&#8220; size=&#8220;lg&#8220; align=&#8220;left&#8220; button_block=&#8220;true&#8220; link=&#8220;url:https%3A%2F%2Fwww.croekspres.hr%2Fde%2Fstrassentransport%2F|target:_blank&#8220;][vc_btn title=&#8220;Wie kann ich mein Vertriebsnetz f\u00fcr Lieferungen innerhalb der Republik Kroatien einrichten?&#8220; style=&#8220;flat&#8220; shape=&#8220;square&#8220; color=&#8220;juicy-pink&#8220; size=&#8220;lg&#8220; align=&#8220;left&#8220; button_block=&#8220;true&#8220; link=&#8220;url:https%3A%2F%2Fwww.croekspres.hr%2Fde%2Fnationale-verbreitung%2F|target:_blank&#8220;][vc_btn title=&#8220;Wie erhalte ich ein Angebot f\u00fcr meinen n\u00e4chsten Stra\u00dfentransport?&#8220; style=&#8220;flat&#8220; shape=&#8220;square&#8220; color=&#8220;juicy-pink&#8220; size=&#8220;lg&#8220; align=&#8220;left&#8220; button_block=&#8220;true&#8220; link=&#8220;url:https%3A%2F%2Fwww.croekspres.hr%2Fde%2Fkontakt|target:_blank&#8220;][\/vc_tta_section][vc_tta_section title=&#8220;Seeverkehr&#8220; tab_id=&#8220;1680080245268-d96cd294-630d&#8220;][vc_btn title=&#8220;Welche Arten von Seetransporten gibt es?&#8220; style=&#8220;flat&#8220; shape=&#8220;square&#8220; color=&#8220;juicy-pink&#8220; size=&#8220;lg&#8220; align=&#8220;left&#8220; button_block=&#8220;true&#8220; link=&#8220;url:https%3A%2F%2Fwww.croekspres.hr%2Fde%2Fseeverkehr%2F|target:_blank&#8220;][vc_btn title=&#8220;Ich habe einen Projektjob, wie kann ich mich beraten lassen, wie ich ihn am besten logistisch organisiere?&#8220; style=&#8220;flat&#8220; shape=&#8220;square&#8220; color=&#8220;juicy-pink&#8220; size=&#8220;lg&#8220; align=&#8220;left&#8220; button_block=&#8220;true&#8220; link=&#8220;url:https%3A%2F%2Fwww.croekspres.hr%2Fde%2Fbenutzer-support%2F|target:_blank&#8220;][vc_btn title=&#8220;Ist meine Sendung f\u00fcr den Sammel- oder Vollcontainertransport geeignet?&#8220; style=&#8220;flat&#8220; shape=&#8220;square&#8220; color=&#8220;juicy-pink&#8220; size=&#8220;lg&#8220; align=&#8220;left&#8220; button_block=&#8220;true&#8220; link=&#8220;url:https%3A%2F%2Fwww.croekspres.hr%2Fde%2Fseeverkehr%2F|target:_blank&#8220;][vc_btn title=&#8220;Kann ich andere Transportarten mit dem Seeverkehr kombinieren?&#8220; style=&#8220;flat&#8220; shape=&#8220;square&#8220; color=&#8220;juicy-pink&#8220; size=&#8220;lg&#8220; align=&#8220;left&#8220; button_block=&#8220;true&#8220; link=&#8220;url:https%3A%2F%2Fwww.croekspres.hr%2Fde%2Fseeverkehr%2F|target:_blank&#8220;][vc_btn title=&#8220;Wie kann mir der Schienenverkehr helfen?&#8220; style=&#8220;flat&#8220; shape=&#8220;square&#8220; color=&#8220;juicy-pink&#8220; size=&#8220;lg&#8220; align=&#8220;left&#8220; button_block=&#8220;true&#8220; link=&#8220;url:https%3A%2F%2Fwww.croekspres.hr%2Fde%2Fseeverkehr%2F|target:_blank&#8220;][vc_btn title=&#8220;Wie erhalte ich ein Angebot f\u00fcr meine n\u00e4chste Seefracht?&#8220; style=&#8220;flat&#8220; shape=&#8220;square&#8220; color=&#8220;juicy-pink&#8220; size=&#8220;lg&#8220; align=&#8220;left&#8220; button_block=&#8220;true&#8220; link=&#8220;url:https%3A%2F%2Fwww.croekspres.hr%2Fde%2Fbitte-um-ein-angebot%2F|target:_blank&#8220;][\/vc_tta_section][vc_tta_section title=&#8220;Luftfracht&#8220; tab_id=&#8220;1680079855498-4e7f250d-8f0d&#8220;][vc_btn title=&#8220;Wer sind Ihre Fluggesellschaften?&#8220; style=&#8220;flat&#8220; shape=&#8220;square&#8220; color=&#8220;juicy-pink&#8220; size=&#8220;lg&#8220; align=&#8220;left&#8220; button_block=&#8220;true&#8220; link=&#8220;url:https%3A%2F%2Fwww.croekspres.hr%2Fde%2Flufttransport%2F|target:_blank&#8220;][vc_btn title=&#8220;Kann ich Luft- und Seefracht kombinieren?&#8220; style=&#8220;flat&#8220; shape=&#8220;square&#8220; color=&#8220;juicy-pink&#8220; size=&#8220;lg&#8220; align=&#8220;left&#8220; button_block=&#8220;true&#8220; link=&#8220;url:https%3A%2F%2Fwww.croekspres.hr%2Fde%2Flufttransport%2F|target:_blank&#8220;][vc_btn title=&#8220;Transport von Gefahrgut?&#8220; style=&#8220;flat&#8220; shape=&#8220;square&#8220; color=&#8220;juicy-pink&#8220; size=&#8220;lg&#8220; align=&#8220;left&#8220; button_block=&#8220;true&#8220; link=&#8220;url:https%3A%2F%2Fwww.croekspres.hr%2Fde%2Flufttransport%2F|target:_blank&#8220;][vc_btn title=&#8220;Was sind Ihre Lufttransportdienste?&#8220; style=&#8220;flat&#8220; shape=&#8220;square&#8220; color=&#8220;juicy-pink&#8220; size=&#8220;lg&#8220; align=&#8220;left&#8220; button_block=&#8220;true&#8220; link=&#8220;url:https%3A%2F%2Fwww.croekspres.hr%2Fde%2Flufttransport%2F|target:_blank&#8220;][vc_btn title=&#8220;Wie erhalte ich ein Angebot f\u00fcr meine n\u00e4chste Flugreise?&#8220; style=&#8220;flat&#8220; shape=&#8220;square&#8220; color=&#8220;juicy-pink&#8220; size=&#8220;lg&#8220; align=&#8220;left&#8220; button_block=&#8220;true&#8220; link=&#8220;url:https%3A%2F%2Fwww.croekspres.hr%2Fde%2Fkontakt%2F|target:_blank&#8220;][vc_btn title=&#8220;Wie erhalte ich ein Angebot f\u00fcr meine n\u00e4chste Seefracht?&#8220; style=&#8220;flat&#8220; shape=&#8220;square&#8220; color=&#8220;juicy-pink&#8220; size=&#8220;lg&#8220; align=&#8220;left&#8220; button_block=&#8220;true&#8220; link=&#8220;url:https%3A%2F%2Fwww.croekspres.hr%2Fde%2Fseeverkehr%2F|target:_blank&#8220;][\/vc_tta_section][\/vc_tta_accordion][\/vc_column][\/vc_row][\/vc_section]<\/p>\n","protected":false},"excerpt":{"rendered":"<p>Nutzen Sie agile Frameworks, um eine robuste Zusammenfassung f\u00fcr allgemeine \u00dcbersichten bereitzustellen. Iterative Ans\u00e4tze zur Unternehmensstrategie f\u00f6rdern kooperatives Denken, um das gesamte Wertversprechen zu f\u00f6rdern. Organisches Wachstum der ganzheitlichen Weltanschauung von disruptiven Innovationen durch Diversit\u00e4t und Empowerment am Arbeitsplatz.<\/p>\n","protected":false},"author":1,"featured_media":0,"parent":0,"menu_order":0,"comment_status":"closed","ping_status":"closed","template":"page-vc.php","meta":{"footnotes":""},"class_list":["post-16255","page","type-page","status-publish","hentry"],"yoast_head":"<!-- This site is optimized with the Yoast SEO plugin v20.7 - https:\/\/yoast.com\/wordpress\/plugins\/seo\/ -->\n<title>FAQ - CROekspres<\/title>\n<meta name=\"robots\" content=\"index, follow, max-snippet:-1, max-image-preview:large, max-video-preview:-1\" \/>\n<link rel=\"canonical\" href=\"https:\/\/www.croekspres.hr\/de\/faq\/\" \/>\n<meta property=\"og:locale\" content=\"de_DE\" \/>\n<meta property=\"og:type\" content=\"article\" \/>\n<meta property=\"og:title\" content=\"FAQ - CROekspres\" \/>\n<meta property=\"og:description\" content=\"Nutzen Sie agile Frameworks, um eine robuste Zusammenfassung f\u00fcr allgemeine \u00dcbersichten bereitzustellen. Iterative Ans\u00e4tze zur Unternehmensstrategie f\u00f6rdern kooperatives Denken, um das gesamte Wertversprechen zu f\u00f6rdern. Organisches Wachstum der ganzheitlichen Weltanschauung von disruptiven Innovationen durch Diversit\u00e4t und Empowerment am Arbeitsplatz.\" \/>\n<meta property=\"og:url\" content=\"https:\/\/www.croekspres.hr\/de\/faq\/\" \/>\n<meta property=\"og:site_name\" content=\"CROekspres\" \/>\n<meta property=\"article:modified_time\" content=\"2023-05-17T09:13:19+00:00\" \/>\n<meta property=\"og:image\" content=\"https:\/\/www.croekspres.hr\/wp-content\/uploads\/2023\/04\/rm381-04a-scaled.jpg\" \/>\n\t<meta property=\"og:image:width\" content=\"2560\" \/>\n\t<meta property=\"og:image:height\" content=\"1706\" \/>\n\t<meta property=\"og:image:type\" content=\"image\/jpeg\" \/>\n<meta name=\"twitter:card\" content=\"summary_large_image\" \/>\n<meta name=\"twitter:label1\" content=\"Gesch\u00e4tzte Lesezeit\" \/>\n\t<meta name=\"twitter:data1\" content=\"3\u00a0Minuten\" \/>\n<script type=\"application\/ld+json\" class=\"yoast-schema-graph\">{\"@context\":\"https:\/\/schema.org\",\"@graph\":[{\"@type\":\"WebPage\",\"@id\":\"https:\/\/www.croekspres.hr\/de\/faq\/\",\"url\":\"https:\/\/www.croekspres.hr\/de\/faq\/\",\"name\":\"FAQ - CROekspres\",\"isPartOf\":{\"@id\":\"https:\/\/mail.ortopedijaideal.hr\/#website\"},\"datePublished\":\"2023-03-16T14:09:13+00:00\",\"dateModified\":\"2023-05-17T09:13:19+00:00\",\"inLanguage\":\"de\",\"potentialAction\":[{\"@type\":\"ReadAction\",\"target\":[\"https:\/\/www.croekspres.hr\/de\/faq\/\"]}]},{\"@type\":\"WebSite\",\"@id\":\"https:\/\/mail.ortopedijaideal.hr\/#website\",\"url\":\"https:\/\/mail.ortopedijaideal.hr\/\",\"name\":\"CROekspres\",\"description\":\"Anytime, Anywhere\",\"publisher\":{\"@id\":\"https:\/\/mail.ortopedijaideal.hr\/#organization\"},\"potentialAction\":[{\"@type\":\"SearchAction\",\"target\":{\"@type\":\"EntryPoint\",\"urlTemplate\":\"https:\/\/mail.ortopedijaideal.hr\/?s={search_term_string}\"},\"query-input\":\"required name=search_term_string\"}],\"inLanguage\":\"de\"},{\"@type\":\"Organization\",\"@id\":\"https:\/\/mail.ortopedijaideal.hr\/#organization\",\"name\":\"Cro Ekspres d.o.o.\",\"url\":\"https:\/\/mail.ortopedijaideal.hr\/\",\"logo\":{\"@type\":\"ImageObject\",\"inLanguage\":\"de\",\"@id\":\"https:\/\/mail.ortopedijaideal.hr\/#\/schema\/logo\/image\/\",\"url\":\"\/wp-content\/uploads\/2023\/03\/Cro-ekspres-logo-new.png\",\"contentUrl\":\"\/wp-content\/uploads\/2023\/03\/Cro-ekspres-logo-new.png\",\"width\":200,\"height\":166,\"caption\":\"Cro Ekspres d.o.o.\"},\"image\":{\"@id\":\"https:\/\/mail.ortopedijaideal.hr\/#\/schema\/logo\/image\/\"}}]}<\/script>\n<!-- \/ Yoast SEO plugin. -->","yoast_head_json":{"title":"FAQ - CROekspres","robots":{"index":"index","follow":"follow","max-snippet":"max-snippet:-1","max-image-preview":"max-image-preview:large","max-video-preview":"max-video-preview:-1"},"canonical":"https:\/\/www.croekspres.hr\/de\/faq\/","og_locale":"de_DE","og_type":"article","og_title":"FAQ - CROekspres","og_description":"Nutzen Sie agile Frameworks, um eine robuste Zusammenfassung f\u00fcr allgemeine \u00dcbersichten bereitzustellen. Iterative Ans\u00e4tze zur Unternehmensstrategie f\u00f6rdern kooperatives Denken, um das gesamte Wertversprechen zu f\u00f6rdern. Organisches Wachstum der ganzheitlichen Weltanschauung von disruptiven Innovationen durch Diversit\u00e4t und Empowerment am Arbeitsplatz.","og_url":"https:\/\/www.croekspres.hr\/de\/faq\/","og_site_name":"CROekspres","article_modified_time":"2023-05-17T09:13:19+00:00","og_image":[{"width":2560,"height":1706,"url":"https:\/\/www.croekspres.hr\/wp-content\/uploads\/2023\/04\/rm381-04a-scaled.jpg","type":"image\/jpeg"}],"twitter_card":"summary_large_image","twitter_misc":{"Gesch\u00e4tzte Lesezeit":"3\u00a0Minuten"},"schema":{"@context":"https:\/\/schema.org","@graph":[{"@type":"WebPage","@id":"https:\/\/www.croekspres.hr\/de\/faq\/","url":"https:\/\/www.croekspres.hr\/de\/faq\/","name":"FAQ - CROekspres","isPartOf":{"@id":"https:\/\/mail.ortopedijaideal.hr\/#website"},"datePublished":"2023-03-16T14:09:13+00:00","dateModified":"2023-05-17T09:13:19+00:00","inLanguage":"de","potentialAction":[{"@type":"ReadAction","target":["https:\/\/www.croekspres.hr\/de\/faq\/"]}]},{"@type":"WebSite","@id":"https:\/\/mail.ortopedijaideal.hr\/#website","url":"https:\/\/mail.ortopedijaideal.hr\/","name":"CROekspres","description":"Anytime, Anywhere","publisher":{"@id":"https:\/\/mail.ortopedijaideal.hr\/#organization"},"potentialAction":[{"@type":"SearchAction","target":{"@type":"EntryPoint","urlTemplate":"https:\/\/mail.ortopedijaideal.hr\/?s={search_term_string}"},"query-input":"required name=search_term_string"}],"inLanguage":"de"},{"@type":"Organization","@id":"https:\/\/mail.ortopedijaideal.hr\/#organization","name":"Cro Ekspres d.o.o.","url":"https:\/\/mail.ortopedijaideal.hr\/","logo":{"@type":"ImageObject","inLanguage":"de","@id":"https:\/\/mail.ortopedijaideal.hr\/#\/schema\/logo\/image\/","url":"\/wp-content\/uploads\/2023\/03\/Cro-ekspres-logo-new.png","contentUrl":"\/wp-content\/uploads\/2023\/03\/Cro-ekspres-logo-new.png","width":200,"height":166,"caption":"Cro Ekspres d.o.o."},"image":{"@id":"https:\/\/mail.ortopedijaideal.hr\/#\/schema\/logo\/image\/"}}]}},"_links":{"self":[{"href":"https:\/\/www.croekspres.hr\/de\/wp-json\/wp\/v2\/pages\/16255","targetHints":{"allow":["GET"]}}],"collection":[{"href":"https:\/\/www.croekspres.hr\/de\/wp-json\/wp\/v2\/pages"}],"about":[{"href":"https:\/\/www.croekspres.hr\/de\/wp-json\/wp\/v2\/types\/page"}],"author":[{"embeddable":true,"href":"https:\/\/www.croekspres.hr\/de\/wp-json\/wp\/v2\/users\/1"}],"replies":[{"embeddable":true,"href":"https:\/\/www.croekspres.hr\/de\/wp-json\/wp\/v2\/comments?post=16255"}],"version-history":[{"count":7,"href":"https:\/\/www.croekspres.hr\/de\/wp-json\/wp\/v2\/pages\/16255\/revisions"}],"predecessor-version":[{"id":16695,"href":"https:\/\/www.croekspres.hr\/de\/wp-json\/wp\/v2\/pages\/16255\/revisions\/16695"}],"wp:attachment":[{"href":"https:\/\/www.croekspres.hr\/de\/wp-json\/wp\/v2\/media?parent=16255"}],"curies":[{"name":"wp","href":"https:\/\/api.w.org\/{rel}","templated":true}]}}