{"id":16249,"date":"2023-03-16T14:05:10","date_gmt":"2023-03-16T14:05:10","guid":{"rendered":"https:\/\/croekspres.kuhada.agency\/nachricht-vom-ceo\/"},"modified":"2023-04-28T17:55:34","modified_gmt":"2023-04-28T17:55:34","slug":"nachricht-vom-ceo","status":"publish","type":"page","link":"https:\/\/www.croekspres.hr\/de\/nachricht-vom-ceo\/","title":{"rendered":"Nachricht vom CEO"},"content":{"rendered":"<p>[vc_section][vc_row gap=&#8220;80&#8243; content_placement=&#8220;middle&#8220; css_animation=&#8220;fadeIn&#8220; css=&#8220;.vc_custom_1532424606103{padding-top: 40px !important;padding-bottom: 64px !important;}&#8220;][vc_column animation_delay=&#8220;0&#8243; offset=&#8220;vc_col-lg-6 vc_col-md-6 vc_col-xs-12&#8243;]<h3 id=\"et-animated-title-1\" class=\"et-animated-title et-clearfix  words-direct\" data-mobile-font=\"32px\" data-tablet-font=\"inherit\" data-delay=\"100\" style=\"font-size:48px;font-weight:700;line-height:56px;color:#2c332c;\"><span class=\"text-wrapper\"><span class=\"text\">Croexpress doo<\/span><\/span><\/h3><div class=\"gap et-clearfix \" style=\"height:32px\"><\/div><div class=\"et-simple-braket-block-wrapper\"><style>#et-simple-braket-block-1 .braket-text {font-weight:400;}#et-simple-braket-block-1 .braket > div  {background-color:#ffcd00;}<\/style><div id=\"et-simple-braket-block-1\" class=\"et-simple-braket-block \"><div class=\"braket\"><div><\/div><div><\/div><div><\/div><\/div><div class=\"braket-text\" data-mobile-font=\"inherit\" data-tablet-font=\"inherit\">Komplette Logistik- und Transportl\u00f6sungen bilden die Basis unseres Gesch\u00e4fts \u2013 von der Bereitstellung von Logistikdienstleistungen bis zur endg\u00fcltigen Lieferung. Cro ekspres orientiert sich in erster Linie an der Zufriedenheit seiner Kunden, was einen qualitativ hochwertigen Service, eine sichere, schnelle und zuverl\u00e4ssige Lieferung und einen erschwinglichen Preis gew\u00e4hrleistet. Unser Ziel ist es, die alte Tradition fortzusetzen, den Marktanteil bei der t\u00e4glichen Zustellung von Paketen in Kroatien zu erh\u00f6hen, was auch durch unseren Namen repr\u00e4sentiert wird, und uns dadurch als zuverl\u00e4ssigen und sicheren Partner zu best\u00e4tigen, der an zufriedenen Kunden erkennbar ist.<\/div><\/div><\/div>[\/vc_column][vc_column animation_delay=&#8220;0&#8243; offset=&#8220;vc_col-lg-6 vc_col-md-6 vc_col-xs-12&#8243;]<div id=\"image-slider-1\" data-columns=\"1\" class=\"et-image-slider thumbnail-true\"><ul id=\"image-slider-slides-1\" data-columns=\"1\" class=\"image-slider-slides owl-thumbnail-true et-clearfix\"><li class=\"et-slider-item\"><div class=\"overlay-hover\"><a data-lightbox-gallery=\"image-slider-1\" href=\"\/wp-content\/uploads\/2022\/12\/3-1.jpg\"><div class=\"image-container\"><img loading=\"lazy\" decoding=\"async\" width=\"1200\" alt=\"\" height=\"640\" src=\"\/wp-content\/uploads\/2022\/12\/3-1-1200x640.jpg\"><\/div><\/a><\/div><\/li><li class=\"et-slider-item\"><div class=\"overlay-hover\"><a data-lightbox-gallery=\"image-slider-1\" href=\"\/wp-content\/uploads\/2022\/12\/4.jpg\"><div class=\"image-container\"><img loading=\"lazy\" decoding=\"async\" width=\"1200\" alt=\"\" height=\"640\" src=\"\/wp-content\/uploads\/2022\/12\/4-1200x640.jpg\"><\/div><\/a><\/div><\/li><li class=\"et-slider-item\"><div class=\"overlay-hover\"><a data-lightbox-gallery=\"image-slider-1\" href=\"\/wp-content\/uploads\/2022\/12\/5.jpg\"><div class=\"image-container\"><img loading=\"lazy\" decoding=\"async\" width=\"1200\" alt=\"\" height=\"640\" src=\"\/wp-content\/uploads\/2022\/12\/5-1200x640.jpg\"><\/div><\/a><\/div><\/li><li class=\"et-slider-item\"><div class=\"overlay-hover\"><a data-lightbox-gallery=\"image-slider-1\" href=\"\/wp-content\/uploads\/2022\/12\/6.jpg\"><div class=\"image-container\"><img loading=\"lazy\" decoding=\"async\" width=\"1200\" alt=\"\" height=\"640\" src=\"\/wp-content\/uploads\/2022\/12\/6-1200x640.jpg\"><\/div><\/a><\/div><\/li><li class=\"et-slider-item\"><div class=\"overlay-hover\"><a data-lightbox-gallery=\"image-slider-1\" href=\"\/wp-content\/uploads\/2022\/12\/7.jpg\"><div class=\"image-container\"><img loading=\"lazy\" decoding=\"async\" width=\"1200\" alt=\"\" height=\"640\" src=\"\/wp-content\/uploads\/2022\/12\/7-1200x640.jpg\"><\/div><\/a><\/div><\/li><\/ul><ul id=\"image-slider-thumbnail-1\" class=\"image-slider-thumbnail et-clearfix\"><li><div class=\"image-container\"><img loading=\"lazy\" decoding=\"async\" width=\"150\" height=\"150\" alt=\"\" src=\"\/wp-content\/uploads\/2022\/12\/3-1-150x150.jpg\"><\/div><\/li><li><div class=\"image-container\"><img loading=\"lazy\" decoding=\"async\" width=\"150\" height=\"150\" alt=\"\" src=\"\/wp-content\/uploads\/2022\/12\/4-150x150.jpg\"><\/div><\/li><li><div class=\"image-container\"><img loading=\"lazy\" decoding=\"async\" width=\"150\" height=\"150\" alt=\"\" src=\"\/wp-content\/uploads\/2022\/12\/5-150x150.jpg\"><\/div><\/li><li><div class=\"image-container\"><img loading=\"lazy\" decoding=\"async\" width=\"150\" height=\"150\" alt=\"\" src=\"\/wp-content\/uploads\/2022\/12\/6-150x150.jpg\"><\/div><\/li><li><div class=\"image-container\"><img loading=\"lazy\" decoding=\"async\" width=\"150\" height=\"150\" alt=\"\" src=\"\/wp-content\/uploads\/2022\/12\/7-150x150.jpg\"><\/div><\/li><\/ul><\/div>[\/vc_column][\/vc_row][vc_row css=&#8220;.vc_custom_1671434444943{margin-top: 30px !important;margin-bottom: 30px !important;}&#8220;][vc_column width=&#8220;1\/2&#8243;]<h3 id=\"et-animated-title-2\" class=\"et-animated-title et-clearfix  words-direct\" data-mobile-font=\"32px\" data-tablet-font=\"inherit\" data-delay=\"100\" style=\"font-size:48px;font-weight:700;line-height:56px;color:#2c332c;\"><span class=\"text-wrapper\"><span class=\"text\">MISSION<\/span><\/span><\/h3><div class=\"gap et-clearfix \" style=\"height:32px\"><\/div>[vc_column_text]Cro ekspres doo ist ein Unternehmen mit langj\u00e4hriger Erfahrung im Bereich des t\u00e4glichen Transports, der Verteilung und der Lieferung verschiedener Waren, Pakete oder Paletten nach der \u201eDoor to Door\u201c-Formel.[\/vc_column_text][\/vc_column][vc_column width=&#8220;1\/2&#8243;]<h3 id=\"et-animated-title-3\" class=\"et-animated-title et-clearfix  words-direct\" data-mobile-font=\"32px\" data-tablet-font=\"inherit\" data-delay=\"100\" style=\"font-size:48px;font-weight:700;line-height:56px;color:#2c332c;\"><span class=\"text-wrapper\"><span class=\"text\">VISION<\/span><\/span><\/h3><div class=\"gap et-clearfix \" style=\"height:32px\"><\/div>[vc_column_text]Unsere Vision ist es, die alte Tradition fortzusetzen, den Marktanteil bei der t\u00e4glichen Zustellung von Paketen in Kroatien zu erh\u00f6hen, was auch durch unseren Namen repr\u00e4sentiert wird, und uns dadurch als zuverl\u00e4ssigen und sicheren Partner zu best\u00e4tigen, der an zufriedenen Kunden erkennbar ist.[\/vc_column_text][\/vc_column][\/vc_row][\/vc_section]<\/p>\n","protected":false},"excerpt":{"rendered":"<p>Nutzen Sie agile Frameworks, um eine robuste Zusammenfassung f\u00fcr allgemeine \u00dcbersichten bereitzustellen. Iterative Ans\u00e4tze zur Unternehmensstrategie f\u00f6rdern kooperatives Denken, um das gesamte Wertversprechen zu f\u00f6rdern. Organisches Wachstum der ganzheitlichen Weltanschauung von disruptiven Innovationen durch Diversit\u00e4t und Empowerment am Arbeitsplatz.<\/p>\n","protected":false},"author":1,"featured_media":0,"parent":0,"menu_order":0,"comment_status":"closed","ping_status":"closed","template":"page-vc.php","meta":{"footnotes":""},"class_list":["post-16249","page","type-page","status-publish","hentry"],"yoast_head":"<!-- This site is optimized with the Yoast SEO plugin v20.7 - https:\/\/yoast.com\/wordpress\/plugins\/seo\/ -->\n<title>Nachricht vom CEO - CROekspres<\/title>\n<meta name=\"robots\" content=\"index, follow, max-snippet:-1, max-image-preview:large, max-video-preview:-1\" \/>\n<link rel=\"canonical\" href=\"https:\/\/www.croekspres.hr\/de\/nachricht-vom-ceo\/\" \/>\n<meta property=\"og:locale\" content=\"de_DE\" \/>\n<meta property=\"og:type\" content=\"article\" \/>\n<meta property=\"og:title\" content=\"Nachricht vom CEO - CROekspres\" \/>\n<meta property=\"og:description\" content=\"Nutzen Sie agile Frameworks, um eine robuste Zusammenfassung f\u00fcr allgemeine \u00dcbersichten bereitzustellen. Iterative Ans\u00e4tze zur Unternehmensstrategie f\u00f6rdern kooperatives Denken, um das gesamte Wertversprechen zu f\u00f6rdern. Organisches Wachstum der ganzheitlichen Weltanschauung von disruptiven Innovationen durch Diversit\u00e4t und Empowerment am Arbeitsplatz.\" \/>\n<meta property=\"og:url\" content=\"https:\/\/www.croekspres.hr\/de\/nachricht-vom-ceo\/\" \/>\n<meta property=\"og:site_name\" content=\"CROekspres\" \/>\n<meta property=\"article:modified_time\" content=\"2023-04-28T17:55:34+00:00\" \/>\n<meta property=\"og:image\" content=\"https:\/\/www.croekspres.hr\/wp-content\/uploads\/2023\/04\/rm381-04a-scaled.jpg\" \/>\n\t<meta property=\"og:image:width\" content=\"2560\" \/>\n\t<meta property=\"og:image:height\" content=\"1706\" \/>\n\t<meta property=\"og:image:type\" content=\"image\/jpeg\" \/>\n<meta name=\"twitter:card\" content=\"summary_large_image\" \/>\n<meta name=\"twitter:label1\" content=\"Gesch\u00e4tzte Lesezeit\" \/>\n\t<meta name=\"twitter:data1\" content=\"2\u00a0Minuten\" \/>\n<script type=\"application\/ld+json\" class=\"yoast-schema-graph\">{\"@context\":\"https:\/\/schema.org\",\"@graph\":[{\"@type\":\"WebPage\",\"@id\":\"https:\/\/www.croekspres.hr\/de\/nachricht-vom-ceo\/\",\"url\":\"https:\/\/www.croekspres.hr\/de\/nachricht-vom-ceo\/\",\"name\":\"Nachricht vom CEO - CROekspres\",\"isPartOf\":{\"@id\":\"https:\/\/mail.ortopedijaideal.hr\/#website\"},\"datePublished\":\"2023-03-16T14:05:10+00:00\",\"dateModified\":\"2023-04-28T17:55:34+00:00\",\"inLanguage\":\"de\",\"potentialAction\":[{\"@type\":\"ReadAction\",\"target\":[\"https:\/\/www.croekspres.hr\/de\/nachricht-vom-ceo\/\"]}]},{\"@type\":\"WebSite\",\"@id\":\"https:\/\/mail.ortopedijaideal.hr\/#website\",\"url\":\"https:\/\/mail.ortopedijaideal.hr\/\",\"name\":\"CROekspres\",\"description\":\"Anytime, Anywhere\",\"publisher\":{\"@id\":\"https:\/\/mail.ortopedijaideal.hr\/#organization\"},\"potentialAction\":[{\"@type\":\"SearchAction\",\"target\":{\"@type\":\"EntryPoint\",\"urlTemplate\":\"https:\/\/mail.ortopedijaideal.hr\/?s={search_term_string}\"},\"query-input\":\"required name=search_term_string\"}],\"inLanguage\":\"de\"},{\"@type\":\"Organization\",\"@id\":\"https:\/\/mail.ortopedijaideal.hr\/#organization\",\"name\":\"Cro Ekspres d.o.o.\",\"url\":\"https:\/\/mail.ortopedijaideal.hr\/\",\"logo\":{\"@type\":\"ImageObject\",\"inLanguage\":\"de\",\"@id\":\"https:\/\/mail.ortopedijaideal.hr\/#\/schema\/logo\/image\/\",\"url\":\"\/wp-content\/uploads\/2023\/03\/Cro-ekspres-logo-new.png\",\"contentUrl\":\"\/wp-content\/uploads\/2023\/03\/Cro-ekspres-logo-new.png\",\"width\":200,\"height\":166,\"caption\":\"Cro Ekspres d.o.o.\"},\"image\":{\"@id\":\"https:\/\/mail.ortopedijaideal.hr\/#\/schema\/logo\/image\/\"}}]}<\/script>\n<!-- \/ Yoast SEO plugin. -->","yoast_head_json":{"title":"Nachricht vom CEO - CROekspres","robots":{"index":"index","follow":"follow","max-snippet":"max-snippet:-1","max-image-preview":"max-image-preview:large","max-video-preview":"max-video-preview:-1"},"canonical":"https:\/\/www.croekspres.hr\/de\/nachricht-vom-ceo\/","og_locale":"de_DE","og_type":"article","og_title":"Nachricht vom CEO - CROekspres","og_description":"Nutzen Sie agile Frameworks, um eine robuste Zusammenfassung f\u00fcr allgemeine \u00dcbersichten bereitzustellen. Iterative Ans\u00e4tze zur Unternehmensstrategie f\u00f6rdern kooperatives Denken, um das gesamte Wertversprechen zu f\u00f6rdern. Organisches Wachstum der ganzheitlichen Weltanschauung von disruptiven Innovationen durch Diversit\u00e4t und Empowerment am Arbeitsplatz.","og_url":"https:\/\/www.croekspres.hr\/de\/nachricht-vom-ceo\/","og_site_name":"CROekspres","article_modified_time":"2023-04-28T17:55:34+00:00","og_image":[{"width":2560,"height":1706,"url":"https:\/\/www.croekspres.hr\/wp-content\/uploads\/2023\/04\/rm381-04a-scaled.jpg","type":"image\/jpeg"}],"twitter_card":"summary_large_image","twitter_misc":{"Gesch\u00e4tzte Lesezeit":"2\u00a0Minuten"},"schema":{"@context":"https:\/\/schema.org","@graph":[{"@type":"WebPage","@id":"https:\/\/www.croekspres.hr\/de\/nachricht-vom-ceo\/","url":"https:\/\/www.croekspres.hr\/de\/nachricht-vom-ceo\/","name":"Nachricht vom CEO - CROekspres","isPartOf":{"@id":"https:\/\/mail.ortopedijaideal.hr\/#website"},"datePublished":"2023-03-16T14:05:10+00:00","dateModified":"2023-04-28T17:55:34+00:00","inLanguage":"de","potentialAction":[{"@type":"ReadAction","target":["https:\/\/www.croekspres.hr\/de\/nachricht-vom-ceo\/"]}]},{"@type":"WebSite","@id":"https:\/\/mail.ortopedijaideal.hr\/#website","url":"https:\/\/mail.ortopedijaideal.hr\/","name":"CROekspres","description":"Anytime, Anywhere","publisher":{"@id":"https:\/\/mail.ortopedijaideal.hr\/#organization"},"potentialAction":[{"@type":"SearchAction","target":{"@type":"EntryPoint","urlTemplate":"https:\/\/mail.ortopedijaideal.hr\/?s={search_term_string}"},"query-input":"required name=search_term_string"}],"inLanguage":"de"},{"@type":"Organization","@id":"https:\/\/mail.ortopedijaideal.hr\/#organization","name":"Cro Ekspres d.o.o.","url":"https:\/\/mail.ortopedijaideal.hr\/","logo":{"@type":"ImageObject","inLanguage":"de","@id":"https:\/\/mail.ortopedijaideal.hr\/#\/schema\/logo\/image\/","url":"\/wp-content\/uploads\/2023\/03\/Cro-ekspres-logo-new.png","contentUrl":"\/wp-content\/uploads\/2023\/03\/Cro-ekspres-logo-new.png","width":200,"height":166,"caption":"Cro Ekspres d.o.o."},"image":{"@id":"https:\/\/mail.ortopedijaideal.hr\/#\/schema\/logo\/image\/"}}]}},"_links":{"self":[{"href":"https:\/\/www.croekspres.hr\/de\/wp-json\/wp\/v2\/pages\/16249","targetHints":{"allow":["GET"]}}],"collection":[{"href":"https:\/\/www.croekspres.hr\/de\/wp-json\/wp\/v2\/pages"}],"about":[{"href":"https:\/\/www.croekspres.hr\/de\/wp-json\/wp\/v2\/types\/page"}],"author":[{"embeddable":true,"href":"https:\/\/www.croekspres.hr\/de\/wp-json\/wp\/v2\/users\/1"}],"replies":[{"embeddable":true,"href":"https:\/\/www.croekspres.hr\/de\/wp-json\/wp\/v2\/comments?post=16249"}],"version-history":[{"count":4,"href":"https:\/\/www.croekspres.hr\/de\/wp-json\/wp\/v2\/pages\/16249\/revisions"}],"predecessor-version":[{"id":16276,"href":"https:\/\/www.croekspres.hr\/de\/wp-json\/wp\/v2\/pages\/16249\/revisions\/16276"}],"wp:attachment":[{"href":"https:\/\/www.croekspres.hr\/de\/wp-json\/wp\/v2\/media?parent=16249"}],"curies":[{"name":"wp","href":"https:\/\/api.w.org\/{rel}","templated":true}]}}