{"id":16240,"date":"2023-03-16T14:00:00","date_gmt":"2023-03-16T14:00:00","guid":{"rendered":"https:\/\/croekspres.kuhada.agency\/lernen-sie-cro-ekspres-kennen\/"},"modified":"2023-05-17T09:27:54","modified_gmt":"2023-05-17T09:27:54","slug":"lernen-sie-cro-ekspres-kennen","status":"publish","type":"page","link":"https:\/\/www.croekspres.hr\/de\/lernen-sie-cro-ekspres-kennen\/","title":{"rendered":"Lernen Sie Cro Ekspres kennen"},"content":{"rendered":"<p>[vc_section][vc_row gap=&#8220;80&#8243; content_placement=&#8220;middle&#8220; css_animation=&#8220;fadeIn&#8220; css=&#8220;.vc_custom_1532424606103{padding-top: 40px !important;padding-bottom: 64px !important;}&#8220;][vc_column animation_delay=&#8220;0&#8243; width=&#8220;1\/2&#8243; offset=&#8220;vc_col-lg-6 vc_col-md-6 vc_col-xs-12&#8243;]<div class=\"et-braket-block-wrapper\"><style>#et-braket-block-1 .braket-title {font-weight:700;color:#212121;}#et-braket-block-1 .braket-sub-title {color:#9a9a9a;}#et-braket-block-1 .braket-button {color:#212121 !important;}#et-braket-block-1 .braket-button:hover {color:#ffffff !important;}#et-braket-block-1 .braket-button:before {box-shadow:inset 0 0 0 1px #212121;}#et-braket-block-1 .braket-button:after {background-color:#fd8c40;}#et-braket-block-1 .braket > div:first-child,\r\n\t\t\t\t\t\t#et-braket-block-1 .braket > div:last-child,\r\n\t\t\t\t\t\t#et-braket-block-1 .braket > div:nth-child(2) > span  {background-color:#fd8c40;}<\/style><div id=\"et-braket-block-1\" data-delay=\"0\" class=\"et-braket-block left \"><div class=\"braket-block-inner et-clearfix\"><div class=\"braket\"><div><\/div><div><span><\/span><\/div><div><\/div><\/div><div class=\"braket-block-content\"><h1 class=\"braket-title\" data-mobile-font=\"inherit\" data-tablet-font=\"inherit\">Lernen Sie Cro Ekspres kennen<\/h1><\/div><\/div><div class=\"braket-block-content text et-clearfix\"><\/div><\/div><\/div>[\/vc_column][vc_column width=&#8220;1\/2&#8243;][vc_single_image image=&#8220;15038&#8243; img_size=&#8220;large&#8220; alignment=&#8220;right&#8220; style=&#8220;vc_box_shadow_3d&#8220; css_animation=&#8220;fadeInLeft&#8220;][\/vc_column][\/vc_row][vc_row][vc_column][vc_column_text]<\/p>\n<p style=\"text-align: justify;\">Wir liefern seit 2008 mit der gleichen Leidenschaft&#8230;<\/p>\n<p style=\"text-align: justify;\">Cro Ekspres doo ist ein privates Logistikunternehmen, das als absoluter Marktf\u00fchrer auf dem kroatischen Markt anerkannt ist, wenn es um die Verteilung von Sendungen im Inland geht.<\/p>\n<p style=\"text-align: justify;\">Unser Lager und unsere B\u00fcros befinden sich in Zagreb, dem wichtigsten Industriezentrum der Region, im Herzen der Vertriebszone &#8211; dem Zagreber Frachtterminal Jankomir, wo wir Crossdocking- und Lagerdienste anbieten k\u00f6nnen.<\/p>\n<p style=\"text-align: justify;\">In unserer f\u00fcnfzehnj\u00e4hrigen Erfahrung haben wir absolut alle Ecken des Landes mit Lagerzentren in allen wichtigen Industriezentren Kroatiens verbunden und erweitern unser Gesch\u00e4ft \u00fcber die Grenzen hinaus, um unseren Kunden komplette Logistikl\u00f6sungen anzubieten.<\/p>\n<p style=\"text-align: justify;\">Um die Welt wirklich zu verbinden, brauchen wir auch eine wirklich globale Sichtweise. Unser Horizont hat sich \u00fcber Grenzen, Ozeane und Kontinente hinaus erweitert. Wir verbinden nicht nur unterschiedliche Kulturen \u2013 wir pflegen sie. Die Teammitglieder von Cro Ekspres sind alle Fachleute mit durchschnittlich +12 Jahren Erfahrung in der Logistikbranche.<\/p>\n<p style=\"text-align: justify;\">Der kontinuierliche Verbesserungsprozess unseres Logistikunternehmens basiert auf unserem Engagement f\u00fcr unsere Kunden, unserer Leidenschaft f\u00fcr Innovation und unserem festen Glauben an wirtschaftliche, \u00f6kologische und soziale Nachhaltigkeit.<\/p>\n<p>[\/vc_column_text][\/vc_column][\/vc_row][vc_row][vc_column width=&#8220;1\/3&#8243;]<p data-to=\"15\" class=\"et-counter et-clearfix\" style=\"font-size:56px;font-weight:400;line-height:56px;color:#dd3333;\"><span class=\"counter\"><\/span><span class=\"prefix\">+<\/span><\/p><h1 id=\"et-animated-title-1\" class=\"et-animated-title et-clearfix  curtain curtain-left\" data-mobile-font=\"inherit\" data-tablet-font=\"inherit\" data-delay=\"0\" style=\"font-weight:700;color:#212121;\"><span class=\"text-wrapper\"><span class=\"text\">Jahr Erfahrung<\/span><span class=\"curtain\" style=\"background-color:#dd3333;\"><\/span><\/span><\/h1>[\/vc_column][vc_column width=&#8220;1\/3&#8243;]<p data-to=\"12\" class=\"et-counter et-clearfix\" style=\"font-size:56px;font-weight:400;line-height:56px;color:#dd3333;\"><span class=\"counter\"><\/span><span class=\"prefix\">M<\/span><\/p><h1 id=\"et-animated-title-2\" class=\"et-animated-title et-clearfix  curtain curtain-left\" data-mobile-font=\"inherit\" data-tablet-font=\"inherit\" data-delay=\"0\" style=\"font-weight:700;color:#212121;\"><span class=\"text-wrapper\"><span class=\"text\">Zufriedene Benutzer<\/span><span class=\"curtain\" style=\"background-color:#dd3333;\"><\/span><\/span><\/h1>[\/vc_column][vc_column width=&#8220;1\/3&#8243;]<p data-to=\"65\" class=\"et-counter et-clearfix\" style=\"font-size:56px;font-weight:400;line-height:56px;color:#dd3333;\"><span class=\"counter\"><\/span><span class=\"prefix\">k<\/span><\/p><h1 id=\"et-animated-title-3\" class=\"et-animated-title et-clearfix  curtain curtain-left\" data-mobile-font=\"inherit\" data-tablet-font=\"inherit\" data-delay=\"0\" style=\"font-weight:700;color:#212121;\"><span class=\"text-wrapper\"><span class=\"text\">Zugestellte Sendungen pro Monat<\/span><span class=\"curtain\" style=\"background-color:#dd3333;\"><\/span><\/span><\/h1>[\/vc_column][\/vc_row][\/vc_section][vc_row full_width=&#8220;stretch_row&#8220; gap=&#8220;0&#8243; css=&#8220;.vc_custom_1671461812259{padding-top: 0px !important;padding-bottom: 0px !important;background-color: #eb343b !important;background-position: center !important;background-repeat: no-repeat !important;background-size: contain !important;}&#8220; el_id=&#8220;hintergrundposition-75&#8243;][vc_column]<div class=\"gap et-clearfix hide768\" style=\"height:24px\"><\/div><div class=\"gap et-clearfix hide768\" style=\"height:24px\"><\/div><div class=\"et-ghost-title-wrapper\"><style>#et-ghost-title-1 {min-height:110px;padding-top:55px;}#et-ghost-title-1 .ghost-title {font-size:110px;line-height:110px;font-weight:700;color:rgba(0,0,0,0.1);left:-4px;}<\/style><div id=\"et-ghost-title-1\" class=\"et-ghost-title et-clearfix \" data-mobile-font=\"96px\" data-tablet-font=\"inherit\"><div class=\"ghost-title\">Jederzeit und \u00fcberall<\/div><div class=\"ghost-content et-clearfix\">[vc_custom_heading text=&#8220;Cro Ekspres h\u00e4lt Ihr Unternehmen am Puls der Zeit!&#8220; font_container=&#8220;tag:h3|font_size:70px|text_align:left|color:%23ffffff|line_height:70px&#8220; use_theme_fonts=&#8220;yes&#8220; mobile_font_size=&#8220;32px&#8220;]<\/div><\/div><\/div><div class=\"gap et-clearfix hide768\" style=\"height:48px\"><\/div><div class=\"gap et-clearfix hide768\" style=\"height:48px\"><\/div>[\/vc_column][\/vc_row][vc_row full_width=&#8220;stretch_row_content&#8220; gap=&#8220;0&#8243; css=&#8220;.vc_custom_1530608429182{background: #f5f5f5 url(https:\/\/enovathemes.com\/globax\/wp-content\/uploads\/globus_image_extra_smal.jpg?id=11490) !important;background-position: center !important;background-repeat: no-repeat !important;background-size: cover !important;}&#8220;][vc_column animation_delay=&#8220;0&#8243; css=&#8220;.vc_custom_1530608688047{padding-top: 0px !important;}&#8220;]<div class=\"et-tagline-wrapper\"><style>#et-tagline-1 {background-color:rgba(255,255,255,0.01);}#et-tagline-1 .tagline-title{color:#212121;}#et-tagline-1 .tagline-button{color:#ffffff;background-color:#eb343b;}#et-tagline-1 .tagline-button:hover{background-color:#212121;color:#ffffff;}#et-tagline-1 .tagline-icon{color:#aaaaaa;}<\/style><div id=\"et-tagline-1\" class=\"et-tagline\"><div class=\"tagline-container\"><span class=\"tagline-icon et-icon globax icon-gx-call-center-worker-with-headset\"><\/span><h3 class=\"tagline-title\">Kontaktieren Sie uns \u00fcber das Kontaktformular oder unter der Telefonnummer.<\/h3><div class=\"tagline-button-wrapper\"><a href=\"https:\/\/croekspres.hr\/de\/kontakt\/\" class=\"tagline-button et-button large\">eine Anfrage senden<\/a><\/div><\/div><\/div><\/div>[\/vc_column][\/vc_row]<\/p>\n","protected":false},"excerpt":{"rendered":"<p>Nutzen Sie agile Frameworks, um eine robuste Zusammenfassung f\u00fcr allgemeine \u00dcbersichten bereitzustellen. Iterative Ans\u00e4tze zur Unternehmensstrategie f\u00f6rdern kooperatives Denken, um das gesamte Wertversprechen zu f\u00f6rdern. Organisches Wachstum der ganzheitlichen Weltanschauung von disruptiven Innovationen durch Diversit\u00e4t und Empowerment am Arbeitsplatz.<\/p>\n","protected":false},"author":1,"featured_media":0,"parent":0,"menu_order":0,"comment_status":"closed","ping_status":"closed","template":"page-vc.php","meta":{"footnotes":""},"class_list":["post-16240","page","type-page","status-publish","hentry"],"yoast_head":"<!-- This site is optimized with the Yoast SEO plugin v20.7 - https:\/\/yoast.com\/wordpress\/plugins\/seo\/ -->\n<title>Lernen Sie Cro Ekspres kennen - CROekspres<\/title>\n<meta name=\"robots\" content=\"index, follow, max-snippet:-1, max-image-preview:large, max-video-preview:-1\" \/>\n<link rel=\"canonical\" href=\"https:\/\/www.croekspres.hr\/de\/lernen-sie-cro-ekspres-kennen\/\" \/>\n<meta property=\"og:locale\" content=\"de_DE\" \/>\n<meta property=\"og:type\" content=\"article\" \/>\n<meta property=\"og:title\" content=\"Lernen Sie Cro Ekspres kennen - CROekspres\" \/>\n<meta property=\"og:description\" content=\"Nutzen Sie agile Frameworks, um eine robuste Zusammenfassung f\u00fcr allgemeine \u00dcbersichten bereitzustellen. Iterative Ans\u00e4tze zur Unternehmensstrategie f\u00f6rdern kooperatives Denken, um das gesamte Wertversprechen zu f\u00f6rdern. Organisches Wachstum der ganzheitlichen Weltanschauung von disruptiven Innovationen durch Diversit\u00e4t und Empowerment am Arbeitsplatz.\" \/>\n<meta property=\"og:url\" content=\"https:\/\/www.croekspres.hr\/de\/lernen-sie-cro-ekspres-kennen\/\" \/>\n<meta property=\"og:site_name\" content=\"CROekspres\" \/>\n<meta property=\"article:modified_time\" content=\"2023-05-17T09:27:54+00:00\" \/>\n<meta property=\"og:image\" content=\"https:\/\/www.croekspres.hr\/wp-content\/uploads\/2023\/04\/rm381-04a-scaled.jpg\" \/>\n\t<meta property=\"og:image:width\" content=\"2560\" \/>\n\t<meta property=\"og:image:height\" content=\"1706\" \/>\n\t<meta property=\"og:image:type\" content=\"image\/jpeg\" \/>\n<meta name=\"twitter:card\" content=\"summary_large_image\" \/>\n<meta name=\"twitter:label1\" content=\"Gesch\u00e4tzte Lesezeit\" \/>\n\t<meta name=\"twitter:data1\" content=\"2\u00a0Minuten\" \/>\n<script type=\"application\/ld+json\" class=\"yoast-schema-graph\">{\"@context\":\"https:\/\/schema.org\",\"@graph\":[{\"@type\":\"WebPage\",\"@id\":\"https:\/\/www.croekspres.hr\/de\/lernen-sie-cro-ekspres-kennen\/\",\"url\":\"https:\/\/www.croekspres.hr\/de\/lernen-sie-cro-ekspres-kennen\/\",\"name\":\"Lernen Sie Cro Ekspres kennen - CROekspres\",\"isPartOf\":{\"@id\":\"https:\/\/mail.ortopedijaideal.hr\/#website\"},\"datePublished\":\"2023-03-16T14:00:00+00:00\",\"dateModified\":\"2023-05-17T09:27:54+00:00\",\"inLanguage\":\"de\",\"potentialAction\":[{\"@type\":\"ReadAction\",\"target\":[\"https:\/\/www.croekspres.hr\/de\/lernen-sie-cro-ekspres-kennen\/\"]}]},{\"@type\":\"WebSite\",\"@id\":\"https:\/\/mail.ortopedijaideal.hr\/#website\",\"url\":\"https:\/\/mail.ortopedijaideal.hr\/\",\"name\":\"CROekspres\",\"description\":\"Anytime, Anywhere\",\"publisher\":{\"@id\":\"https:\/\/mail.ortopedijaideal.hr\/#organization\"},\"potentialAction\":[{\"@type\":\"SearchAction\",\"target\":{\"@type\":\"EntryPoint\",\"urlTemplate\":\"https:\/\/mail.ortopedijaideal.hr\/?s={search_term_string}\"},\"query-input\":\"required name=search_term_string\"}],\"inLanguage\":\"de\"},{\"@type\":\"Organization\",\"@id\":\"https:\/\/mail.ortopedijaideal.hr\/#organization\",\"name\":\"Cro Ekspres d.o.o.\",\"url\":\"https:\/\/mail.ortopedijaideal.hr\/\",\"logo\":{\"@type\":\"ImageObject\",\"inLanguage\":\"de\",\"@id\":\"https:\/\/mail.ortopedijaideal.hr\/#\/schema\/logo\/image\/\",\"url\":\"\/wp-content\/uploads\/2023\/03\/Cro-ekspres-logo-new.png\",\"contentUrl\":\"\/wp-content\/uploads\/2023\/03\/Cro-ekspres-logo-new.png\",\"width\":200,\"height\":166,\"caption\":\"Cro Ekspres d.o.o.\"},\"image\":{\"@id\":\"https:\/\/mail.ortopedijaideal.hr\/#\/schema\/logo\/image\/\"}}]}<\/script>\n<!-- \/ Yoast SEO plugin. -->","yoast_head_json":{"title":"Lernen Sie Cro Ekspres kennen - CROekspres","robots":{"index":"index","follow":"follow","max-snippet":"max-snippet:-1","max-image-preview":"max-image-preview:large","max-video-preview":"max-video-preview:-1"},"canonical":"https:\/\/www.croekspres.hr\/de\/lernen-sie-cro-ekspres-kennen\/","og_locale":"de_DE","og_type":"article","og_title":"Lernen Sie Cro Ekspres kennen - CROekspres","og_description":"Nutzen Sie agile Frameworks, um eine robuste Zusammenfassung f\u00fcr allgemeine \u00dcbersichten bereitzustellen. Iterative Ans\u00e4tze zur Unternehmensstrategie f\u00f6rdern kooperatives Denken, um das gesamte Wertversprechen zu f\u00f6rdern. Organisches Wachstum der ganzheitlichen Weltanschauung von disruptiven Innovationen durch Diversit\u00e4t und Empowerment am Arbeitsplatz.","og_url":"https:\/\/www.croekspres.hr\/de\/lernen-sie-cro-ekspres-kennen\/","og_site_name":"CROekspres","article_modified_time":"2023-05-17T09:27:54+00:00","og_image":[{"width":2560,"height":1706,"url":"https:\/\/www.croekspres.hr\/wp-content\/uploads\/2023\/04\/rm381-04a-scaled.jpg","type":"image\/jpeg"}],"twitter_card":"summary_large_image","twitter_misc":{"Gesch\u00e4tzte Lesezeit":"2\u00a0Minuten"},"schema":{"@context":"https:\/\/schema.org","@graph":[{"@type":"WebPage","@id":"https:\/\/www.croekspres.hr\/de\/lernen-sie-cro-ekspres-kennen\/","url":"https:\/\/www.croekspres.hr\/de\/lernen-sie-cro-ekspres-kennen\/","name":"Lernen Sie Cro Ekspres kennen - CROekspres","isPartOf":{"@id":"https:\/\/mail.ortopedijaideal.hr\/#website"},"datePublished":"2023-03-16T14:00:00+00:00","dateModified":"2023-05-17T09:27:54+00:00","inLanguage":"de","potentialAction":[{"@type":"ReadAction","target":["https:\/\/www.croekspres.hr\/de\/lernen-sie-cro-ekspres-kennen\/"]}]},{"@type":"WebSite","@id":"https:\/\/mail.ortopedijaideal.hr\/#website","url":"https:\/\/mail.ortopedijaideal.hr\/","name":"CROekspres","description":"Anytime, Anywhere","publisher":{"@id":"https:\/\/mail.ortopedijaideal.hr\/#organization"},"potentialAction":[{"@type":"SearchAction","target":{"@type":"EntryPoint","urlTemplate":"https:\/\/mail.ortopedijaideal.hr\/?s={search_term_string}"},"query-input":"required name=search_term_string"}],"inLanguage":"de"},{"@type":"Organization","@id":"https:\/\/mail.ortopedijaideal.hr\/#organization","name":"Cro Ekspres d.o.o.","url":"https:\/\/mail.ortopedijaideal.hr\/","logo":{"@type":"ImageObject","inLanguage":"de","@id":"https:\/\/mail.ortopedijaideal.hr\/#\/schema\/logo\/image\/","url":"\/wp-content\/uploads\/2023\/03\/Cro-ekspres-logo-new.png","contentUrl":"\/wp-content\/uploads\/2023\/03\/Cro-ekspres-logo-new.png","width":200,"height":166,"caption":"Cro Ekspres d.o.o."},"image":{"@id":"https:\/\/mail.ortopedijaideal.hr\/#\/schema\/logo\/image\/"}}]}},"_links":{"self":[{"href":"https:\/\/www.croekspres.hr\/de\/wp-json\/wp\/v2\/pages\/16240","targetHints":{"allow":["GET"]}}],"collection":[{"href":"https:\/\/www.croekspres.hr\/de\/wp-json\/wp\/v2\/pages"}],"about":[{"href":"https:\/\/www.croekspres.hr\/de\/wp-json\/wp\/v2\/types\/page"}],"author":[{"embeddable":true,"href":"https:\/\/www.croekspres.hr\/de\/wp-json\/wp\/v2\/users\/1"}],"replies":[{"embeddable":true,"href":"https:\/\/www.croekspres.hr\/de\/wp-json\/wp\/v2\/comments?post=16240"}],"version-history":[{"count":5,"href":"https:\/\/www.croekspres.hr\/de\/wp-json\/wp\/v2\/pages\/16240\/revisions"}],"predecessor-version":[{"id":16705,"href":"https:\/\/www.croekspres.hr\/de\/wp-json\/wp\/v2\/pages\/16240\/revisions\/16705"}],"wp:attachment":[{"href":"https:\/\/www.croekspres.hr\/de\/wp-json\/wp\/v2\/media?parent=16240"}],"curies":[{"name":"wp","href":"https:\/\/api.w.org\/{rel}","templated":true}]}}