{"id":16238,"date":"2023-03-09T15:13:34","date_gmt":"2023-03-09T15:13:34","guid":{"rendered":"https:\/\/croekspres.kuhada.agency\/seeverkehr\/"},"modified":"2023-05-02T10:36:35","modified_gmt":"2023-05-02T10:36:35","slug":"seeverkehr","status":"publish","type":"page","link":"https:\/\/www.croekspres.hr\/de\/seeverkehr\/","title":{"rendered":"Seeverkehr"},"content":{"rendered":"<p>[vc_section][vc_row][vc_column]<div class=\"gap et-clearfix \" style=\"height:32px\"><\/div><div class=\"gap et-clearfix \" style=\"height:32px\"><\/div><h3 id=\"et-animated-title-1\" class=\"et-animated-title et-clearfix  curtain curtain-left\" data-mobile-font=\"32px\" data-tablet-font=\"inherit\" data-delay=\"100\" style=\"font-size:48px;font-weight:700;line-height:56px;color:#2c332c;\"><span class=\"text-wrapper\"><span class=\"text\">CRO EXPRESS MARINE L\u00d6SUNGEN<br \/>\n<\/span><span class=\"curtain\" style=\"background-color:#dd3333;\"><\/span><\/span><\/h3>[\/vc_column][\/vc_row][vc_row gap=&#8220;80&#8243; content_placement=&#8220;middle&#8220; css_animation=&#8220;fadeIn&#8220; css=&#8220;.vc_custom_1532424606103{padding-top: 40px !important;padding-bottom: 64px !important;}&#8220;][vc_column animation_delay=&#8220;0&#8243; offset=&#8220;vc_col-lg-6 vc_col-md-6 vc_col-xs-12&#8243;]<div class=\"et-braket-block-wrapper\"><style>#et-braket-block-1 .braket-title {font-weight:700;color:#212121;}#et-braket-block-1 .braket-sub-title {color:#9a9a9a;}#et-braket-block-1 .braket-button {color:#212121 !important;}#et-braket-block-1 .braket-button:hover {color:#ffffff !important;}#et-braket-block-1 .braket-button:before {box-shadow:inset 0 0 0 1px #212121;}#et-braket-block-1 .braket-button:after {background-color:#fd8c40;}#et-braket-block-1 .braket > div:first-child,\r\n\t\t\t\t\t\t#et-braket-block-1 .braket > div:last-child,\r\n\t\t\t\t\t\t#et-braket-block-1 .braket > div:nth-child(2) > span  {background-color:#fd8c40;}<\/style><div id=\"et-braket-block-1\" data-delay=\"0\" class=\"et-braket-block left \"><div class=\"braket-block-inner et-clearfix\"><div class=\"braket\"><div><\/div><div><span><\/span><\/div><div><\/div><\/div><div class=\"braket-block-content\"><h1 class=\"braket-title\" data-mobile-font=\"inherit\" data-tablet-font=\"inherit\">FCL - Transport von vollen Containern<\/h1><\/div><\/div><div class=\"braket-block-content text et-clearfix\"><\/div><\/div><\/div><div class=\"gap et-clearfix \" style=\"height:32px\"><\/div>[vc_wp_text]<\/p>\n<p style=\"text-align: justify;\">Transportieren Sie Ihre Containersendungen sicher, wettbewerbsf\u00e4hig und einfach.<\/p>\n<p style=\"text-align: justify;\">Cro Ekspres bietet Ihnen den Transport aller Arten von Containersendungen zu wettbewerbsf\u00e4higen Preisen, gesicherten Laderaum auf allen wichtigen See- und Handelsrouten.<\/p>\n<p style=\"text-align: justify;\">Durch die Zusammenarbeit mit allen Reedereien und einem verzweigten Agentennetz in allen Hafenzentren der Welt stellen wir regelm\u00e4\u00dfige Abfahrten und verl\u00e4ssliche Lieferzeiten zu allen H\u00e4fen sicher.<\/p>\n<p style=\"text-align: justify;\">Unser Partnernetzwerk versteht die lokalen Vorschriften und ist in allen Einkaufszentren als lokaler Support in den Schifffahrts- oder Zielh\u00e4fen sowie im Binnenland aktiv.<\/p>\n<p style=\"text-align: justify;\">Unser Team von Spezialisten auf diesem Gebiet bietet Ihnen komplette Logistikl\u00f6sungen von der Warenannahme, dem Transport, den Zollformalit\u00e4ten und der Haus-zu-Haus-Lieferung.<\/p>\n<p style=\"text-align: justify;\">Wir kombinieren und optimieren See-, Luft- und Bahntransporte flexibel mit Unterst\u00fctzung auf Stra\u00dfenrouten und bieten so eine exakt auf Ihre Bed\u00fcrfnisse und nat\u00fcrlich die Bed\u00fcrfnisse Ihrer Kunden zugeschnittene L\u00f6sung.<\/p>\n<p style=\"text-align: justify;\">Wir sind bereit, saisonale Schwankungen mit vorgebuchtem Schiffsraum zu \u00fcberwinden und verhindern, dass Ihre Container in der Hochsaison \u201eh\u00e4ngen bleiben\u201c und dadurch den Fluss Ihrer Lieferkette gef\u00e4hrden.<\/p>\n<p style=\"text-align: justify;\">Jeder kommerzielle Seeweg ist f\u00fcr uns befahrbar \u2013 <em>unser Team aus der Schifffahrtsabteilung hat f\u00fcr jeden Container eine L\u00f6sung!<\/em><\/p>\n<p>[\/vc_wp_text][\/vc_column][vc_column animation_delay=&#8220;0&#8243; offset=&#8220;vc_col-lg-6 vc_col-md-6 vc_col-xs-12&#8243;]<div class=\"gap et-clearfix \" style=\"height:32px\"><\/div>[vc_single_image image=&#8220;15041&#8243; img_size=&#8220;600&#215;820&#8243; alignment=&#8220;right&#8220; style=&#8220;vc_box_shadow_3d&#8220; css_animation=&#8220;fadeInLeft&#8220;][\/vc_column][\/vc_row][vc_row gap=&#8220;80&#8243; content_placement=&#8220;middle&#8220; css_animation=&#8220;fadeIn&#8220; css=&#8220;.vc_custom_1532424606103{padding-top: 40px !important;padding-bottom: 64px !important;}&#8220;][vc_column animation_delay=&#8220;0&#8243; offset=&#8220;vc_col-lg-6 vc_col-md-6 vc_col-xs-12&#8243;][vc_single_image image=&#8220;13324&#8243; img_size=&#8220;600&#215;820&#8243; alignment=&#8220;right&#8220; style=&#8220;vc_box_shadow_3d&#8220; css_animation=&#8220;fadeInLeft&#8220;][\/vc_column][vc_column animation_delay=&#8220;0&#8243; offset=&#8220;vc_col-lg-6 vc_col-md-6 vc_col-xs-12&#8243;]<div class=\"et-braket-block-wrapper\"><style>#et-braket-block-2 .braket-title {font-weight:700;color:#212121;}#et-braket-block-2 .braket-sub-title {color:#9a9a9a;}#et-braket-block-2 .braket-button {color:#212121 !important;}#et-braket-block-2 .braket-button:hover {color:#ffffff !important;}#et-braket-block-2 .braket-button:before {box-shadow:inset 0 0 0 1px #212121;}#et-braket-block-2 .braket-button:after {background-color:#dd3333;}#et-braket-block-2 .braket > div:first-child,\r\n\t\t\t\t\t\t#et-braket-block-2 .braket > div:last-child,\r\n\t\t\t\t\t\t#et-braket-block-2 .braket > div:nth-child(2) > span  {background-color:#dd3333;}<\/style><div id=\"et-braket-block-2\" data-delay=\"0\" class=\"et-braket-block left \"><div class=\"braket-block-inner et-clearfix\"><div class=\"braket\"><div><\/div><div><span><\/span><\/div><div><\/div><\/div><div class=\"braket-block-content\"><h1 class=\"braket-title\" data-mobile-font=\"inherit\" data-tablet-font=\"inherit\">LCL - Sammelseetransporte<\/h1><\/div><\/div><div class=\"braket-block-content text et-clearfix\"><\/div><\/div><\/div><div class=\"gap et-clearfix \" style=\"height:32px\"><\/div>[vc_wp_text]<span style=\"font-weight: 400;\">Ihr Vorrat geht zur Neige und Sie m\u00fcssen keine gr\u00f6\u00dfere Menge bestellen, der Lieferant ist im Moment nicht bereit, die Menge zu liefern, um einen vollen Container zu f\u00fcllen, oder Sie m\u00f6chten den Vorrat einfach anders verwalten &#8211; was auch immer Deshalb sind Sammelseetransporte die ideale Ma\u00dfnahme f\u00fcr Sie. Dieser Service ist ideal f\u00fcr den Transport kleinerer Sendungen, denn Sie teilen sich den Ladecontainerplatz mit anderen Auftraggebern im Verh\u00e4ltnis, in dem Ihre Sendung Platz beansprucht.<\/span><\/p>\n<p><span style=\"font-weight: 400;\">So erh\u00f6hen Sie die Liefergeschwindigkeit und verwalten Ihren Lagerbestand.<\/span><\/p>\n<p><span style=\"font-weight: 400;\">Durch zuverl\u00e4ssige globale Partner bieten wir die M\u00f6glichkeit, Waren zu konsolidieren, f\u00fchren alle notwendigen vorbereitenden Ma\u00dfnahmen f\u00fcr den sicheren Transport Ihrer Sendungen durch, f\u00fchren die erforderlichen Zollverfahren durch und erm\u00f6glichen so den gesamten Prozess dieses multimodalen Transports reibungslos und ohne unn\u00f6tige Stopps und Verz\u00f6gerungen verlaufen.<\/span><\/p>\n<p><span style=\"font-weight: 400;\">Wir bieten direkte w\u00f6chentliche Abfahrten von allen gro\u00dfen Seeh\u00e4fen an, und die Strecken, die wir nicht direkt anbinden, werden \u00fcber hervorragend angebundene Umschlagpl\u00e4tze abgewickelt.<\/span><\/p>\n<p><span style=\"font-weight: 400;\">Wenn Ihre LCL-Sendungen an Land ankommen, sind wir da, um sie \u00fcber unser eigenes Vertriebsnetz an die T\u00fcren Ihrer Kunden zu liefern.<\/span>[\/vc_wp_text][\/vc_column][\/vc_row][vc_row gap=&#8220;80&#8243; content_placement=&#8220;middle&#8220; css_animation=&#8220;fadeIn&#8220; css=&#8220;.vc_custom_1532424606103{padding-top: 40px !important;padding-bottom: 64px !important;}&#8220;][vc_column animation_delay=&#8220;0&#8243; offset=&#8220;vc_col-lg-6 vc_col-md-6 vc_col-xs-12&#8243;]<div class=\"et-braket-block-wrapper\"><style>#et-braket-block-3 .braket-title {font-weight:700;color:#212121;}#et-braket-block-3 .braket-sub-title {color:#9a9a9a;}#et-braket-block-3 .braket-button {color:#212121 !important;}#et-braket-block-3 .braket-button:hover {color:#ffffff !important;}#et-braket-block-3 .braket-button:before {box-shadow:inset 0 0 0 1px #212121;}#et-braket-block-3 .braket-button:after {background-color:#dd3333;}#et-braket-block-3 .braket > div:first-child,\r\n\t\t\t\t\t\t#et-braket-block-3 .braket > div:last-child,\r\n\t\t\t\t\t\t#et-braket-block-3 .braket > div:nth-child(2) > span  {background-color:#dd3333;}<\/style><div id=\"et-braket-block-3\" data-delay=\"0\" class=\"et-braket-block left \"><div class=\"braket-block-inner et-clearfix\"><div class=\"braket\"><div><\/div><div><span><\/span><\/div><div><\/div><\/div><div class=\"braket-block-content\"><h1 class=\"braket-title\" data-mobile-font=\"inherit\" data-tablet-font=\"inherit\">Transport von Masseng\u00fctern - Projektarbeit<\/h1><\/div><\/div><div class=\"braket-block-content text et-clearfix\"><\/div><\/div><\/div><div class=\"gap et-clearfix \" style=\"height:32px\"><\/div>[vc_wp_text]<\/p>\n<p style=\"text-align: justify;\"><span style=\"font-weight: 400;\">Wenn Sie eine Sendung haben, die die Standardabmessungen \u00fcberschreitet, ob sie zu gro\u00df oder zu schwer f\u00fcr Standardausr\u00fcstung ist oder es sich um Fl\u00fcssig- oder Sch\u00fcttgut handelt, handelt es sich um eine Projektsendung.<\/span><\/p>\n<p style=\"text-align: justify;\"><span style=\"font-weight: 400;\">Unsere Spezialisten von Cro Ekspres f\u00fcr Projektarbeit sind hier, um gemeinsam mit Ihnen die beste individuelle L\u00f6sung f\u00fcr ihren Transport zu finden. Wenn man bedenkt, dass der Transport solcher Sendungen ein hohes Ma\u00df an Fachwissen, Aufmerksamkeit und Sicherheit erfordert, \u00fcberlassen Sie es ihnen &#8211; Sie sind an der richtigen Stelle.<\/span><\/p>\n<p style=\"text-align: justify;\"><span style=\"font-weight: 400;\">Wir erstellen eine Einsch\u00e4tzung des besten Transportmittels, der optimalen Route, wir verpacken diese, sorgen bei Bedarf zus\u00e4tzlich f\u00fcr die \u00dcberwachung Ihrer Sendung, organisieren eine Begleitung und alle notwendigen Ma\u00dfnahmen, damit Ihre wertvolle Fracht so sicher wie m\u00f6glich ankommt vom Startpunkt bis zum Endpunkt.<\/span><\/p>\n<p>[\/vc_wp_text][\/vc_column][vc_column animation_delay=&#8220;0&#8243; offset=&#8220;vc_col-lg-6 vc_col-md-6 vc_col-xs-12&#8243;]<div class=\"gap et-clearfix \" style=\"height:32px\"><\/div>[vc_single_image image=&#8220;14894&#8243; img_size=&#8220;700&#215;820&#8243; alignment=&#8220;right&#8220; style=&#8220;vc_box_shadow_3d&#8220; css_animation=&#8220;fadeInLeft&#8220;][\/vc_column][\/vc_row][vc_row gap=&#8220;80&#8243; content_placement=&#8220;middle&#8220; css_animation=&#8220;fadeIn&#8220; css=&#8220;.vc_custom_1532424606103{padding-top: 40px !important;padding-bottom: 64px !important;}&#8220;][vc_column animation_delay=&#8220;0&#8243; offset=&#8220;vc_col-lg-6 vc_col-md-6 vc_col-xs-12&#8243;]<div class=\"gap et-clearfix \" style=\"height:32px\"><\/div>[vc_single_image image=&#8220;14887&#8243; img_size=&#8220;600&#215;820&#8243; alignment=&#8220;right&#8220; style=&#8220;vc_box_shadow_3d&#8220; css_animation=&#8220;fadeInLeft&#8220;][\/vc_column][vc_column animation_delay=&#8220;0&#8243; offset=&#8220;vc_col-lg-6 vc_col-md-6 vc_col-xs-12&#8243;]<div class=\"et-braket-block-wrapper\"><style>#et-braket-block-4 .braket-title {font-weight:700;color:#212121;}#et-braket-block-4 .braket-sub-title {color:#9a9a9a;}#et-braket-block-4 .braket-button {color:#212121 !important;}#et-braket-block-4 .braket-button:hover {color:#ffffff !important;}#et-braket-block-4 .braket-button:before {box-shadow:inset 0 0 0 1px #212121;}#et-braket-block-4 .braket-button:after {background-color:#dd3333;}#et-braket-block-4 .braket > div:first-child,\r\n\t\t\t\t\t\t#et-braket-block-4 .braket > div:last-child,\r\n\t\t\t\t\t\t#et-braket-block-4 .braket > div:nth-child(2) > span  {background-color:#dd3333;}<\/style><div id=\"et-braket-block-4\" data-delay=\"0\" class=\"et-braket-block left \"><div class=\"braket-block-inner et-clearfix\"><div class=\"braket\"><div><\/div><div><span><\/span><\/div><div><\/div><\/div><div class=\"braket-block-content\"><h1 class=\"braket-title\" data-mobile-font=\"inherit\" data-tablet-font=\"inherit\">Schienenverkehr<\/h1><\/div><\/div><div class=\"braket-block-content text et-clearfix\"><\/div><\/div><\/div><div class=\"gap et-clearfix \" style=\"height:32px\"><\/div>[vc_wp_text]<\/p>\n<p style=\"text-align: justify;\">Als Alternative zum See- und Lufttransport empfehlen wir den Bahntransport. Die Lieferzeiten sind etwa zwei Wochen k\u00fcrzer als beim Seetransport und der Preis ist etwa 60 % g\u00fcnstiger als beim Lufttransport.<\/p>\n<p style=\"text-align: justify;\">Wenn Sie regelm\u00e4\u00dfige Sendungen haben, k\u00f6nnen Sie mit dieser Transportart auf der Seidenstra\u00dfe Zeit und Geld sparen.<\/p>\n<p style=\"text-align: justify;\">Wenn die Sendung einen der europ\u00e4ischen HUBs erreicht, gibt es unsere direkten Stra\u00dfendienste, mit denen wir Ihre Sendungen an die Lieferadresse liefern.<\/p>\n<p style=\"text-align: justify;\">In Europa nutzen wir die Sammelzentren unserer vertrauensw\u00fcrdigen Partner, die f\u00fcr die sichere Weiterleitung nach West-, Mittel- und Osteuropa verantwortlich sind.<\/p>\n<p style=\"text-align: justify;\">Auf unseren angebundenen und etablierten Transportwegen sind Ihre Bahnsendungen immer in sicheren H\u00e4nden.<\/p>\n<p>[\/vc_wp_text][\/vc_column][\/vc_row][vc_row][vc_column]<div class=\"gap et-clearfix \" style=\"height:32px\"><\/div>[\/vc_column][\/vc_row][\/vc_section]<\/p>\n","protected":false},"excerpt":{"rendered":"<p>Nutzen Sie agile Frameworks, um eine robuste Zusammenfassung f\u00fcr allgemeine \u00dcbersichten bereitzustellen. Iterative Ans\u00e4tze zur Unternehmensstrategie f\u00f6rdern kooperatives Denken, um das gesamte Wertversprechen zu f\u00f6rdern. Organisches Wachstum der ganzheitlichen Weltanschauung von disruptiven Innovationen durch Diversit\u00e4t und Empowerment am Arbeitsplatz.<\/p>\n","protected":false},"author":1,"featured_media":0,"parent":0,"menu_order":0,"comment_status":"closed","ping_status":"closed","template":"page-vc.php","meta":{"footnotes":""},"class_list":["post-16238","page","type-page","status-publish","hentry"],"yoast_head":"<!-- This site is optimized with the Yoast SEO plugin v20.7 - https:\/\/yoast.com\/wordpress\/plugins\/seo\/ -->\n<title>Seeverkehr - CROekspres<\/title>\n<meta name=\"robots\" content=\"index, follow, max-snippet:-1, max-image-preview:large, max-video-preview:-1\" \/>\n<link rel=\"canonical\" href=\"https:\/\/www.croekspres.hr\/de\/seeverkehr\/\" \/>\n<meta property=\"og:locale\" content=\"de_DE\" \/>\n<meta property=\"og:type\" content=\"article\" \/>\n<meta property=\"og:title\" content=\"Seeverkehr - CROekspres\" \/>\n<meta property=\"og:description\" content=\"Nutzen Sie agile Frameworks, um eine robuste Zusammenfassung f\u00fcr allgemeine \u00dcbersichten bereitzustellen. Iterative Ans\u00e4tze zur Unternehmensstrategie f\u00f6rdern kooperatives Denken, um das gesamte Wertversprechen zu f\u00f6rdern. Organisches Wachstum der ganzheitlichen Weltanschauung von disruptiven Innovationen durch Diversit\u00e4t und Empowerment am Arbeitsplatz.\" \/>\n<meta property=\"og:url\" content=\"https:\/\/www.croekspres.hr\/de\/seeverkehr\/\" \/>\n<meta property=\"og:site_name\" content=\"CROekspres\" \/>\n<meta property=\"article:modified_time\" content=\"2023-05-02T10:36:35+00:00\" \/>\n<meta property=\"og:image\" content=\"https:\/\/www.croekspres.hr\/wp-content\/uploads\/2023\/04\/rm381-04a-scaled.jpg\" \/>\n\t<meta property=\"og:image:width\" content=\"2560\" \/>\n\t<meta property=\"og:image:height\" content=\"1706\" \/>\n\t<meta property=\"og:image:type\" content=\"image\/jpeg\" \/>\n<meta name=\"twitter:card\" content=\"summary_large_image\" \/>\n<meta name=\"twitter:label1\" content=\"Gesch\u00e4tzte Lesezeit\" \/>\n\t<meta name=\"twitter:data1\" content=\"4\u00a0Minuten\" \/>\n<script type=\"application\/ld+json\" class=\"yoast-schema-graph\">{\"@context\":\"https:\/\/schema.org\",\"@graph\":[{\"@type\":\"WebPage\",\"@id\":\"https:\/\/www.croekspres.hr\/de\/seeverkehr\/\",\"url\":\"https:\/\/www.croekspres.hr\/de\/seeverkehr\/\",\"name\":\"Seeverkehr - CROekspres\",\"isPartOf\":{\"@id\":\"https:\/\/mail.ortopedijaideal.hr\/#website\"},\"datePublished\":\"2023-03-09T15:13:34+00:00\",\"dateModified\":\"2023-05-02T10:36:35+00:00\",\"inLanguage\":\"de\",\"potentialAction\":[{\"@type\":\"ReadAction\",\"target\":[\"https:\/\/www.croekspres.hr\/de\/seeverkehr\/\"]}]},{\"@type\":\"WebSite\",\"@id\":\"https:\/\/mail.ortopedijaideal.hr\/#website\",\"url\":\"https:\/\/mail.ortopedijaideal.hr\/\",\"name\":\"CROekspres\",\"description\":\"Anytime, Anywhere\",\"publisher\":{\"@id\":\"https:\/\/mail.ortopedijaideal.hr\/#organization\"},\"potentialAction\":[{\"@type\":\"SearchAction\",\"target\":{\"@type\":\"EntryPoint\",\"urlTemplate\":\"https:\/\/mail.ortopedijaideal.hr\/?s={search_term_string}\"},\"query-input\":\"required name=search_term_string\"}],\"inLanguage\":\"de\"},{\"@type\":\"Organization\",\"@id\":\"https:\/\/mail.ortopedijaideal.hr\/#organization\",\"name\":\"Cro Ekspres d.o.o.\",\"url\":\"https:\/\/mail.ortopedijaideal.hr\/\",\"logo\":{\"@type\":\"ImageObject\",\"inLanguage\":\"de\",\"@id\":\"https:\/\/mail.ortopedijaideal.hr\/#\/schema\/logo\/image\/\",\"url\":\"\/wp-content\/uploads\/2023\/03\/Cro-ekspres-logo-new.png\",\"contentUrl\":\"\/wp-content\/uploads\/2023\/03\/Cro-ekspres-logo-new.png\",\"width\":200,\"height\":166,\"caption\":\"Cro Ekspres d.o.o.\"},\"image\":{\"@id\":\"https:\/\/mail.ortopedijaideal.hr\/#\/schema\/logo\/image\/\"}}]}<\/script>\n<!-- \/ Yoast SEO plugin. -->","yoast_head_json":{"title":"Seeverkehr - CROekspres","robots":{"index":"index","follow":"follow","max-snippet":"max-snippet:-1","max-image-preview":"max-image-preview:large","max-video-preview":"max-video-preview:-1"},"canonical":"https:\/\/www.croekspres.hr\/de\/seeverkehr\/","og_locale":"de_DE","og_type":"article","og_title":"Seeverkehr - CROekspres","og_description":"Nutzen Sie agile Frameworks, um eine robuste Zusammenfassung f\u00fcr allgemeine \u00dcbersichten bereitzustellen. Iterative Ans\u00e4tze zur Unternehmensstrategie f\u00f6rdern kooperatives Denken, um das gesamte Wertversprechen zu f\u00f6rdern. Organisches Wachstum der ganzheitlichen Weltanschauung von disruptiven Innovationen durch Diversit\u00e4t und Empowerment am Arbeitsplatz.","og_url":"https:\/\/www.croekspres.hr\/de\/seeverkehr\/","og_site_name":"CROekspres","article_modified_time":"2023-05-02T10:36:35+00:00","og_image":[{"width":2560,"height":1706,"url":"https:\/\/www.croekspres.hr\/wp-content\/uploads\/2023\/04\/rm381-04a-scaled.jpg","type":"image\/jpeg"}],"twitter_card":"summary_large_image","twitter_misc":{"Gesch\u00e4tzte Lesezeit":"4\u00a0Minuten"},"schema":{"@context":"https:\/\/schema.org","@graph":[{"@type":"WebPage","@id":"https:\/\/www.croekspres.hr\/de\/seeverkehr\/","url":"https:\/\/www.croekspres.hr\/de\/seeverkehr\/","name":"Seeverkehr - CROekspres","isPartOf":{"@id":"https:\/\/mail.ortopedijaideal.hr\/#website"},"datePublished":"2023-03-09T15:13:34+00:00","dateModified":"2023-05-02T10:36:35+00:00","inLanguage":"de","potentialAction":[{"@type":"ReadAction","target":["https:\/\/www.croekspres.hr\/de\/seeverkehr\/"]}]},{"@type":"WebSite","@id":"https:\/\/mail.ortopedijaideal.hr\/#website","url":"https:\/\/mail.ortopedijaideal.hr\/","name":"CROekspres","description":"Anytime, Anywhere","publisher":{"@id":"https:\/\/mail.ortopedijaideal.hr\/#organization"},"potentialAction":[{"@type":"SearchAction","target":{"@type":"EntryPoint","urlTemplate":"https:\/\/mail.ortopedijaideal.hr\/?s={search_term_string}"},"query-input":"required name=search_term_string"}],"inLanguage":"de"},{"@type":"Organization","@id":"https:\/\/mail.ortopedijaideal.hr\/#organization","name":"Cro Ekspres d.o.o.","url":"https:\/\/mail.ortopedijaideal.hr\/","logo":{"@type":"ImageObject","inLanguage":"de","@id":"https:\/\/mail.ortopedijaideal.hr\/#\/schema\/logo\/image\/","url":"\/wp-content\/uploads\/2023\/03\/Cro-ekspres-logo-new.png","contentUrl":"\/wp-content\/uploads\/2023\/03\/Cro-ekspres-logo-new.png","width":200,"height":166,"caption":"Cro Ekspres d.o.o."},"image":{"@id":"https:\/\/mail.ortopedijaideal.hr\/#\/schema\/logo\/image\/"}}]}},"_links":{"self":[{"href":"https:\/\/www.croekspres.hr\/de\/wp-json\/wp\/v2\/pages\/16238","targetHints":{"allow":["GET"]}}],"collection":[{"href":"https:\/\/www.croekspres.hr\/de\/wp-json\/wp\/v2\/pages"}],"about":[{"href":"https:\/\/www.croekspres.hr\/de\/wp-json\/wp\/v2\/types\/page"}],"author":[{"embeddable":true,"href":"https:\/\/www.croekspres.hr\/de\/wp-json\/wp\/v2\/users\/1"}],"replies":[{"embeddable":true,"href":"https:\/\/www.croekspres.hr\/de\/wp-json\/wp\/v2\/comments?post=16238"}],"version-history":[{"count":3,"href":"https:\/\/www.croekspres.hr\/de\/wp-json\/wp\/v2\/pages\/16238\/revisions"}],"predecessor-version":[{"id":16663,"href":"https:\/\/www.croekspres.hr\/de\/wp-json\/wp\/v2\/pages\/16238\/revisions\/16663"}],"wp:attachment":[{"href":"https:\/\/www.croekspres.hr\/de\/wp-json\/wp\/v2\/media?parent=16238"}],"curies":[{"name":"wp","href":"https:\/\/api.w.org\/{rel}","templated":true}]}}