{"id":16231,"date":"2023-03-13T16:40:01","date_gmt":"2023-03-13T16:40:01","guid":{"rendered":"https:\/\/croekspres.kuhada.agency\/logistikloesungen\/"},"modified":"2023-05-02T10:38:25","modified_gmt":"2023-05-02T10:38:25","slug":"logistikloesungen","status":"publish","type":"page","link":"https:\/\/www.croekspres.hr\/de\/logistikloesungen\/","title":{"rendered":"Logistikl\u00f6sungen"},"content":{"rendered":"<p>[vc_section][vc_row gap=&#8220;80&#8243; content_placement=&#8220;middle&#8220; css_animation=&#8220;fadeIn&#8220; css=&#8220;.vc_custom_1532424606103{padding-top: 40px !important;padding-bottom: 64px !important;}&#8220;][vc_column animation_delay=&#8220;0&#8243; offset=&#8220;vc_col-lg-6 vc_col-md-6 vc_col-xs-12&#8243;]<h3 id=\"et-animated-title-1\" class=\"et-animated-title et-clearfix  words-direct\" data-mobile-font=\"32px\" data-tablet-font=\"inherit\" data-delay=\"100\" style=\"font-size:48px;font-weight:700;line-height:56px;color:#2c332c;\"><span class=\"text-wrapper\"><span class=\"text\">Lagerdienstleistungen <\/span><\/span><\/h3><div class=\"gap et-clearfix \" style=\"height:32px\"><\/div><div class=\"gap et-clearfix \" style=\"height:32px\"><\/div><div class=\"et-simple-braket-block-wrapper\"><style>#et-simple-braket-block-1 .braket-text {font-weight:400;}#et-simple-braket-block-1 .braket > div  {background-color:#eb343b;}<\/style><div id=\"et-simple-braket-block-1\" class=\"et-simple-braket-block \"><div class=\"braket\"><div><\/div><div><\/div><div><\/div><\/div><div class=\"braket-text\" data-mobile-font=\"inherit\" data-tablet-font=\"inherit\">Sichern Sie sich zus\u00e4tzlichen Speicherplatz oder entscheiden Sie sich, den gesamten Speicherbetrieb auszulagern und Cro Ekspres zu \u00fcberlassen!<\/div><\/div><\/div>[\/vc_column][vc_column animation_delay=&#8220;0&#8243; offset=&#8220;vc_col-lg-6 vc_col-md-6 vc_col-xs-12&#8243;]<div id=\"image-slider-1\" data-columns=\"1\" class=\"et-image-slider thumbnail-true\"><ul id=\"image-slider-slides-1\" data-columns=\"1\" class=\"image-slider-slides owl-thumbnail-true et-clearfix\"><li class=\"et-slider-item\"><div class=\"overlay-hover\"><a data-lightbox-gallery=\"image-slider-1\" href=\"\/wp-content\/uploads\/2023\/04\/croekspres4.jpg\"><div class=\"image-container\"><img loading=\"lazy\" decoding=\"async\" width=\"1200\" alt=\"\" height=\"640\" src=\"\/wp-content\/uploads\/2023\/04\/croekspres4-1200x640.jpg\"><\/div><\/a><\/div><\/li><li class=\"et-slider-item\"><div class=\"overlay-hover\"><a data-lightbox-gallery=\"image-slider-1\" href=\"\/wp-content\/uploads\/2022\/12\/6.jpg\"><div class=\"image-container\"><img loading=\"lazy\" decoding=\"async\" width=\"1200\" alt=\"\" height=\"640\" src=\"\/wp-content\/uploads\/2022\/12\/6-1200x640.jpg\"><\/div><\/a><\/div><\/li><li class=\"et-slider-item\"><div class=\"overlay-hover\"><a data-lightbox-gallery=\"image-slider-1\" href=\"\/wp-content\/uploads\/2023\/04\/cro-ekspres-1.jpg\"><div class=\"image-container\"><img loading=\"lazy\" decoding=\"async\" width=\"1200\" alt=\"\" height=\"640\" src=\"\/wp-content\/uploads\/2023\/04\/cro-ekspres-1-1200x640.jpg\"><\/div><\/a><\/div><\/li><li class=\"et-slider-item\"><div class=\"overlay-hover\"><a data-lightbox-gallery=\"image-slider-1\" href=\"\/wp-content\/uploads\/2023\/04\/croekspres3.jpg\"><div class=\"image-container\"><img loading=\"lazy\" decoding=\"async\" width=\"1080\" alt=\"\" height=\"640\" src=\"\/wp-content\/uploads\/2023\/04\/croekspres3-1080x640.jpg\"><\/div><\/a><\/div><\/li><li class=\"et-slider-item\"><div class=\"overlay-hover\"><a data-lightbox-gallery=\"image-slider-1\" href=\"\/wp-content\/uploads\/2022\/12\/7.jpg\"><div class=\"image-container\"><img loading=\"lazy\" decoding=\"async\" width=\"1200\" alt=\"\" height=\"640\" src=\"\/wp-content\/uploads\/2022\/12\/7-1200x640.jpg\"><\/div><\/a><\/div><\/li><li class=\"et-slider-item\"><div class=\"overlay-hover\"><a data-lightbox-gallery=\"image-slider-1\" href=\"\/wp-content\/uploads\/2023\/04\/croekspres2.jpg\"><div class=\"image-container\"><img loading=\"lazy\" decoding=\"async\" width=\"1200\" alt=\"\" height=\"640\" src=\"\/wp-content\/uploads\/2023\/04\/croekspres2-1200x640.jpg\"><\/div><\/a><\/div><\/li><\/ul><ul id=\"image-slider-thumbnail-1\" class=\"image-slider-thumbnail et-clearfix\"><li><div class=\"image-container\"><img loading=\"lazy\" decoding=\"async\" width=\"150\" height=\"150\" alt=\"\" src=\"\/wp-content\/uploads\/2023\/04\/croekspres4-150x150.jpg\"><\/div><\/li><li><div class=\"image-container\"><img loading=\"lazy\" decoding=\"async\" width=\"150\" height=\"150\" alt=\"\" src=\"\/wp-content\/uploads\/2022\/12\/6-150x150.jpg\"><\/div><\/li><li><div class=\"image-container\"><img loading=\"lazy\" decoding=\"async\" width=\"150\" height=\"150\" alt=\"\" src=\"\/wp-content\/uploads\/2023\/04\/cro-ekspres-1-150x150.jpg\"><\/div><\/li><li><div class=\"image-container\"><img loading=\"lazy\" decoding=\"async\" width=\"150\" height=\"150\" alt=\"\" src=\"\/wp-content\/uploads\/2023\/04\/croekspres3-150x150.jpg\"><\/div><\/li><li><div class=\"image-container\"><img loading=\"lazy\" decoding=\"async\" width=\"150\" height=\"150\" alt=\"\" src=\"\/wp-content\/uploads\/2022\/12\/7-150x150.jpg\"><\/div><\/li><li><div class=\"image-container\"><img loading=\"lazy\" decoding=\"async\" width=\"150\" height=\"150\" alt=\"\" src=\"\/wp-content\/uploads\/2023\/04\/croekspres2-150x150.jpg\"><\/div><\/li><\/ul><\/div>[\/vc_column][\/vc_row][vc_row css=&#8220;.vc_custom_1671434444943{margin-top: 30px !important;margin-bottom: 30px !important;}&#8220;][vc_column width=&#8220;1\/2&#8243;]<div class=\"gap et-clearfix \" style=\"height:32px\"><\/div><div data-curtain=\"false\" data-preloader=\"false\" data-decoration=\"false\" data-decoration-size=\"small\" data-animation-delay=\"0\" data-parallax=\"false\" data-coordinatex=\"0\" data-coordinatey=\"0\" data-speed=\"1\" class=\"et-custom-image  alignnone overlay-none curtain-left\"><div class=\"overlay-hover\"><div class=\"image\"><div class=\"image-container\"><img loading=\"lazy\" decoding=\"async\" width=\"800\" height=\"1200\" src=\"\/wp-content\/uploads\/2023\/04\/viljuskar-cro-ekspres.jpg\" alt=\"\"><\/div><\/div><\/div><\/div>[\/vc_column][vc_column animation_delay=&#8220;0&#8243; width=&#8220;1\/2&#8243; css=&#8220;.vc_custom_1671525061625{margin-top: 10% !important;}&#8220;][vc_column_text]<\/p>\n<p style=\"text-align: left;\">Im Rahmen unserer eigenen Lagerkapazit\u00e4t bieten wir ein umfassendes Paket an Logistikdienstleistungen an, um die Lagerung und Verteilung von Waren zu optimieren.<\/p>\n<p style=\"text-align: left;\">In unserem Logistikzentrum bieten wir spezialisierte Logistikl\u00f6sungen f\u00fcr die unterschiedlichsten Branchen an. Gerne beraten wir Sie ausf\u00fchrlich, wie Sie Ihre Lieferkette optimal organisieren, damit sie reibungslos und st\u00f6rungsfrei l\u00e4uft.<\/p>\n<p style=\"text-align: justify;\">Wir bieten Ihnen Lagerflexibilit\u00e4t, angepasst an Ihre Bed\u00fcrfnisse.<\/p>\n<p style=\"text-align: justify;\">Das Team von Cro Ekspres investiert st\u00e4ndig in seine Lagerkapazit\u00e4t, damit Ihre Waren gem\u00e4\u00df den h\u00f6chsten Sicherheitsstandards gehandhabt werden.<\/p>\n<p style=\"text-align: justify;\">Im Rahmen des Lagergesch\u00e4fts bieten wir auch alle notwendigen Zusatzleistungen vom Palettieren Ihrer Ware, Pr\u00fcfen und Verwalten des Saldos, Umpacken, Kommissionieren, Markieren, Deklarieren etc.<\/p>\n<p style=\"text-align: justify;\">Wir handhaben die Prinzipien der ausgehenden Logistikauswahl wie FEFO (&#8222;first in, first out&#8220;), LIFO (&#8222;last in, first out&#8220;) und FIFO (&#8222;first in, first out&#8220;).<\/p>\n<p style=\"text-align: justify;\">Damit der Service vollst\u00e4ndig ist und Ihre Lieferkette in sicheren H\u00e4nden ist, basieren alle Lageroperationen auf unserem eigenen Vertriebsnetz, mit dem wir, wie wir sagen k\u00f6nnen, f\u00fchrend auf dem Staatsgebiet sind.<\/p>\n<p>[\/vc_column_text][\/vc_column][\/vc_row][vc_row][vc_column width=&#8220;1\/2&#8243;]<div class=\"et-braket-block-wrapper\"><style>#et-braket-block-1 .braket-title {font-weight:700;color:#212121;}#et-braket-block-1 .braket-sub-title {color:#9a9a9a;}#et-braket-block-1 .braket-button {color:#212121 !important;}#et-braket-block-1 .braket-button:hover {color:#ffffff !important;}#et-braket-block-1 .braket-button:before {box-shadow:inset 0 0 0 1px #212121;}#et-braket-block-1 .braket-button:after {background-color:#fd8c40;}#et-braket-block-1 .braket > div:first-child,\r\n\t\t\t\t\t\t#et-braket-block-1 .braket > div:last-child,\r\n\t\t\t\t\t\t#et-braket-block-1 .braket > div:nth-child(2) > span  {background-color:#fd8c40;}<\/style><div id=\"et-braket-block-1\" data-delay=\"0\" class=\"et-braket-block left \"><div class=\"braket-block-inner et-clearfix\"><div class=\"braket\"><div><\/div><div><span><\/span><\/div><div><\/div><\/div><div class=\"braket-block-content\"><h1 class=\"braket-title\" data-mobile-font=\"inherit\" data-tablet-font=\"inherit\">Zollabfertigung<\/h1><\/div><\/div><div class=\"braket-block-content text et-clearfix\"><\/div><\/div><\/div><div class=\"gap et-clearfix \" style=\"height:32px\"><\/div>[vc_column_text]<\/p>\n<p style=\"text-align: justify;\"><span style=\"font-weight: 400;\">Unsere Teams von Cro Ekspres, die f\u00fcr Zollverfahren zust\u00e4ndig sind, sorgen daf\u00fcr, dass alle gesetzlichen Normen eingehalten werden, wenn es um Formalit\u00e4ten im Bereich Zollangelegenheiten geht. Bei uns erhalten Sie Beratung zu Fragen der Erstellung von Zolldokumenten, Zollanmeldungen, Veterin\u00e4r- und Hygienekontrollen etc.<\/span><\/p>\n<p style=\"text-align: justify;\"><span style=\"font-weight: 400;\">In Zusammenarbeit mit unseren Partnern auf der ganzen Welt stellen wir sicher, dass Sie sich \u00fcber die Vorschriften beraten lassen, die in jedem Markt einzuhalten sind, und so den Transport Ihrer Fracht sowohl im Import als auch im Export sicher machen.<\/span><\/p>\n<p>[\/vc_column_text][\/vc_column][vc_column width=&#8220;1\/2&#8243;]<div class=\"gap et-clearfix \" style=\"height:32px\"><\/div>[vc_single_image image=&#8220;14935&#8243; img_size=&#8220;full&#8220; alignment=&#8220;right&#8220; style=&#8220;vc_box_shadow_3d&#8220; css_animation=&#8220;fadeInLeft&#8220;][\/vc_column][\/vc_row][vc_row][vc_column]<div class=\"gap et-clearfix \" style=\"height:32px\"><\/div>[\/vc_column][\/vc_row][\/vc_section]<\/p>\n","protected":false},"excerpt":{"rendered":"<p>Nutzen Sie agile Frameworks, um eine robuste Zusammenfassung f\u00fcr allgemeine \u00dcbersichten bereitzustellen. Iterative Ans\u00e4tze zur Unternehmensstrategie f\u00f6rdern kooperatives Denken, um das gesamte Wertversprechen zu f\u00f6rdern. Organisches Wachstum der ganzheitlichen Weltanschauung von disruptiven Innovationen durch Diversit\u00e4t und Empowerment am Arbeitsplatz.<\/p>\n","protected":false},"author":1,"featured_media":0,"parent":0,"menu_order":0,"comment_status":"closed","ping_status":"closed","template":"page-vc.php","meta":{"footnotes":""},"class_list":["post-16231","page","type-page","status-publish","hentry"],"yoast_head":"<!-- This site is optimized with the Yoast SEO plugin v20.7 - https:\/\/yoast.com\/wordpress\/plugins\/seo\/ -->\n<title>Logistikl\u00f6sungen - CROekspres<\/title>\n<meta name=\"robots\" content=\"index, follow, max-snippet:-1, max-image-preview:large, max-video-preview:-1\" \/>\n<link rel=\"canonical\" href=\"https:\/\/www.croekspres.hr\/de\/logistikloesungen\/\" \/>\n<meta property=\"og:locale\" content=\"de_DE\" \/>\n<meta property=\"og:type\" content=\"article\" \/>\n<meta property=\"og:title\" content=\"Logistikl\u00f6sungen - CROekspres\" \/>\n<meta property=\"og:description\" content=\"Nutzen Sie agile Frameworks, um eine robuste Zusammenfassung f\u00fcr allgemeine \u00dcbersichten bereitzustellen. Iterative Ans\u00e4tze zur Unternehmensstrategie f\u00f6rdern kooperatives Denken, um das gesamte Wertversprechen zu f\u00f6rdern. Organisches Wachstum der ganzheitlichen Weltanschauung von disruptiven Innovationen durch Diversit\u00e4t und Empowerment am Arbeitsplatz.\" \/>\n<meta property=\"og:url\" content=\"https:\/\/www.croekspres.hr\/de\/logistikloesungen\/\" \/>\n<meta property=\"og:site_name\" content=\"CROekspres\" \/>\n<meta property=\"article:modified_time\" content=\"2023-05-02T10:38:25+00:00\" \/>\n<meta property=\"og:image\" content=\"https:\/\/www.croekspres.hr\/wp-content\/uploads\/2023\/04\/rm381-04a-scaled.jpg\" \/>\n\t<meta property=\"og:image:width\" content=\"2560\" \/>\n\t<meta property=\"og:image:height\" content=\"1706\" \/>\n\t<meta property=\"og:image:type\" content=\"image\/jpeg\" \/>\n<meta name=\"twitter:card\" content=\"summary_large_image\" \/>\n<meta name=\"twitter:label1\" content=\"Gesch\u00e4tzte Lesezeit\" \/>\n\t<meta name=\"twitter:data1\" content=\"2\u00a0Minuten\" \/>\n<script type=\"application\/ld+json\" class=\"yoast-schema-graph\">{\"@context\":\"https:\/\/schema.org\",\"@graph\":[{\"@type\":\"WebPage\",\"@id\":\"https:\/\/www.croekspres.hr\/de\/logistikloesungen\/\",\"url\":\"https:\/\/www.croekspres.hr\/de\/logistikloesungen\/\",\"name\":\"Logistikl\u00f6sungen - CROekspres\",\"isPartOf\":{\"@id\":\"https:\/\/mail.ortopedijaideal.hr\/#website\"},\"datePublished\":\"2023-03-13T16:40:01+00:00\",\"dateModified\":\"2023-05-02T10:38:25+00:00\",\"inLanguage\":\"de\",\"potentialAction\":[{\"@type\":\"ReadAction\",\"target\":[\"https:\/\/www.croekspres.hr\/de\/logistikloesungen\/\"]}]},{\"@type\":\"WebSite\",\"@id\":\"https:\/\/mail.ortopedijaideal.hr\/#website\",\"url\":\"https:\/\/mail.ortopedijaideal.hr\/\",\"name\":\"CROekspres\",\"description\":\"Anytime, Anywhere\",\"publisher\":{\"@id\":\"https:\/\/mail.ortopedijaideal.hr\/#organization\"},\"potentialAction\":[{\"@type\":\"SearchAction\",\"target\":{\"@type\":\"EntryPoint\",\"urlTemplate\":\"https:\/\/mail.ortopedijaideal.hr\/?s={search_term_string}\"},\"query-input\":\"required name=search_term_string\"}],\"inLanguage\":\"de\"},{\"@type\":\"Organization\",\"@id\":\"https:\/\/mail.ortopedijaideal.hr\/#organization\",\"name\":\"Cro Ekspres d.o.o.\",\"url\":\"https:\/\/mail.ortopedijaideal.hr\/\",\"logo\":{\"@type\":\"ImageObject\",\"inLanguage\":\"de\",\"@id\":\"https:\/\/mail.ortopedijaideal.hr\/#\/schema\/logo\/image\/\",\"url\":\"\/wp-content\/uploads\/2023\/03\/Cro-ekspres-logo-new.png\",\"contentUrl\":\"\/wp-content\/uploads\/2023\/03\/Cro-ekspres-logo-new.png\",\"width\":200,\"height\":166,\"caption\":\"Cro Ekspres d.o.o.\"},\"image\":{\"@id\":\"https:\/\/mail.ortopedijaideal.hr\/#\/schema\/logo\/image\/\"}}]}<\/script>\n<!-- \/ Yoast SEO plugin. -->","yoast_head_json":{"title":"Logistikl\u00f6sungen - CROekspres","robots":{"index":"index","follow":"follow","max-snippet":"max-snippet:-1","max-image-preview":"max-image-preview:large","max-video-preview":"max-video-preview:-1"},"canonical":"https:\/\/www.croekspres.hr\/de\/logistikloesungen\/","og_locale":"de_DE","og_type":"article","og_title":"Logistikl\u00f6sungen - CROekspres","og_description":"Nutzen Sie agile Frameworks, um eine robuste Zusammenfassung f\u00fcr allgemeine \u00dcbersichten bereitzustellen. Iterative Ans\u00e4tze zur Unternehmensstrategie f\u00f6rdern kooperatives Denken, um das gesamte Wertversprechen zu f\u00f6rdern. Organisches Wachstum der ganzheitlichen Weltanschauung von disruptiven Innovationen durch Diversit\u00e4t und Empowerment am Arbeitsplatz.","og_url":"https:\/\/www.croekspres.hr\/de\/logistikloesungen\/","og_site_name":"CROekspres","article_modified_time":"2023-05-02T10:38:25+00:00","og_image":[{"width":2560,"height":1706,"url":"https:\/\/www.croekspres.hr\/wp-content\/uploads\/2023\/04\/rm381-04a-scaled.jpg","type":"image\/jpeg"}],"twitter_card":"summary_large_image","twitter_misc":{"Gesch\u00e4tzte Lesezeit":"2\u00a0Minuten"},"schema":{"@context":"https:\/\/schema.org","@graph":[{"@type":"WebPage","@id":"https:\/\/www.croekspres.hr\/de\/logistikloesungen\/","url":"https:\/\/www.croekspres.hr\/de\/logistikloesungen\/","name":"Logistikl\u00f6sungen - CROekspres","isPartOf":{"@id":"https:\/\/mail.ortopedijaideal.hr\/#website"},"datePublished":"2023-03-13T16:40:01+00:00","dateModified":"2023-05-02T10:38:25+00:00","inLanguage":"de","potentialAction":[{"@type":"ReadAction","target":["https:\/\/www.croekspres.hr\/de\/logistikloesungen\/"]}]},{"@type":"WebSite","@id":"https:\/\/mail.ortopedijaideal.hr\/#website","url":"https:\/\/mail.ortopedijaideal.hr\/","name":"CROekspres","description":"Anytime, Anywhere","publisher":{"@id":"https:\/\/mail.ortopedijaideal.hr\/#organization"},"potentialAction":[{"@type":"SearchAction","target":{"@type":"EntryPoint","urlTemplate":"https:\/\/mail.ortopedijaideal.hr\/?s={search_term_string}"},"query-input":"required name=search_term_string"}],"inLanguage":"de"},{"@type":"Organization","@id":"https:\/\/mail.ortopedijaideal.hr\/#organization","name":"Cro Ekspres d.o.o.","url":"https:\/\/mail.ortopedijaideal.hr\/","logo":{"@type":"ImageObject","inLanguage":"de","@id":"https:\/\/mail.ortopedijaideal.hr\/#\/schema\/logo\/image\/","url":"\/wp-content\/uploads\/2023\/03\/Cro-ekspres-logo-new.png","contentUrl":"\/wp-content\/uploads\/2023\/03\/Cro-ekspres-logo-new.png","width":200,"height":166,"caption":"Cro Ekspres d.o.o."},"image":{"@id":"https:\/\/mail.ortopedijaideal.hr\/#\/schema\/logo\/image\/"}}]}},"_links":{"self":[{"href":"https:\/\/www.croekspres.hr\/de\/wp-json\/wp\/v2\/pages\/16231","targetHints":{"allow":["GET"]}}],"collection":[{"href":"https:\/\/www.croekspres.hr\/de\/wp-json\/wp\/v2\/pages"}],"about":[{"href":"https:\/\/www.croekspres.hr\/de\/wp-json\/wp\/v2\/types\/page"}],"author":[{"embeddable":true,"href":"https:\/\/www.croekspres.hr\/de\/wp-json\/wp\/v2\/users\/1"}],"replies":[{"embeddable":true,"href":"https:\/\/www.croekspres.hr\/de\/wp-json\/wp\/v2\/comments?post=16231"}],"version-history":[{"count":3,"href":"https:\/\/www.croekspres.hr\/de\/wp-json\/wp\/v2\/pages\/16231\/revisions"}],"predecessor-version":[{"id":16664,"href":"https:\/\/www.croekspres.hr\/de\/wp-json\/wp\/v2\/pages\/16231\/revisions\/16664"}],"wp:attachment":[{"href":"https:\/\/www.croekspres.hr\/de\/wp-json\/wp\/v2\/media?parent=16231"}],"curies":[{"name":"wp","href":"https:\/\/api.w.org\/{rel}","templated":true}]}}