{"id":16221,"date":"2022-12-20T07:28:49","date_gmt":"2022-12-20T07:28:49","guid":{"rendered":"https:\/\/croekspres.kuhada.agency\/lagerung-von-sendungen\/"},"modified":"2023-04-28T17:52:07","modified_gmt":"2023-04-28T17:52:07","slug":"lagerung-von-sendungen","status":"publish","type":"page","link":"https:\/\/www.croekspres.hr\/de\/lagerung-von-sendungen\/","title":{"rendered":"Lagerung von Sendungen"},"content":{"rendered":"<p>[vc_section][vc_row gap=&#8220;80&#8243; content_placement=&#8220;middle&#8220; css_animation=&#8220;fadeIn&#8220; css=&#8220;.vc_custom_1532424606103{padding-top: 40px !important;padding-bottom: 64px !important;}&#8220;][vc_column animation_delay=&#8220;0&#8243; offset=&#8220;vc_col-lg-6 vc_col-md-6 vc_col-xs-12&#8243;]<h3 id=\"et-animated-title-1\" class=\"et-animated-title et-clearfix  words-direct\" data-mobile-font=\"32px\" data-tablet-font=\"inherit\" data-delay=\"100\" style=\"font-size:48px;font-weight:700;line-height:56px;color:#2c332c;\"><span class=\"text-wrapper\"><span class=\"text\">Lagerung von Sendungen<\/span><\/span><\/h3><div class=\"gap et-clearfix \" style=\"height:32px\"><\/div><div class=\"et-simple-braket-block-wrapper\"><style>#et-simple-braket-block-1 .braket-text {font-weight:400;}#et-simple-braket-block-1 .braket > div  {background-color:#ffcd00;}<\/style><div id=\"et-simple-braket-block-1\" class=\"et-simple-braket-block \"><div class=\"braket\"><div><\/div><div><\/div><div><\/div><\/div><div class=\"braket-text\" data-mobile-font=\"inherit\" data-tablet-font=\"inherit\">Der Versandlagerungsservice umfasst die Lagerung Ihrer Sendungen in R\u00e4umlichkeiten oder Lagern, die 24 Stunden am Tag verf\u00fcgbar sind. Dieser Service ist n\u00fctzlich, wenn Sie viele Sendungen haben, die gelagert werden m\u00fcssen, oder wenn Sie m\u00f6chten, dass die Sendungen an einem sicheren Ort gelagert werden. Die Sendungslagerung kann je nach Bedarf vor\u00fcbergehend oder langfristig erfolgen.<\/div><\/div><\/div>[\/vc_column][vc_column animation_delay=&#8220;0&#8243; offset=&#8220;vc_col-lg-6 vc_col-md-6 vc_col-xs-12&#8243;]<div data-curtain=\"false\" data-preloader=\"false\" data-decoration=\"false\" data-decoration-size=\"small\" data-animation-delay=\"0\" data-parallax=\"false\" data-coordinatex=\"0\" data-coordinatey=\"0\" data-speed=\"1\" class=\"et-custom-image  alignnone overlay-none curtain-left\"><div class=\"overlay-hover\"><div class=\"image\"><div class=\"image-container\"><img loading=\"lazy\" decoding=\"async\" width=\"1080\" height=\"1080\" src=\"\/wp-content\/uploads\/2022\/12\/7-1.jpg\" alt=\"\"><\/div><\/div><\/div><\/div>[\/vc_column][\/vc_row][\/vc_section][vc_row][vc_column width=&#8220;1\/2&#8243;]<div class=\"et-content-box-wrapper\"><style>#et-content-box-1 .et-icon-wrap {border-radius:500px;}<\/style><div id=\"et-content-box-1\" class=\"et-content-box et-item-set et-clearfix hover-none small icon-position-left icon-alignment-left effect-type-sequential effect-none\" data-columns=\"1\"><div class=\"box-item-wrapper et-item et-box-item\"><style>#box-item-1 .et-icon-wrap {}#box-item-1 .et-icon-wrap > .et-icon {color:#eb343b;}<\/style><div id=\"box-item-1\"  class=\"box-item-inner et-item-inner\"><div class=\"box-item-content-wrapper et-clearfix\"><div class=\"et-icon-wrap \"><span class=\"box-hover\" style=\"width:calc(100% - 8px);height:calc(100% - 8px);\" ><\/span><span class=\"glint\" style=\"background-color:#eb343b;\"><\/span><span class=\"et-icon fa fa-check\"><\/span><\/div><div class=\"clearfix\"><\/div><div class=\"box-item-content et-clearfix\">[vc_custom_heading text=&#8220;Professionelle Lagerung und Verteilung&#8220; font_container=&#8220;tag:h6|font_size:18px|text_align:left|color:%23000000|line_height:32px&#8220; use_theme_fonts=&#8220;yes&#8220;][vc_custom_heading text=&#8220;Cro ekspres k\u00fcmmert sich um alles, von der Beratung und Planung bis hin zur vollst\u00e4ndigen Umsetzung der Dienstleistungen. Sie k\u00f6nnen sich voll und ganz auf Ihre Arbeit konzentrieren und alles andere uns \u00fcberlassen.<br \/>\nBestandsverwaltung nach Lagerung unterschiedlicher Waren und Lieferstrategien, Verwaltung von Verfallsdaten, Registrierung und Verfolgung von Chargendaten, Mindesthaltbarkeitsdaten und Seriennummern.&#8220; font_container=&#8220;tag:p|font_size:18px|text_align:left|color:%236b6b6b|line_height:32px&#8220; use_theme_fonts=&#8220;yes&#8220;]<\/div><\/div><\/div><\/div><\/div><\/div><div class=\"gap et-clearfix \" style=\"height:62px\"><\/div>[vc_single_image image=&#8220;14626&#8243; img_size=&#8220;full&#8220;][\/vc_column][vc_column width=&#8220;1\/2&#8243;][vc_single_image image=&#8220;14624&#8243; img_size=&#8220;full&#8220;]<div class=\"gap et-clearfix \" style=\"height:62px\"><\/div><div class=\"et-content-box-wrapper\"><style>#et-content-box-2 .et-icon-wrap {border-radius:500px;}<\/style><div id=\"et-content-box-2\" class=\"et-content-box et-item-set et-clearfix hover-none small icon-position-left icon-alignment-left effect-type-sequential effect-none\" data-columns=\"1\"><div class=\"box-item-wrapper et-item et-box-item\"><style>#box-item-2 .et-icon-wrap {}#box-item-2 .et-icon-wrap > .et-icon {color:#eb343b;}<\/style><div id=\"box-item-2\"  class=\"box-item-inner et-item-inner\"><div class=\"box-item-content-wrapper et-clearfix\"><div class=\"et-icon-wrap \"><span class=\"box-hover\" style=\"width:calc(100% - 8px);height:calc(100% - 8px);\" ><\/span><span class=\"glint\" style=\"background-color:#eb343b;\"><\/span><span class=\"et-icon fa fa-check\"><\/span><\/div><div class=\"clearfix\"><\/div><div class=\"box-item-content et-clearfix\">[vc_custom_heading text=&#8220;Verantwortung und Zuverl\u00e4ssigkeit&#8220; font_container=&#8220;tag:h6|font_size:18px|text_align:left|color:%23000000|line_height:32px&#8220; use_theme_fonts=&#8220;yes&#8220;][vc_custom_heading text=&#8220;Cro ekspres \u00fcbernimmt den kompletten Bestellprozess des Kunden \u2013 von der Bestellung \u00fcber die Dokumentation bis hin zur Verwaltung und Rechnungsstellung.<br \/>\nCro ekspres stellt sicher, dass die Lagerung bestimmter Produkte gem\u00e4\u00df den Anforderungen zur Einhaltung der Vorschriften zu Hygiene, Staubbelastung, Antistatikma\u00dfnahmen und Klimatisierung erfolgt.&#8220; font_container=&#8220;tag:p|font_size:18px|text_align:left|color:%236b6b6b|line_height:32px&#8220; use_theme_fonts=&#8220;yes&#8220;]<\/div><\/div><\/div><\/div><\/div><\/div>[\/vc_column][\/vc_row]<\/p>\n","protected":false},"excerpt":{"rendered":"<p>Nutzen Sie agile Frameworks, um eine robuste Zusammenfassung f\u00fcr allgemeine \u00dcbersichten bereitzustellen. Iterative Ans\u00e4tze zur Unternehmensstrategie f\u00f6rdern kooperatives Denken, um das gesamte Wertversprechen zu f\u00f6rdern. Organisches Wachstum der ganzheitlichen Weltanschauung von disruptiven Innovationen durch Diversit\u00e4t und Empowerment am Arbeitsplatz.<\/p>\n","protected":false},"author":1,"featured_media":0,"parent":0,"menu_order":0,"comment_status":"closed","ping_status":"closed","template":"page-vc.php","meta":{"footnotes":""},"class_list":["post-16221","page","type-page","status-publish","hentry"],"yoast_head":"<!-- This site is optimized with the Yoast SEO plugin v20.7 - https:\/\/yoast.com\/wordpress\/plugins\/seo\/ -->\n<title>Lagerung von Sendungen - CROekspres<\/title>\n<meta name=\"robots\" content=\"index, follow, max-snippet:-1, max-image-preview:large, max-video-preview:-1\" \/>\n<link rel=\"canonical\" href=\"https:\/\/www.croekspres.hr\/de\/lagerung-von-sendungen\/\" \/>\n<meta property=\"og:locale\" content=\"de_DE\" \/>\n<meta property=\"og:type\" content=\"article\" \/>\n<meta property=\"og:title\" content=\"Lagerung von Sendungen - CROekspres\" \/>\n<meta property=\"og:description\" content=\"Nutzen Sie agile Frameworks, um eine robuste Zusammenfassung f\u00fcr allgemeine \u00dcbersichten bereitzustellen. Iterative Ans\u00e4tze zur Unternehmensstrategie f\u00f6rdern kooperatives Denken, um das gesamte Wertversprechen zu f\u00f6rdern. Organisches Wachstum der ganzheitlichen Weltanschauung von disruptiven Innovationen durch Diversit\u00e4t und Empowerment am Arbeitsplatz.\" \/>\n<meta property=\"og:url\" content=\"https:\/\/www.croekspres.hr\/de\/lagerung-von-sendungen\/\" \/>\n<meta property=\"og:site_name\" content=\"CROekspres\" \/>\n<meta property=\"article:modified_time\" content=\"2023-04-28T17:52:07+00:00\" \/>\n<meta property=\"og:image\" content=\"https:\/\/www.croekspres.hr\/wp-content\/uploads\/2023\/04\/rm381-04a-scaled.jpg\" \/>\n\t<meta property=\"og:image:width\" content=\"2560\" \/>\n\t<meta property=\"og:image:height\" content=\"1706\" \/>\n\t<meta property=\"og:image:type\" content=\"image\/jpeg\" \/>\n<meta name=\"twitter:card\" content=\"summary_large_image\" \/>\n<meta name=\"twitter:label1\" content=\"Gesch\u00e4tzte Lesezeit\" \/>\n\t<meta name=\"twitter:data1\" content=\"2\u00a0Minuten\" \/>\n<script type=\"application\/ld+json\" class=\"yoast-schema-graph\">{\"@context\":\"https:\/\/schema.org\",\"@graph\":[{\"@type\":\"WebPage\",\"@id\":\"https:\/\/www.croekspres.hr\/de\/lagerung-von-sendungen\/\",\"url\":\"https:\/\/www.croekspres.hr\/de\/lagerung-von-sendungen\/\",\"name\":\"Lagerung von Sendungen - CROekspres\",\"isPartOf\":{\"@id\":\"https:\/\/mail.ortopedijaideal.hr\/#website\"},\"datePublished\":\"2022-12-20T07:28:49+00:00\",\"dateModified\":\"2023-04-28T17:52:07+00:00\",\"inLanguage\":\"de\",\"potentialAction\":[{\"@type\":\"ReadAction\",\"target\":[\"https:\/\/www.croekspres.hr\/de\/lagerung-von-sendungen\/\"]}]},{\"@type\":\"WebSite\",\"@id\":\"https:\/\/mail.ortopedijaideal.hr\/#website\",\"url\":\"https:\/\/mail.ortopedijaideal.hr\/\",\"name\":\"CROekspres\",\"description\":\"Anytime, Anywhere\",\"publisher\":{\"@id\":\"https:\/\/mail.ortopedijaideal.hr\/#organization\"},\"potentialAction\":[{\"@type\":\"SearchAction\",\"target\":{\"@type\":\"EntryPoint\",\"urlTemplate\":\"https:\/\/mail.ortopedijaideal.hr\/?s={search_term_string}\"},\"query-input\":\"required name=search_term_string\"}],\"inLanguage\":\"de\"},{\"@type\":\"Organization\",\"@id\":\"https:\/\/mail.ortopedijaideal.hr\/#organization\",\"name\":\"Cro Ekspres d.o.o.\",\"url\":\"https:\/\/mail.ortopedijaideal.hr\/\",\"logo\":{\"@type\":\"ImageObject\",\"inLanguage\":\"de\",\"@id\":\"https:\/\/mail.ortopedijaideal.hr\/#\/schema\/logo\/image\/\",\"url\":\"\/wp-content\/uploads\/2023\/03\/Cro-ekspres-logo-new.png\",\"contentUrl\":\"\/wp-content\/uploads\/2023\/03\/Cro-ekspres-logo-new.png\",\"width\":200,\"height\":166,\"caption\":\"Cro Ekspres d.o.o.\"},\"image\":{\"@id\":\"https:\/\/mail.ortopedijaideal.hr\/#\/schema\/logo\/image\/\"}}]}<\/script>\n<!-- \/ Yoast SEO plugin. -->","yoast_head_json":{"title":"Lagerung von Sendungen - CROekspres","robots":{"index":"index","follow":"follow","max-snippet":"max-snippet:-1","max-image-preview":"max-image-preview:large","max-video-preview":"max-video-preview:-1"},"canonical":"https:\/\/www.croekspres.hr\/de\/lagerung-von-sendungen\/","og_locale":"de_DE","og_type":"article","og_title":"Lagerung von Sendungen - CROekspres","og_description":"Nutzen Sie agile Frameworks, um eine robuste Zusammenfassung f\u00fcr allgemeine \u00dcbersichten bereitzustellen. Iterative Ans\u00e4tze zur Unternehmensstrategie f\u00f6rdern kooperatives Denken, um das gesamte Wertversprechen zu f\u00f6rdern. Organisches Wachstum der ganzheitlichen Weltanschauung von disruptiven Innovationen durch Diversit\u00e4t und Empowerment am Arbeitsplatz.","og_url":"https:\/\/www.croekspres.hr\/de\/lagerung-von-sendungen\/","og_site_name":"CROekspres","article_modified_time":"2023-04-28T17:52:07+00:00","og_image":[{"width":2560,"height":1706,"url":"https:\/\/www.croekspres.hr\/wp-content\/uploads\/2023\/04\/rm381-04a-scaled.jpg","type":"image\/jpeg"}],"twitter_card":"summary_large_image","twitter_misc":{"Gesch\u00e4tzte Lesezeit":"2\u00a0Minuten"},"schema":{"@context":"https:\/\/schema.org","@graph":[{"@type":"WebPage","@id":"https:\/\/www.croekspres.hr\/de\/lagerung-von-sendungen\/","url":"https:\/\/www.croekspres.hr\/de\/lagerung-von-sendungen\/","name":"Lagerung von Sendungen - CROekspres","isPartOf":{"@id":"https:\/\/mail.ortopedijaideal.hr\/#website"},"datePublished":"2022-12-20T07:28:49+00:00","dateModified":"2023-04-28T17:52:07+00:00","inLanguage":"de","potentialAction":[{"@type":"ReadAction","target":["https:\/\/www.croekspres.hr\/de\/lagerung-von-sendungen\/"]}]},{"@type":"WebSite","@id":"https:\/\/mail.ortopedijaideal.hr\/#website","url":"https:\/\/mail.ortopedijaideal.hr\/","name":"CROekspres","description":"Anytime, Anywhere","publisher":{"@id":"https:\/\/mail.ortopedijaideal.hr\/#organization"},"potentialAction":[{"@type":"SearchAction","target":{"@type":"EntryPoint","urlTemplate":"https:\/\/mail.ortopedijaideal.hr\/?s={search_term_string}"},"query-input":"required name=search_term_string"}],"inLanguage":"de"},{"@type":"Organization","@id":"https:\/\/mail.ortopedijaideal.hr\/#organization","name":"Cro Ekspres d.o.o.","url":"https:\/\/mail.ortopedijaideal.hr\/","logo":{"@type":"ImageObject","inLanguage":"de","@id":"https:\/\/mail.ortopedijaideal.hr\/#\/schema\/logo\/image\/","url":"\/wp-content\/uploads\/2023\/03\/Cro-ekspres-logo-new.png","contentUrl":"\/wp-content\/uploads\/2023\/03\/Cro-ekspres-logo-new.png","width":200,"height":166,"caption":"Cro Ekspres d.o.o."},"image":{"@id":"https:\/\/mail.ortopedijaideal.hr\/#\/schema\/logo\/image\/"}}]}},"_links":{"self":[{"href":"https:\/\/www.croekspres.hr\/de\/wp-json\/wp\/v2\/pages\/16221","targetHints":{"allow":["GET"]}}],"collection":[{"href":"https:\/\/www.croekspres.hr\/de\/wp-json\/wp\/v2\/pages"}],"about":[{"href":"https:\/\/www.croekspres.hr\/de\/wp-json\/wp\/v2\/types\/page"}],"author":[{"embeddable":true,"href":"https:\/\/www.croekspres.hr\/de\/wp-json\/wp\/v2\/users\/1"}],"replies":[{"embeddable":true,"href":"https:\/\/www.croekspres.hr\/de\/wp-json\/wp\/v2\/comments?post=16221"}],"version-history":[{"count":2,"href":"https:\/\/www.croekspres.hr\/de\/wp-json\/wp\/v2\/pages\/16221\/revisions"}],"predecessor-version":[{"id":16224,"href":"https:\/\/www.croekspres.hr\/de\/wp-json\/wp\/v2\/pages\/16221\/revisions\/16224"}],"wp:attachment":[{"href":"https:\/\/www.croekspres.hr\/de\/wp-json\/wp\/v2\/media?parent=16221"}],"curies":[{"name":"wp","href":"https:\/\/api.w.org\/{rel}","templated":true}]}}