{"id":16214,"date":"2023-03-09T15:07:31","date_gmt":"2023-03-09T15:07:31","guid":{"rendered":"https:\/\/croekspres.kuhada.agency\/strassentransport\/"},"modified":"2023-05-02T10:35:52","modified_gmt":"2023-05-02T10:35:52","slug":"strassentransport","status":"publish","type":"page","link":"https:\/\/www.croekspres.hr\/de\/strassentransport\/","title":{"rendered":"Stra\u00dfentransport"},"content":{"rendered":"<p>[vc_section][vc_row][vc_column]<div class=\"gap et-clearfix \" style=\"height:32px\"><\/div><div class=\"et-braket-block-wrapper\"><style>#et-braket-block-1 .braket-title {font-weight:700;color:#212121;}#et-braket-block-1 .braket-sub-title {color:#9a9a9a;}#et-braket-block-1 .braket-button {color:#212121 !important;}#et-braket-block-1 .braket-button:hover {color:#ffffff !important;}#et-braket-block-1 .braket-button:before {box-shadow:inset 0 0 0 1px #212121;}#et-braket-block-1 .braket-button:after {background-color:#fd8c40;}#et-braket-block-1 .braket > div:first-child,\r\n\t\t\t\t\t\t#et-braket-block-1 .braket > div:last-child,\r\n\t\t\t\t\t\t#et-braket-block-1 .braket > div:nth-child(2) > span  {background-color:#fd8c40;}<\/style><div id=\"et-braket-block-1\" data-delay=\"0\" class=\"et-braket-block left \"><div class=\"braket-block-inner et-clearfix\"><div class=\"braket\"><div><\/div><div><span><\/span><\/div><div><\/div><\/div><div class=\"braket-block-content\"><h1 class=\"braket-title\" data-mobile-font=\"inherit\" data-tablet-font=\"inherit\">CRO-EXPRESS-STRASSENTRANSPORT<\/h1><\/div><\/div><div class=\"braket-block-content text et-clearfix\"><\/div><\/div><\/div><div class=\"gap et-clearfix \" style=\"height:32px\"><\/div>[vc_wp_text]<\/p>\n<p style=\"text-align: justify;\">Das Portfolio an Stra\u00dfentransportdienstleistungen, die wir bei Cro Ekspres anbieten, umfasst Komplett-, Liefer-, Sammel- und \u00dcberma\u00dftransporte. Durch unser Netzwerk sorgf\u00e4ltig ausgew\u00e4hlter Qualit\u00e4tsspediteure und durch unsere eigenen Ladekapazit\u00e4ten gew\u00e4hrleisten wir eine sichere und genaue Lieferung Ihrer Waren sowie ein optimales Verh\u00e4ltnis zwischen Laufzeit und Preis. Wir verbinden alle L\u00e4nder Europas und die L\u00e4nder der Region wie das benachbarte Serbien und Bosnien und Herzegowina.<\/p>\n<p style=\"text-align: justify;\">Unsere Spediteure und Fahrer arbeiten nach h\u00f6chsten professionellen Standards.<\/p>\n<p>[\/vc_wp_text][\/vc_column][\/vc_row][vc_row gap=&#8220;80&#8243; content_placement=&#8220;middle&#8220; css_animation=&#8220;fadeIn&#8220; css=&#8220;.vc_custom_1532424606103{padding-top: 40px !important;padding-bottom: 64px !important;}&#8220;][vc_column animation_delay=&#8220;0&#8243; offset=&#8220;vc_col-lg-6 vc_col-md-6 vc_col-xs-12&#8243;]<div class=\"et-braket-block-wrapper\"><style>#et-braket-block-2 .braket-title {font-weight:700;color:#212121;}#et-braket-block-2 .braket-sub-title {color:#9a9a9a;}#et-braket-block-2 .braket-button {color:#212121 !important;}#et-braket-block-2 .braket-button:hover {color:#ffffff !important;}#et-braket-block-2 .braket-button:before {box-shadow:inset 0 0 0 1px #212121;}#et-braket-block-2 .braket-button:after {background-color:#dd3333;}#et-braket-block-2 .braket > div:first-child,\r\n\t\t\t\t\t\t#et-braket-block-2 .braket > div:last-child,\r\n\t\t\t\t\t\t#et-braket-block-2 .braket > div:nth-child(2) > span  {background-color:#dd3333;}<\/style><div id=\"et-braket-block-2\" data-delay=\"0\" class=\"et-braket-block left \"><div class=\"braket-block-inner et-clearfix\"><div class=\"braket\"><div><\/div><div><span><\/span><\/div><div><\/div><\/div><div class=\"braket-block-content\"><h1 class=\"braket-title\" data-mobile-font=\"inherit\" data-tablet-font=\"inherit\">FTL \u2013 Komplettladungen<\/h1><\/div><\/div><div class=\"braket-block-content text et-clearfix\"><\/div><\/div><\/div><div class=\"gap et-clearfix \" style=\"height:32px\"><\/div>[vc_wp_text]<\/p>\n<p style=\"text-align: justify;\">Wenn Sie eine eilige Sendung haben, die ohne zus\u00e4tzlichen Umschlag von A nach B geliefert werden muss, ist dies die ideale Transportart f\u00fcr Sie.<\/p>\n<p style=\"text-align: justify;\">Auf diese Weise transportieren wir alle Arten von Fracht, palettiert, nicht palettiert, sowie Sendungen, die Temperaturregimen unterliegen, \u00fcbergro\u00dfe Fracht usw.<\/p>\n<p style=\"text-align: justify;\">Durch eigene Transportkapazit\u00e4ten und ein Netzwerk exzellenter Partnerspediteure verbinden wir ganz Europa mit Ihrem gew\u00fcnschten Be- und Entladeort. Bei dieser Transportart sorgen wir w\u00e4hrend des Transports f\u00fcr maximale Transparenz in Bezug auf Zeitrahmen, Preise und eventuelle Zusatzw\u00fcnsche, die an uns herangetragen werden.<\/p>\n<p style=\"text-align: justify;\">Das Team von Cro Ekpres f\u00fcr den internationalen Stra\u00dfentransport ist f\u00fcr alle Ihre Fragen da, also vertrauen Sie uns Ihre Sendungen vertrauensvoll an.<\/p>\n<p>[\/vc_wp_text][\/vc_column][vc_column animation_delay=&#8220;0&#8243; offset=&#8220;vc_col-lg-6 vc_col-md-6 vc_col-xs-12&#8243;][vc_single_image image=&#8220;15077&#8243; img_size=&#8220;600&#215;900&#8243; alignment=&#8220;right&#8220; style=&#8220;vc_box_shadow_3d&#8220; css_animation=&#8220;fadeInLeft&#8220;][\/vc_column][\/vc_row][vc_row gap=&#8220;80&#8243; content_placement=&#8220;middle&#8220; css_animation=&#8220;fadeIn&#8220; css=&#8220;.vc_custom_1532424606103{padding-top: 40px !important;padding-bottom: 64px !important;}&#8220;][vc_column animation_delay=&#8220;0&#8243; offset=&#8220;vc_col-lg-6 vc_col-md-6 vc_col-xs-12&#8243;][vc_single_image image=&#8220;15009&#8243; img_size=&#8220;800&#215;900&#8243; style=&#8220;vc_box_shadow_3d&#8220; css_animation=&#8220;fadeInLeft&#8220;][\/vc_column][vc_column animation_delay=&#8220;0&#8243; offset=&#8220;vc_col-lg-6 vc_col-md-6 vc_col-xs-12&#8243;]<div class=\"et-braket-block-wrapper\"><style>#et-braket-block-3 .braket-title {font-weight:700;color:#212121;}#et-braket-block-3 .braket-sub-title {color:#9a9a9a;}#et-braket-block-3 .braket-button {color:#212121 !important;}#et-braket-block-3 .braket-button:hover {color:#ffffff !important;}#et-braket-block-3 .braket-button:before {box-shadow:inset 0 0 0 1px #212121;}#et-braket-block-3 .braket-button:after {background-color:#dd3333;}#et-braket-block-3 .braket > div:first-child,\r\n\t\t\t\t\t\t#et-braket-block-3 .braket > div:last-child,\r\n\t\t\t\t\t\t#et-braket-block-3 .braket > div:nth-child(2) > span  {background-color:#dd3333;}<\/style><div id=\"et-braket-block-3\" data-delay=\"0\" class=\"et-braket-block left \"><div class=\"braket-block-inner et-clearfix\"><div class=\"braket\"><div><\/div><div><span><\/span><\/div><div><\/div><\/div><div class=\"braket-block-content\"><h1 class=\"braket-title\" data-mobile-font=\"inherit\" data-tablet-font=\"inherit\">LTL \u2013 Liefer- und Abhollinien<\/h1><\/div><\/div><div class=\"braket-block-content text et-clearfix\"><\/div><\/div><\/div><div class=\"gap et-clearfix \" style=\"height:32px\"><\/div>[vc_wp_text]<\/p>\n<p style=\"text-align: justify;\">Bei dieser Art des Transports zahlen Sie nur f\u00fcr den Platz, den Sie nutzen. Wenn Ihre Sendungen einen etwas l\u00e4ngeren Transit bew\u00e4ltigen k\u00f6nnen, sind dies die idealen Dienstleistungen f\u00fcr Sie. <i>Wir k\u00fcmmern uns um regelm\u00e4\u00dfige LKW-Abfahrten,<\/i> und dank einer gro\u00dfen Auswahl an eigenen Ladekapazit\u00e4ten und zus\u00e4tzlich durch unsere sorgf\u00e4ltig ausgew\u00e4hlten Stra\u00dfentransporteure finden wir immer den idealen Platz f\u00fcr Ihre Waren und k\u00f6nnen bei unerwarteten Ereignissen schnell reagieren, um sicherzustellen zuverl\u00e4ssige Lieferung. Erhalten Sie mit unseren Sammeltransportdiensten die besten Preise f\u00fcr den Transport Ihrer Waren in ganz Europa. Wir bieten eine gro\u00dfe Auswahl an Optionen, von Transportern bis hin zu Mega-Traktoren und Anh\u00e4ngern, einschlie\u00dflich Planen, harten Seitenw\u00e4nden und Pritschenwagen. Alle unsere Fahrer und Transportpartner werden \u00fcberpr\u00fcft, um h\u00f6chste Qualit\u00e4tsstandards, optimale Preise, Transparenz und effektive Kommunikation zu gew\u00e4hrleisten. Sie k\u00f6nnen den Status Ihrer Sendung jederzeit \u00fcber die Online-Supply-Chain-Management-Plattform \u00fcberpr\u00fcfen.<\/p>\n<p style=\"text-align: justify;\">Bei unseren St\u00fcckgutl\u00f6sungen k\u00f6nnen Sie sich auf schnellen Umschlag und h\u00e4ufige Abfahrten sowie eine Reihe von Zusatzleistungen wie Kommissionierung und Verpackung der Ware, Palettierung, Etikettierung und Verzollung verlassen. Erkundigen Sie sich bei unseren Kollegen in der Abteilung Inkasso International, welche Linien Ihnen zur Verf\u00fcgung stehen und w\u00e4hlen Sie gemeinsam mit ihnen die Option aus, die Sie und Ihre Sendungen im gegebenen Moment ben\u00f6tigen. Vertrauen Sie sie uns an, ob Sie sie \u00fcber unsere Routen und Linien in verschiedene Teile Europas exportieren, ob Sie unsere t\u00e4gliche Direktlinie auf der Strecke Kroatien \u2013 Slowenien \u2013 Kroatien ben\u00f6tigen oder ob Sie mit unserem Nachbarn Bosnien zusammenarbeiten und sich auf unsere verlassen regelm\u00e4\u00dfige w\u00f6chentliche Linie auf dieser Strecke steht Ihnen das Team von Cro Ekspres zur Verf\u00fcgung und wir sind f\u00fcr Ihre Sicherheit da.<\/p>\n<p>[\/vc_wp_text][\/vc_column][\/vc_row][vc_row][vc_column]<div class=\"gap et-clearfix \" style=\"height:32px\"><\/div>[\/vc_column][\/vc_row][\/vc_section]<\/p>\n","protected":false},"excerpt":{"rendered":"<p>Nutzen Sie agile Frameworks, um eine robuste Zusammenfassung f\u00fcr allgemeine \u00dcbersichten bereitzustellen. Iterative Ans\u00e4tze zur Unternehmensstrategie f\u00f6rdern kooperatives Denken, um das gesamte Wertversprechen zu f\u00f6rdern. Organisches Wachstum der ganzheitlichen Weltanschauung von disruptiven Innovationen durch Diversit\u00e4t und Empowerment am Arbeitsplatz.<\/p>\n","protected":false},"author":1,"featured_media":0,"parent":0,"menu_order":0,"comment_status":"closed","ping_status":"closed","template":"page-vc.php","meta":{"footnotes":""},"class_list":["post-16214","page","type-page","status-publish","hentry"],"yoast_head":"<!-- This site is optimized with the Yoast SEO plugin v20.7 - https:\/\/yoast.com\/wordpress\/plugins\/seo\/ -->\n<title>Stra\u00dfentransport - CROekspres<\/title>\n<meta name=\"robots\" content=\"index, follow, max-snippet:-1, max-image-preview:large, max-video-preview:-1\" \/>\n<link rel=\"canonical\" href=\"https:\/\/www.croekspres.hr\/de\/strassentransport\/\" \/>\n<meta property=\"og:locale\" content=\"de_DE\" \/>\n<meta property=\"og:type\" content=\"article\" \/>\n<meta property=\"og:title\" content=\"Stra\u00dfentransport - CROekspres\" \/>\n<meta property=\"og:description\" content=\"Nutzen Sie agile Frameworks, um eine robuste Zusammenfassung f\u00fcr allgemeine \u00dcbersichten bereitzustellen. Iterative Ans\u00e4tze zur Unternehmensstrategie f\u00f6rdern kooperatives Denken, um das gesamte Wertversprechen zu f\u00f6rdern. Organisches Wachstum der ganzheitlichen Weltanschauung von disruptiven Innovationen durch Diversit\u00e4t und Empowerment am Arbeitsplatz.\" \/>\n<meta property=\"og:url\" content=\"https:\/\/www.croekspres.hr\/de\/strassentransport\/\" \/>\n<meta property=\"og:site_name\" content=\"CROekspres\" \/>\n<meta property=\"article:modified_time\" content=\"2023-05-02T10:35:52+00:00\" \/>\n<meta property=\"og:image\" content=\"https:\/\/www.croekspres.hr\/wp-content\/uploads\/2023\/04\/rm381-04a-scaled.jpg\" \/>\n\t<meta property=\"og:image:width\" content=\"2560\" \/>\n\t<meta property=\"og:image:height\" content=\"1706\" \/>\n\t<meta property=\"og:image:type\" content=\"image\/jpeg\" \/>\n<meta name=\"twitter:card\" content=\"summary_large_image\" \/>\n<meta name=\"twitter:label1\" content=\"Gesch\u00e4tzte Lesezeit\" \/>\n\t<meta name=\"twitter:data1\" content=\"3\u00a0Minuten\" \/>\n<script type=\"application\/ld+json\" class=\"yoast-schema-graph\">{\"@context\":\"https:\/\/schema.org\",\"@graph\":[{\"@type\":\"WebPage\",\"@id\":\"https:\/\/www.croekspres.hr\/de\/strassentransport\/\",\"url\":\"https:\/\/www.croekspres.hr\/de\/strassentransport\/\",\"name\":\"Stra\u00dfentransport - CROekspres\",\"isPartOf\":{\"@id\":\"https:\/\/mail.ortopedijaideal.hr\/#website\"},\"datePublished\":\"2023-03-09T15:07:31+00:00\",\"dateModified\":\"2023-05-02T10:35:52+00:00\",\"inLanguage\":\"de\",\"potentialAction\":[{\"@type\":\"ReadAction\",\"target\":[\"https:\/\/www.croekspres.hr\/de\/strassentransport\/\"]}]},{\"@type\":\"WebSite\",\"@id\":\"https:\/\/mail.ortopedijaideal.hr\/#website\",\"url\":\"https:\/\/mail.ortopedijaideal.hr\/\",\"name\":\"CROekspres\",\"description\":\"Anytime, Anywhere\",\"publisher\":{\"@id\":\"https:\/\/mail.ortopedijaideal.hr\/#organization\"},\"potentialAction\":[{\"@type\":\"SearchAction\",\"target\":{\"@type\":\"EntryPoint\",\"urlTemplate\":\"https:\/\/mail.ortopedijaideal.hr\/?s={search_term_string}\"},\"query-input\":\"required name=search_term_string\"}],\"inLanguage\":\"de\"},{\"@type\":\"Organization\",\"@id\":\"https:\/\/mail.ortopedijaideal.hr\/#organization\",\"name\":\"Cro Ekspres d.o.o.\",\"url\":\"https:\/\/mail.ortopedijaideal.hr\/\",\"logo\":{\"@type\":\"ImageObject\",\"inLanguage\":\"de\",\"@id\":\"https:\/\/mail.ortopedijaideal.hr\/#\/schema\/logo\/image\/\",\"url\":\"\/wp-content\/uploads\/2023\/03\/Cro-ekspres-logo-new.png\",\"contentUrl\":\"\/wp-content\/uploads\/2023\/03\/Cro-ekspres-logo-new.png\",\"width\":200,\"height\":166,\"caption\":\"Cro Ekspres d.o.o.\"},\"image\":{\"@id\":\"https:\/\/mail.ortopedijaideal.hr\/#\/schema\/logo\/image\/\"}}]}<\/script>\n<!-- \/ Yoast SEO plugin. -->","yoast_head_json":{"title":"Stra\u00dfentransport - CROekspres","robots":{"index":"index","follow":"follow","max-snippet":"max-snippet:-1","max-image-preview":"max-image-preview:large","max-video-preview":"max-video-preview:-1"},"canonical":"https:\/\/www.croekspres.hr\/de\/strassentransport\/","og_locale":"de_DE","og_type":"article","og_title":"Stra\u00dfentransport - CROekspres","og_description":"Nutzen Sie agile Frameworks, um eine robuste Zusammenfassung f\u00fcr allgemeine \u00dcbersichten bereitzustellen. Iterative Ans\u00e4tze zur Unternehmensstrategie f\u00f6rdern kooperatives Denken, um das gesamte Wertversprechen zu f\u00f6rdern. Organisches Wachstum der ganzheitlichen Weltanschauung von disruptiven Innovationen durch Diversit\u00e4t und Empowerment am Arbeitsplatz.","og_url":"https:\/\/www.croekspres.hr\/de\/strassentransport\/","og_site_name":"CROekspres","article_modified_time":"2023-05-02T10:35:52+00:00","og_image":[{"width":2560,"height":1706,"url":"https:\/\/www.croekspres.hr\/wp-content\/uploads\/2023\/04\/rm381-04a-scaled.jpg","type":"image\/jpeg"}],"twitter_card":"summary_large_image","twitter_misc":{"Gesch\u00e4tzte Lesezeit":"3\u00a0Minuten"},"schema":{"@context":"https:\/\/schema.org","@graph":[{"@type":"WebPage","@id":"https:\/\/www.croekspres.hr\/de\/strassentransport\/","url":"https:\/\/www.croekspres.hr\/de\/strassentransport\/","name":"Stra\u00dfentransport - CROekspres","isPartOf":{"@id":"https:\/\/mail.ortopedijaideal.hr\/#website"},"datePublished":"2023-03-09T15:07:31+00:00","dateModified":"2023-05-02T10:35:52+00:00","inLanguage":"de","potentialAction":[{"@type":"ReadAction","target":["https:\/\/www.croekspres.hr\/de\/strassentransport\/"]}]},{"@type":"WebSite","@id":"https:\/\/mail.ortopedijaideal.hr\/#website","url":"https:\/\/mail.ortopedijaideal.hr\/","name":"CROekspres","description":"Anytime, Anywhere","publisher":{"@id":"https:\/\/mail.ortopedijaideal.hr\/#organization"},"potentialAction":[{"@type":"SearchAction","target":{"@type":"EntryPoint","urlTemplate":"https:\/\/mail.ortopedijaideal.hr\/?s={search_term_string}"},"query-input":"required name=search_term_string"}],"inLanguage":"de"},{"@type":"Organization","@id":"https:\/\/mail.ortopedijaideal.hr\/#organization","name":"Cro Ekspres d.o.o.","url":"https:\/\/mail.ortopedijaideal.hr\/","logo":{"@type":"ImageObject","inLanguage":"de","@id":"https:\/\/mail.ortopedijaideal.hr\/#\/schema\/logo\/image\/","url":"\/wp-content\/uploads\/2023\/03\/Cro-ekspres-logo-new.png","contentUrl":"\/wp-content\/uploads\/2023\/03\/Cro-ekspres-logo-new.png","width":200,"height":166,"caption":"Cro Ekspres d.o.o."},"image":{"@id":"https:\/\/mail.ortopedijaideal.hr\/#\/schema\/logo\/image\/"}}]}},"_links":{"self":[{"href":"https:\/\/www.croekspres.hr\/de\/wp-json\/wp\/v2\/pages\/16214","targetHints":{"allow":["GET"]}}],"collection":[{"href":"https:\/\/www.croekspres.hr\/de\/wp-json\/wp\/v2\/pages"}],"about":[{"href":"https:\/\/www.croekspres.hr\/de\/wp-json\/wp\/v2\/types\/page"}],"author":[{"embeddable":true,"href":"https:\/\/www.croekspres.hr\/de\/wp-json\/wp\/v2\/users\/1"}],"replies":[{"embeddable":true,"href":"https:\/\/www.croekspres.hr\/de\/wp-json\/wp\/v2\/comments?post=16214"}],"version-history":[{"count":3,"href":"https:\/\/www.croekspres.hr\/de\/wp-json\/wp\/v2\/pages\/16214\/revisions"}],"predecessor-version":[{"id":16662,"href":"https:\/\/www.croekspres.hr\/de\/wp-json\/wp\/v2\/pages\/16214\/revisions\/16662"}],"wp:attachment":[{"href":"https:\/\/www.croekspres.hr\/de\/wp-json\/wp\/v2\/media?parent=16214"}],"curies":[{"name":"wp","href":"https:\/\/api.w.org\/{rel}","templated":true}]}}