{"id":16208,"date":"2023-03-09T15:13:29","date_gmt":"2023-03-09T15:13:29","guid":{"rendered":"https:\/\/croekspres.kuhada.agency\/logistik-fuer-die-industrie\/"},"modified":"2023-05-02T10:39:48","modified_gmt":"2023-05-02T10:39:48","slug":"logistik-fuer-die-industrie","status":"publish","type":"page","link":"https:\/\/www.croekspres.hr\/de\/logistik-fuer-die-industrie\/","title":{"rendered":"Logistik f\u00fcr die Industrie"},"content":{"rendered":"<p>[vc_section][vc_row][vc_column]<div class=\"gap et-clearfix \" style=\"height:32px\"><\/div><h1 id=\"et-animated-title-1\" class=\"et-animated-title et-clearfix  curtain curtain-left\" data-mobile-font=\"inherit\" data-tablet-font=\"inherit\" data-delay=\"0\" style=\"font-weight:700;color:#212121;\"><span class=\"text-wrapper\"><span class=\"text\">Cro Ekspres bietet individuelle L\u00f6sungen f\u00fcr verschiedene Wirtschaftsbereiche<\/span><span class=\"curtain\" style=\"background-color:#dd3333;\"><\/span><\/span><\/h1><div class=\"gap et-clearfix \" style=\"height:32px\"><\/div>[vc_column_text]<span style=\"font-weight: 400;\">Verbessern Sie Ihr Gesch\u00e4ft mit unseren spezialisierten L\u00f6sungen f\u00fcr die Automobil- und Modebranche.<\/span><\/p>\n<p><span style=\"font-weight: 400;\">Cro Ekspres hat in seiner langj\u00e4hrigen Gesch\u00e4ftspraxis individuelle Modelle f\u00fcr die Versorgung dieser beiden Industriezweige entwickelt. Wir planen, unsere L\u00f6sungen auch f\u00fcr andere Branchen zu entwickeln, um es Ihnen zu erleichtern, Ihre Lieferketten auf dem h\u00f6chstm\u00f6glichen Niveau zu halten.<\/span>[\/vc_column_text][\/vc_column][\/vc_row][vc_row gap=&#8220;80&#8243; content_placement=&#8220;middle&#8220; css_animation=&#8220;fadeIn&#8220; css=&#8220;.vc_custom_1532424606103{padding-top: 40px !important;padding-bottom: 64px !important;}&#8220;][vc_column animation_delay=&#8220;0&#8243; offset=&#8220;vc_col-lg-6 vc_col-md-6 vc_col-xs-12&#8243;]<div class=\"et-braket-block-wrapper\"><style>#et-braket-block-1 .braket-title {font-weight:700;color:#212121;}#et-braket-block-1 .braket-sub-title {color:#9a9a9a;}#et-braket-block-1 .braket-button {color:#212121 !important;}#et-braket-block-1 .braket-button:hover {color:#ffffff !important;}#et-braket-block-1 .braket-button:before {box-shadow:inset 0 0 0 1px #212121;}#et-braket-block-1 .braket-button:after {background-color:#dd3333;}#et-braket-block-1 .braket > div:first-child,\r\n\t\t\t\t\t\t#et-braket-block-1 .braket > div:last-child,\r\n\t\t\t\t\t\t#et-braket-block-1 .braket > div:nth-child(2) > span  {background-color:#dd3333;}<\/style><div id=\"et-braket-block-1\" data-delay=\"0\" class=\"et-braket-block left \"><div class=\"braket-block-inner et-clearfix\"><div class=\"braket\"><div><\/div><div><span><\/span><\/div><div><\/div><\/div><div class=\"braket-block-content\"><h1 class=\"braket-title\" data-mobile-font=\"inherit\" data-tablet-font=\"inherit\">Autoindustrie<\/h1><\/div><\/div><div class=\"braket-block-content text et-clearfix\"><\/div><\/div><\/div><div class=\"gap et-clearfix \" style=\"height:32px\"><\/div>[vc_column_text css_animation=&#8220;fadeInLeft&#8220;]<\/p>\n<p style=\"text-align: justify;\">Unsere Industriel\u00f6sungen f\u00fcr die Automobilindustrie sind das Ergebnis langj\u00e4hriger Arbeit und st\u00e4ndiger Verbesserung, um unseren Kunden die bestm\u00f6gliche Formel zu bieten.<\/p>\n<p style=\"text-align: justify;\">Wir unterst\u00fctzen jeden Aspekt der Lieferkette in dieser Branche, und unsere Kunden haben uns mit maximaler Loyalit\u00e4t und Vertrauen zur\u00fcckgezahlt, was sich im Vertrauen widerspiegelt, das unseren Kurieren in die Nachtlieferungen an Orte mit Alarmschutz gesetzt wird.<\/p>\n<p style=\"text-align: justify;\">Wie wir wissen, steht die Automobilindustrie vor vielen Herausforderungen durch Ver\u00e4nderungen auf dem Beschaffungsmarkt nach der Covid-19-Krise, steigende Kosten, \u00c4nderungen in Produktion, Beschaffung etc.<\/p>\n<p style=\"text-align: justify;\">Auf Basis von Qualit\u00e4tsmanagement-Standards sorgen wir f\u00fcr eine kontinuierliche Optimierung Ihrer Prozesse, von der n\u00e4chtlichen Anlieferung von Autoteilen an Servicecenter und Lager.<\/p>\n<p style=\"text-align: justify;\">Dringende Lieferungen sind hier f\u00fcr Ihre zeitkritischen Anfragen.<\/p>\n<p style=\"text-align: justify;\">Unser Service umfasst: Distributionsdienste, Eiltransporte per Charter- oder Kurierzustellung, Same-Day-Warenzustellung, Overnight-Zustellung, Management der Retourenlogistik, Entsorgung der Ware unter zollamtlicher \u00dcberwachung, Zollvermittlung etc.<\/p>\n<p style=\"text-align: justify;\">Unser Cro Ekspres-Team steht Ihnen zur Verf\u00fcgung, um gemeinsam die optimale Formel f\u00fcr Ihre Lieferkette zu finden.<\/p>\n<p>[\/vc_column_text][\/vc_column][vc_column animation_delay=&#8220;0&#8243; offset=&#8220;vc_col-lg-6 vc_col-md-6 vc_col-xs-12&#8243;]<div data-curtain=\"false\" data-preloader=\"false\" data-decoration=\"false\" data-decoration-size=\"small\" data-animation-delay=\"0\" data-parallax=\"false\" data-coordinatex=\"0\" data-coordinatey=\"0\" data-speed=\"1\" class=\"et-custom-image  alignnone overlay-none curtain-left\"><div class=\"overlay-hover\"><div class=\"image\"><div class=\"image-container\"><img loading=\"lazy\" decoding=\"async\" width=\"940\" height=\"788\" src=\"\/wp-content\/uploads\/2023\/04\/Untitled-design-2.png\" alt=\"\"><\/div><\/div><\/div><\/div>[\/vc_column][\/vc_row][vc_row gap=&#8220;80&#8243; content_placement=&#8220;middle&#8220; css_animation=&#8220;fadeIn&#8220; css=&#8220;.vc_custom_1532424606103{padding-top: 40px !important;padding-bottom: 64px !important;}&#8220;][vc_column animation_delay=&#8220;0&#8243; offset=&#8220;vc_col-lg-6 vc_col-md-6 vc_col-xs-12&#8243;]<div class=\"et-braket-block-wrapper\"><style>#et-braket-block-2 .braket-title {font-weight:700;color:#212121;}#et-braket-block-2 .braket-sub-title {color:#9a9a9a;}#et-braket-block-2 .braket-button {color:#212121 !important;}#et-braket-block-2 .braket-button:hover {color:#ffffff !important;}#et-braket-block-2 .braket-button:before {box-shadow:inset 0 0 0 1px #212121;}#et-braket-block-2 .braket-button:after {background-color:#dd3333;}#et-braket-block-2 .braket > div:first-child,\r\n\t\t\t\t\t\t#et-braket-block-2 .braket > div:last-child,\r\n\t\t\t\t\t\t#et-braket-block-2 .braket > div:nth-child(2) > span  {background-color:#dd3333;}<\/style><div id=\"et-braket-block-2\" data-delay=\"0\" class=\"et-braket-block left \"><div class=\"braket-block-inner et-clearfix\"><div class=\"braket\"><div><\/div><div><span><\/span><\/div><div><\/div><\/div><div class=\"braket-block-content\"><h1 class=\"braket-title\" data-mobile-font=\"inherit\" data-tablet-font=\"inherit\">Mode Industrie<\/h1><\/div><\/div><div class=\"braket-block-content text et-clearfix\"><\/div><\/div><\/div><div class=\"gap et-clearfix \" style=\"height:32px\"><\/div>[vc_column_text css_animation=&#8220;fadeInLeft&#8220;]<\/p>\n<p style=\"text-align: justify;\"><span style=\"font-weight: 400;\">Cro Ekspres versteht die Modebranche sehr gut und bew\u00e4ltigt ihre Anforderungen effektiv. Je nach Ihren Herausforderungen erstellen wir auch individuelle L\u00f6sungen. Unsere L\u00f6sungen f\u00fcr die Modebranche umfassen einen Transportservice auf klassischem Weg ebenso wie einen H\u00e4ngetransport, Speditionslieferungen an Handelsketten, in denen wir \u00fcber langj\u00e4hrige Erfahrung verf\u00fcgen, und Lieferungen an Endverbraucher. <\/span><\/p>\n<p style=\"text-align: justify;\"><span style=\"font-weight: 400;\">Wir liefern Ihre saisonalen Modekollektionen oder Erg\u00e4nzungen auch per Schiff, Flugzeug, Schiene oder Stra\u00dfe nach Kroatien. Sparen Sie f\u00fcr Nachschub in der Zwischensaison Transportkosten, indem Sie unsere konsolidierten Sammeldienste nutzen, und auf all diese Weise erm\u00f6glichen wir Ihren Kunden, immer mit den neuesten Modetrends Schritt zu halten\u2026.<\/span><\/p>\n<p>[\/vc_column_text][\/vc_column][vc_column animation_delay=&#8220;0&#8243; offset=&#8220;vc_col-lg-6 vc_col-md-6 vc_col-xs-12&#8243;]<div data-curtain=\"false\" data-preloader=\"false\" data-decoration=\"false\" data-decoration-size=\"small\" data-animation-delay=\"0\" data-parallax=\"false\" data-coordinatex=\"0\" data-coordinatey=\"0\" data-speed=\"1\" class=\"et-custom-image  alignnone overlay-none curtain-left\"><div class=\"overlay-hover\"><div class=\"image\"><div class=\"image-container\"><img loading=\"lazy\" decoding=\"async\" width=\"940\" height=\"788\" src=\"\/wp-content\/uploads\/2023\/04\/Untitled-design-3.png\" alt=\"\"><\/div><\/div><\/div><\/div>[\/vc_column][\/vc_row][\/vc_section]<\/p>\n","protected":false},"excerpt":{"rendered":"<p>Nutzen Sie agile Frameworks, um eine robuste Zusammenfassung f\u00fcr allgemeine \u00dcbersichten bereitzustellen. Iterative Ans\u00e4tze zur Unternehmensstrategie f\u00f6rdern kooperatives Denken, um das gesamte Wertversprechen zu f\u00f6rdern. Organisches Wachstum der ganzheitlichen Weltanschauung von disruptiven Innovationen durch Diversit\u00e4t und Empowerment am Arbeitsplatz.<\/p>\n","protected":false},"author":1,"featured_media":0,"parent":0,"menu_order":0,"comment_status":"closed","ping_status":"closed","template":"page-vc.php","meta":{"footnotes":""},"class_list":["post-16208","page","type-page","status-publish","hentry"],"yoast_head":"<!-- This site is optimized with the Yoast SEO plugin v20.7 - https:\/\/yoast.com\/wordpress\/plugins\/seo\/ -->\n<title>Logistik f\u00fcr die Industrie - CROekspres<\/title>\n<meta name=\"robots\" content=\"index, follow, max-snippet:-1, max-image-preview:large, max-video-preview:-1\" \/>\n<link rel=\"canonical\" href=\"https:\/\/www.croekspres.hr\/de\/logistik-fuer-die-industrie\/\" \/>\n<meta property=\"og:locale\" content=\"de_DE\" \/>\n<meta property=\"og:type\" content=\"article\" \/>\n<meta property=\"og:title\" content=\"Logistik f\u00fcr die Industrie - CROekspres\" \/>\n<meta property=\"og:description\" content=\"Nutzen Sie agile Frameworks, um eine robuste Zusammenfassung f\u00fcr allgemeine \u00dcbersichten bereitzustellen. Iterative Ans\u00e4tze zur Unternehmensstrategie f\u00f6rdern kooperatives Denken, um das gesamte Wertversprechen zu f\u00f6rdern. Organisches Wachstum der ganzheitlichen Weltanschauung von disruptiven Innovationen durch Diversit\u00e4t und Empowerment am Arbeitsplatz.\" \/>\n<meta property=\"og:url\" content=\"https:\/\/www.croekspres.hr\/de\/logistik-fuer-die-industrie\/\" \/>\n<meta property=\"og:site_name\" content=\"CROekspres\" \/>\n<meta property=\"article:modified_time\" content=\"2023-05-02T10:39:48+00:00\" \/>\n<meta property=\"og:image\" content=\"https:\/\/www.croekspres.hr\/wp-content\/uploads\/2023\/04\/rm381-04a-scaled.jpg\" \/>\n\t<meta property=\"og:image:width\" content=\"2560\" \/>\n\t<meta property=\"og:image:height\" content=\"1706\" \/>\n\t<meta property=\"og:image:type\" content=\"image\/jpeg\" \/>\n<meta name=\"twitter:card\" content=\"summary_large_image\" \/>\n<meta name=\"twitter:label1\" content=\"Gesch\u00e4tzte Lesezeit\" \/>\n\t<meta name=\"twitter:data1\" content=\"2\u00a0Minuten\" \/>\n<script type=\"application\/ld+json\" class=\"yoast-schema-graph\">{\"@context\":\"https:\/\/schema.org\",\"@graph\":[{\"@type\":\"WebPage\",\"@id\":\"https:\/\/www.croekspres.hr\/de\/logistik-fuer-die-industrie\/\",\"url\":\"https:\/\/www.croekspres.hr\/de\/logistik-fuer-die-industrie\/\",\"name\":\"Logistik f\u00fcr die Industrie - CROekspres\",\"isPartOf\":{\"@id\":\"https:\/\/mail.ortopedijaideal.hr\/#website\"},\"datePublished\":\"2023-03-09T15:13:29+00:00\",\"dateModified\":\"2023-05-02T10:39:48+00:00\",\"inLanguage\":\"de\",\"potentialAction\":[{\"@type\":\"ReadAction\",\"target\":[\"https:\/\/www.croekspres.hr\/de\/logistik-fuer-die-industrie\/\"]}]},{\"@type\":\"WebSite\",\"@id\":\"https:\/\/mail.ortopedijaideal.hr\/#website\",\"url\":\"https:\/\/mail.ortopedijaideal.hr\/\",\"name\":\"CROekspres\",\"description\":\"Anytime, Anywhere\",\"publisher\":{\"@id\":\"https:\/\/mail.ortopedijaideal.hr\/#organization\"},\"potentialAction\":[{\"@type\":\"SearchAction\",\"target\":{\"@type\":\"EntryPoint\",\"urlTemplate\":\"https:\/\/mail.ortopedijaideal.hr\/?s={search_term_string}\"},\"query-input\":\"required name=search_term_string\"}],\"inLanguage\":\"de\"},{\"@type\":\"Organization\",\"@id\":\"https:\/\/mail.ortopedijaideal.hr\/#organization\",\"name\":\"Cro Ekspres d.o.o.\",\"url\":\"https:\/\/mail.ortopedijaideal.hr\/\",\"logo\":{\"@type\":\"ImageObject\",\"inLanguage\":\"de\",\"@id\":\"https:\/\/mail.ortopedijaideal.hr\/#\/schema\/logo\/image\/\",\"url\":\"\/wp-content\/uploads\/2023\/03\/Cro-ekspres-logo-new.png\",\"contentUrl\":\"\/wp-content\/uploads\/2023\/03\/Cro-ekspres-logo-new.png\",\"width\":200,\"height\":166,\"caption\":\"Cro Ekspres d.o.o.\"},\"image\":{\"@id\":\"https:\/\/mail.ortopedijaideal.hr\/#\/schema\/logo\/image\/\"}}]}<\/script>\n<!-- \/ Yoast SEO plugin. -->","yoast_head_json":{"title":"Logistik f\u00fcr die Industrie - CROekspres","robots":{"index":"index","follow":"follow","max-snippet":"max-snippet:-1","max-image-preview":"max-image-preview:large","max-video-preview":"max-video-preview:-1"},"canonical":"https:\/\/www.croekspres.hr\/de\/logistik-fuer-die-industrie\/","og_locale":"de_DE","og_type":"article","og_title":"Logistik f\u00fcr die Industrie - CROekspres","og_description":"Nutzen Sie agile Frameworks, um eine robuste Zusammenfassung f\u00fcr allgemeine \u00dcbersichten bereitzustellen. Iterative Ans\u00e4tze zur Unternehmensstrategie f\u00f6rdern kooperatives Denken, um das gesamte Wertversprechen zu f\u00f6rdern. Organisches Wachstum der ganzheitlichen Weltanschauung von disruptiven Innovationen durch Diversit\u00e4t und Empowerment am Arbeitsplatz.","og_url":"https:\/\/www.croekspres.hr\/de\/logistik-fuer-die-industrie\/","og_site_name":"CROekspres","article_modified_time":"2023-05-02T10:39:48+00:00","og_image":[{"width":2560,"height":1706,"url":"https:\/\/www.croekspres.hr\/wp-content\/uploads\/2023\/04\/rm381-04a-scaled.jpg","type":"image\/jpeg"}],"twitter_card":"summary_large_image","twitter_misc":{"Gesch\u00e4tzte Lesezeit":"2\u00a0Minuten"},"schema":{"@context":"https:\/\/schema.org","@graph":[{"@type":"WebPage","@id":"https:\/\/www.croekspres.hr\/de\/logistik-fuer-die-industrie\/","url":"https:\/\/www.croekspres.hr\/de\/logistik-fuer-die-industrie\/","name":"Logistik f\u00fcr die Industrie - CROekspres","isPartOf":{"@id":"https:\/\/mail.ortopedijaideal.hr\/#website"},"datePublished":"2023-03-09T15:13:29+00:00","dateModified":"2023-05-02T10:39:48+00:00","inLanguage":"de","potentialAction":[{"@type":"ReadAction","target":["https:\/\/www.croekspres.hr\/de\/logistik-fuer-die-industrie\/"]}]},{"@type":"WebSite","@id":"https:\/\/mail.ortopedijaideal.hr\/#website","url":"https:\/\/mail.ortopedijaideal.hr\/","name":"CROekspres","description":"Anytime, Anywhere","publisher":{"@id":"https:\/\/mail.ortopedijaideal.hr\/#organization"},"potentialAction":[{"@type":"SearchAction","target":{"@type":"EntryPoint","urlTemplate":"https:\/\/mail.ortopedijaideal.hr\/?s={search_term_string}"},"query-input":"required name=search_term_string"}],"inLanguage":"de"},{"@type":"Organization","@id":"https:\/\/mail.ortopedijaideal.hr\/#organization","name":"Cro Ekspres d.o.o.","url":"https:\/\/mail.ortopedijaideal.hr\/","logo":{"@type":"ImageObject","inLanguage":"de","@id":"https:\/\/mail.ortopedijaideal.hr\/#\/schema\/logo\/image\/","url":"\/wp-content\/uploads\/2023\/03\/Cro-ekspres-logo-new.png","contentUrl":"\/wp-content\/uploads\/2023\/03\/Cro-ekspres-logo-new.png","width":200,"height":166,"caption":"Cro Ekspres d.o.o."},"image":{"@id":"https:\/\/mail.ortopedijaideal.hr\/#\/schema\/logo\/image\/"}}]}},"_links":{"self":[{"href":"https:\/\/www.croekspres.hr\/de\/wp-json\/wp\/v2\/pages\/16208","targetHints":{"allow":["GET"]}}],"collection":[{"href":"https:\/\/www.croekspres.hr\/de\/wp-json\/wp\/v2\/pages"}],"about":[{"href":"https:\/\/www.croekspres.hr\/de\/wp-json\/wp\/v2\/types\/page"}],"author":[{"embeddable":true,"href":"https:\/\/www.croekspres.hr\/de\/wp-json\/wp\/v2\/users\/1"}],"replies":[{"embeddable":true,"href":"https:\/\/www.croekspres.hr\/de\/wp-json\/wp\/v2\/comments?post=16208"}],"version-history":[{"count":3,"href":"https:\/\/www.croekspres.hr\/de\/wp-json\/wp\/v2\/pages\/16208\/revisions"}],"predecessor-version":[{"id":16665,"href":"https:\/\/www.croekspres.hr\/de\/wp-json\/wp\/v2\/pages\/16208\/revisions\/16665"}],"wp:attachment":[{"href":"https:\/\/www.croekspres.hr\/de\/wp-json\/wp\/v2\/media?parent=16208"}],"curies":[{"name":"wp","href":"https:\/\/api.w.org\/{rel}","templated":true}]}}