{"id":16195,"date":"2022-12-20T07:32:46","date_gmt":"2022-12-20T07:32:46","guid":{"rendered":"https:\/\/croekspres.kuhada.agency\/andere-dienstleistungen\/"},"modified":"2023-04-28T17:52:00","modified_gmt":"2023-04-28T17:52:00","slug":"andere-dienstleistungen","status":"publish","type":"page","link":"https:\/\/www.croekspres.hr\/de\/andere-dienstleistungen\/","title":{"rendered":"Andere Dienstleistungen"},"content":{"rendered":"<p>[vc_section][vc_row gap=&#8220;80&#8243; content_placement=&#8220;middle&#8220; css_animation=&#8220;fadeIn&#8220; css=&#8220;.vc_custom_1532424606103{padding-top: 40px !important;padding-bottom: 64px !important;}&#8220;][vc_column animation_delay=&#8220;0&#8243; offset=&#8220;vc_col-lg-6 vc_col-md-6 vc_col-xs-12&#8243;]<h3 id=\"et-animated-title-1\" class=\"et-animated-title et-clearfix  words-direct\" data-mobile-font=\"32px\" data-tablet-font=\"inherit\" data-delay=\"100\" style=\"font-size:48px;font-weight:700;line-height:56px;color:#2c332c;\"><span class=\"text-wrapper\"><span class=\"text\">Andere Dienstleistungen<\/span><\/span><\/h3><div class=\"gap et-clearfix \" style=\"height:32px\"><\/div><div class=\"et-simple-braket-block-wrapper\"><style>#et-simple-braket-block-1 .braket-text {font-weight:400;}#et-simple-braket-block-1 .braket > div  {background-color:#ffcd00;}<\/style><div id=\"et-simple-braket-block-1\" class=\"et-simple-braket-block \"><div class=\"braket\"><div><\/div><div><\/div><div><\/div><\/div><div class=\"braket-text\" data-mobile-font=\"inherit\" data-tablet-font=\"inherit\">Unser Kundenservice ist st\u00e4ndig auf der Suche nach neuen und modernen Wegen, um die Leistung Ihrer Lieferkette zu verbessern. Auf diese Weise senkt Cro Express die Kosten und erh\u00f6ht die Qualit\u00e4t seiner Dienstleistungen. Um unsere Dienstleistungen zu verbessern, bieten wir die Analyse von Logistikprozessen und das Finden idealer L\u00f6sungen f\u00fcr jeden spezifischen Gesch\u00e4ftszweig an.<\/div><\/div><\/div>[\/vc_column][vc_column animation_delay=&#8220;0&#8243; offset=&#8220;vc_col-lg-6 vc_col-md-6 vc_col-xs-12&#8243;][vc_single_image image=&#8220;14636&#8243; img_size=&#8220;full&#8220;][\/vc_column][\/vc_row][vc_row css=&#8220;.vc_custom_1671434444943{margin-top: 30px !important;margin-bottom: 30px !important;}&#8220;][vc_column width=&#8220;1\/2&#8243;][vc_single_image image=&#8220;14637&#8243; img_size=&#8220;full&#8220;][\/vc_column][vc_column width=&#8220;1\/2&#8243;]<div class=\"gap et-clearfix \" style=\"height:32px\"><\/div>[vc_column_text]Bei Cro Express haben wir uns dem Verst\u00e4ndnis der Herausforderungen und Bed\u00fcrfnisse unserer Kunden verschrieben.<br \/>\nWir bem\u00fchen uns jeden Tag, die notwendigen Informationen aus der Welt der Logistik bereitzustellen, und wir arbeiten partnerschaftlich mit unseren Kunden zusammen, um effiziente, elegante und umweltfreundliche Logistikl\u00f6sungen zu schaffen.<br \/>\nBei Cro Express wird die Logistik von einem Expertenteam und ausgew\u00e4hlten Partnern \u00fcbernommen, die in der Lage sind, innovative und nachhaltige Logistikl\u00f6sungen anzubieten.<\/p>\n<p>Wir st\u00fctzen unser Vertrauen auf unsere langj\u00e4hrige Erfahrung in der Entwicklung und Qualit\u00e4tsverteilung jedes neuen Produkts auf dem Markt. In langj\u00e4hriger Praxis haben wir gelernt, uns allen Herausforderungen des Marktes mit Beharrlichkeit, Flei\u00df, Wissen und Professionalit\u00e4t anzupassen und zu meistern.<\/p>\n<p>In dem Wunsch, ihre Abl\u00e4ufe zu optimieren und die hohe Qualit\u00e4t der Dienstleistungen, die sie ihren Kunden bieten, zu gew\u00e4hrleisten, entscheiden sich gro\u00dfe Unternehmen in Kroatien oft daf\u00fcr, die Organisation ihrer Lieferketten Unternehmen zu \u00fcberlassen, die sich auf diese Art von Dienstleistungen spezialisiert haben. Cro ekspres verf\u00fcgt \u00fcber langj\u00e4hrige Erfahrung in der Bereitstellung aller Arten von Logistikdienstleistungen f\u00fcr Kunden, die uns komplette Prozesse oder Segmente ihrer Lieferketten anvertraut haben.[\/vc_column_text][\/vc_column][\/vc_row][\/vc_section]<\/p>\n","protected":false},"excerpt":{"rendered":"<p>Nutzen Sie agile Frameworks, um eine robuste Zusammenfassung f\u00fcr allgemeine \u00dcbersichten bereitzustellen. Iterative Ans\u00e4tze zur Unternehmensstrategie f\u00f6rdern kooperatives Denken, um das gesamte Wertversprechen zu f\u00f6rdern. Organisches Wachstum der ganzheitlichen Weltanschauung von disruptiven Innovationen durch Diversit\u00e4t und Empowerment am Arbeitsplatz.<\/p>\n","protected":false},"author":1,"featured_media":0,"parent":0,"menu_order":0,"comment_status":"closed","ping_status":"closed","template":"page-vc.php","meta":{"footnotes":""},"class_list":["post-16195","page","type-page","status-publish","hentry"],"yoast_head":"<!-- This site is optimized with the Yoast SEO plugin v20.7 - https:\/\/yoast.com\/wordpress\/plugins\/seo\/ -->\n<title>Andere Dienstleistungen - CROekspres<\/title>\n<meta name=\"robots\" content=\"index, follow, max-snippet:-1, max-image-preview:large, max-video-preview:-1\" \/>\n<link rel=\"canonical\" href=\"https:\/\/www.croekspres.hr\/de\/andere-dienstleistungen\/\" \/>\n<meta property=\"og:locale\" content=\"de_DE\" \/>\n<meta property=\"og:type\" content=\"article\" \/>\n<meta property=\"og:title\" content=\"Andere Dienstleistungen - CROekspres\" \/>\n<meta property=\"og:description\" content=\"Nutzen Sie agile Frameworks, um eine robuste Zusammenfassung f\u00fcr allgemeine \u00dcbersichten bereitzustellen. Iterative Ans\u00e4tze zur Unternehmensstrategie f\u00f6rdern kooperatives Denken, um das gesamte Wertversprechen zu f\u00f6rdern. Organisches Wachstum der ganzheitlichen Weltanschauung von disruptiven Innovationen durch Diversit\u00e4t und Empowerment am Arbeitsplatz.\" \/>\n<meta property=\"og:url\" content=\"https:\/\/www.croekspres.hr\/de\/andere-dienstleistungen\/\" \/>\n<meta property=\"og:site_name\" content=\"CROekspres\" \/>\n<meta property=\"article:modified_time\" content=\"2023-04-28T17:52:00+00:00\" \/>\n<meta property=\"og:image\" content=\"https:\/\/www.croekspres.hr\/wp-content\/uploads\/2023\/04\/rm381-04a-scaled.jpg\" \/>\n\t<meta property=\"og:image:width\" content=\"2560\" \/>\n\t<meta property=\"og:image:height\" content=\"1706\" \/>\n\t<meta property=\"og:image:type\" content=\"image\/jpeg\" \/>\n<meta name=\"twitter:card\" content=\"summary_large_image\" \/>\n<meta name=\"twitter:label1\" content=\"Gesch\u00e4tzte Lesezeit\" \/>\n\t<meta name=\"twitter:data1\" content=\"2\u00a0Minuten\" \/>\n<script type=\"application\/ld+json\" class=\"yoast-schema-graph\">{\"@context\":\"https:\/\/schema.org\",\"@graph\":[{\"@type\":\"WebPage\",\"@id\":\"https:\/\/www.croekspres.hr\/de\/andere-dienstleistungen\/\",\"url\":\"https:\/\/www.croekspres.hr\/de\/andere-dienstleistungen\/\",\"name\":\"Andere Dienstleistungen - CROekspres\",\"isPartOf\":{\"@id\":\"https:\/\/mail.ortopedijaideal.hr\/#website\"},\"datePublished\":\"2022-12-20T07:32:46+00:00\",\"dateModified\":\"2023-04-28T17:52:00+00:00\",\"inLanguage\":\"de\",\"potentialAction\":[{\"@type\":\"ReadAction\",\"target\":[\"https:\/\/www.croekspres.hr\/de\/andere-dienstleistungen\/\"]}]},{\"@type\":\"WebSite\",\"@id\":\"https:\/\/mail.ortopedijaideal.hr\/#website\",\"url\":\"https:\/\/mail.ortopedijaideal.hr\/\",\"name\":\"CROekspres\",\"description\":\"Anytime, Anywhere\",\"publisher\":{\"@id\":\"https:\/\/mail.ortopedijaideal.hr\/#organization\"},\"potentialAction\":[{\"@type\":\"SearchAction\",\"target\":{\"@type\":\"EntryPoint\",\"urlTemplate\":\"https:\/\/mail.ortopedijaideal.hr\/?s={search_term_string}\"},\"query-input\":\"required name=search_term_string\"}],\"inLanguage\":\"de\"},{\"@type\":\"Organization\",\"@id\":\"https:\/\/mail.ortopedijaideal.hr\/#organization\",\"name\":\"Cro Ekspres d.o.o.\",\"url\":\"https:\/\/mail.ortopedijaideal.hr\/\",\"logo\":{\"@type\":\"ImageObject\",\"inLanguage\":\"de\",\"@id\":\"https:\/\/mail.ortopedijaideal.hr\/#\/schema\/logo\/image\/\",\"url\":\"\/wp-content\/uploads\/2023\/03\/Cro-ekspres-logo-new.png\",\"contentUrl\":\"\/wp-content\/uploads\/2023\/03\/Cro-ekspres-logo-new.png\",\"width\":200,\"height\":166,\"caption\":\"Cro Ekspres d.o.o.\"},\"image\":{\"@id\":\"https:\/\/mail.ortopedijaideal.hr\/#\/schema\/logo\/image\/\"}}]}<\/script>\n<!-- \/ Yoast SEO plugin. -->","yoast_head_json":{"title":"Andere Dienstleistungen - CROekspres","robots":{"index":"index","follow":"follow","max-snippet":"max-snippet:-1","max-image-preview":"max-image-preview:large","max-video-preview":"max-video-preview:-1"},"canonical":"https:\/\/www.croekspres.hr\/de\/andere-dienstleistungen\/","og_locale":"de_DE","og_type":"article","og_title":"Andere Dienstleistungen - CROekspres","og_description":"Nutzen Sie agile Frameworks, um eine robuste Zusammenfassung f\u00fcr allgemeine \u00dcbersichten bereitzustellen. Iterative Ans\u00e4tze zur Unternehmensstrategie f\u00f6rdern kooperatives Denken, um das gesamte Wertversprechen zu f\u00f6rdern. Organisches Wachstum der ganzheitlichen Weltanschauung von disruptiven Innovationen durch Diversit\u00e4t und Empowerment am Arbeitsplatz.","og_url":"https:\/\/www.croekspres.hr\/de\/andere-dienstleistungen\/","og_site_name":"CROekspres","article_modified_time":"2023-04-28T17:52:00+00:00","og_image":[{"width":2560,"height":1706,"url":"https:\/\/www.croekspres.hr\/wp-content\/uploads\/2023\/04\/rm381-04a-scaled.jpg","type":"image\/jpeg"}],"twitter_card":"summary_large_image","twitter_misc":{"Gesch\u00e4tzte Lesezeit":"2\u00a0Minuten"},"schema":{"@context":"https:\/\/schema.org","@graph":[{"@type":"WebPage","@id":"https:\/\/www.croekspres.hr\/de\/andere-dienstleistungen\/","url":"https:\/\/www.croekspres.hr\/de\/andere-dienstleistungen\/","name":"Andere Dienstleistungen - CROekspres","isPartOf":{"@id":"https:\/\/mail.ortopedijaideal.hr\/#website"},"datePublished":"2022-12-20T07:32:46+00:00","dateModified":"2023-04-28T17:52:00+00:00","inLanguage":"de","potentialAction":[{"@type":"ReadAction","target":["https:\/\/www.croekspres.hr\/de\/andere-dienstleistungen\/"]}]},{"@type":"WebSite","@id":"https:\/\/mail.ortopedijaideal.hr\/#website","url":"https:\/\/mail.ortopedijaideal.hr\/","name":"CROekspres","description":"Anytime, Anywhere","publisher":{"@id":"https:\/\/mail.ortopedijaideal.hr\/#organization"},"potentialAction":[{"@type":"SearchAction","target":{"@type":"EntryPoint","urlTemplate":"https:\/\/mail.ortopedijaideal.hr\/?s={search_term_string}"},"query-input":"required name=search_term_string"}],"inLanguage":"de"},{"@type":"Organization","@id":"https:\/\/mail.ortopedijaideal.hr\/#organization","name":"Cro Ekspres d.o.o.","url":"https:\/\/mail.ortopedijaideal.hr\/","logo":{"@type":"ImageObject","inLanguage":"de","@id":"https:\/\/mail.ortopedijaideal.hr\/#\/schema\/logo\/image\/","url":"\/wp-content\/uploads\/2023\/03\/Cro-ekspres-logo-new.png","contentUrl":"\/wp-content\/uploads\/2023\/03\/Cro-ekspres-logo-new.png","width":200,"height":166,"caption":"Cro Ekspres d.o.o."},"image":{"@id":"https:\/\/mail.ortopedijaideal.hr\/#\/schema\/logo\/image\/"}}]}},"_links":{"self":[{"href":"https:\/\/www.croekspres.hr\/de\/wp-json\/wp\/v2\/pages\/16195","targetHints":{"allow":["GET"]}}],"collection":[{"href":"https:\/\/www.croekspres.hr\/de\/wp-json\/wp\/v2\/pages"}],"about":[{"href":"https:\/\/www.croekspres.hr\/de\/wp-json\/wp\/v2\/types\/page"}],"author":[{"embeddable":true,"href":"https:\/\/www.croekspres.hr\/de\/wp-json\/wp\/v2\/users\/1"}],"replies":[{"embeddable":true,"href":"https:\/\/www.croekspres.hr\/de\/wp-json\/wp\/v2\/comments?post=16195"}],"version-history":[{"count":2,"href":"https:\/\/www.croekspres.hr\/de\/wp-json\/wp\/v2\/pages\/16195\/revisions"}],"predecessor-version":[{"id":16199,"href":"https:\/\/www.croekspres.hr\/de\/wp-json\/wp\/v2\/pages\/16195\/revisions\/16199"}],"wp:attachment":[{"href":"https:\/\/www.croekspres.hr\/de\/wp-json\/wp\/v2\/media?parent=16195"}],"curies":[{"name":"wp","href":"https:\/\/api.w.org\/{rel}","templated":true}]}}