{"id":16193,"date":"2022-12-21T13:20:52","date_gmt":"2022-12-21T13:20:52","guid":{"rendered":"https:\/\/croekspres.kuhada.agency\/bitte-um-ein-angebot\/"},"modified":"2023-05-17T09:18:37","modified_gmt":"2023-05-17T09:18:37","slug":"bitte-um-ein-angebot","status":"publish","type":"page","link":"https:\/\/www.croekspres.hr\/de\/bitte-um-ein-angebot\/","title":{"rendered":"Bitte um ein Angebot"},"content":{"rendered":"<p>[vc_row gap=&#8220;80&#8243; css=&#8220;.vc_custom_1530533604775{padding-top: 40px !important;padding-bottom: 40px !important;}&#8220;][vc_column animation_delay=&#8220;0&#8243; offset=&#8220;vc_col-lg-8 vc_col-md-8 vc_col-xs-12&#8243;]<h3 id=\"et-animated-title-1\" class=\"et-animated-title et-clearfix  words-direct\" data-mobile-font=\"24px\" data-tablet-font=\"32px\" data-delay=\"\" style=\"font-size:48px;font-weight:700;line-height:56px;color:#eb343b;\"><span class=\"text-wrapper\"><span class=\"text\">Bitte um ein Angebot<\/span><\/span><\/h3><div class=\"gap et-clearfix \" style=\"height:2px\"><\/div><div class=\"et-simple-braket-block-wrapper\"><style>#et-simple-braket-block-1 .braket-text {font-size:24px;font-weight:400;line-height:32px;}#et-simple-braket-block-1 .braket > div  {background-color:#eb343b;}<\/style><div id=\"et-simple-braket-block-1\" class=\"et-simple-braket-block \"><div class=\"braket\"><div><\/div><div><\/div><div><\/div><\/div><div class=\"braket-text\" data-mobile-font=\"inherit\" data-tablet-font=\"inherit\">Wenn Sie an unseren Dienstleistungen interessiert sind und mehr dar\u00fcber erfahren m\u00f6chten oder eine individuelle L\u00f6sung ben\u00f6tigen, wenden Sie sich vertrauensvoll an uns. Unser Expertenteam bietet Ihnen alle notwendigen Informationen und hilft Ihnen bei der Auswahl der besten L\u00f6sung f\u00fcr Ihre Bed\u00fcrfnisse.<\/div><\/div><\/div><div class=\"gap et-clearfix \" style=\"height:85px\"><\/div>[vc_row_inner el_id=&#8220;kontakt-forma&#8220; css=&#8220;.vc_custom_1680468680741{background-image: url(\/wp-content\/uploads\/2023\/03\/v1016-a-08-1-scaled.jpg?id=14790) !important;background-position: center !important;background-repeat: no-repeat !important;background-size: cover !important;}&#8220;][vc_column_inner]<h1 id=\"et-animated-title-2\" class=\"et-animated-title et-clearfix  words-direct\" data-mobile-font=\"inherit\" data-tablet-font=\"inherit\" data-delay=\"0\" style=\"font-weight:700;color:#eb343b;\"><span class=\"text-wrapper\"><span class=\"text\">Haben Sie Fragen oder Anregungen zu Cro Ekspres?<\/span><\/span><\/h1>[vc_column_text]\n<div class=\"wpcf7 no-js\" id=\"wpcf7-f16569-o1\" lang=\"de-DE\" dir=\"ltr\">\n<div class=\"screen-reader-response\"><p role=\"status\" aria-live=\"polite\" aria-atomic=\"true\"><\/p> <ul><\/ul><\/div>\n<form action=\"\/de\/wp-json\/wp\/v2\/pages\/16193#wpcf7-f16569-o1\" method=\"post\" class=\"wpcf7-form init\" aria-label=\"Kontaktformular\" novalidate=\"novalidate\" data-status=\"init\">\n<div style=\"display: none;\">\n<input type=\"hidden\" name=\"_wpcf7\" value=\"16569\" \/>\n<input type=\"hidden\" name=\"_wpcf7_version\" value=\"5.7.6\" \/>\n<input type=\"hidden\" name=\"_wpcf7_locale\" value=\"de_DE\" \/>\n<input type=\"hidden\" name=\"_wpcf7_unit_tag\" value=\"wpcf7-f16569-o1\" \/>\n<input type=\"hidden\" name=\"_wpcf7_container_post\" value=\"0\" \/>\n<input type=\"hidden\" name=\"_wpcf7_posted_data_hash\" value=\"\" \/>\n<input type=\"hidden\" name=\"_wpcf7_recaptcha_response\" value=\"\" \/>\n<\/div>\n<p><label> Name und Nachname<br \/>\n<span class=\"wpcf7-form-control-wrap\" data-name=\"your-name\"><input size=\"40\" class=\"wpcf7-form-control wpcf7-text wpcf7-validates-as-required\" aria-required=\"true\" aria-invalid=\"false\" value=\"\" type=\"text\" name=\"your-name\" \/><\/span> <\/label>\n<\/p>\n<p><label> Unternehmen<br \/>\n<span class=\"wpcf7-form-control-wrap\" data-name=\"your-name\"><input size=\"40\" class=\"wpcf7-form-control wpcf7-text wpcf7-validates-as-required\" aria-required=\"true\" aria-invalid=\"false\" value=\"\" type=\"text\" name=\"your-name\" \/><\/span> <\/label>\n<\/p>\n<p><label> E-Mail-Addresse<br \/>\n<span class=\"wpcf7-form-control-wrap\" data-name=\"your-email\"><input size=\"40\" class=\"wpcf7-form-control wpcf7-text wpcf7-email wpcf7-validates-as-required wpcf7-validates-as-email\" aria-required=\"true\" aria-invalid=\"false\" value=\"\" type=\"email\" name=\"your-email\" \/><\/span> <\/label>\n<\/p>\n<p><label> Kontakt Telefonnummer<br \/>\n<span class=\"wpcf7-form-control-wrap\" data-name=\"Kontakttelefon\"><input size=\"40\" class=\"wpcf7-form-control wpcf7-text wpcf7-tel wpcf7-validates-as-required wpcf7-validates-as-tel\" aria-required=\"true\" aria-invalid=\"false\" value=\"\" type=\"tel\" name=\"Kontakttelefon\" \/><\/span> <\/label>\n<\/p>\n<p><label> Abfragetyp<br \/>\n<span class=\"wpcf7-form-control-wrap\" data-name=\"Vrstaupita\"><select class=\"wpcf7-form-control wpcf7-select wpcf7-validates-as-required\" aria-required=\"true\" aria-invalid=\"false\" name=\"Vrstaupita\"><option value=\"\">&#8211; Bitte ausw\u00e4hlen &#8211;<\/option><option value=\"Angebotsanfrage\">Angebotsanfrage<\/option><option value=\"Beschwerde\">Beschwerde<\/option><option value=\"Bewerbung\">Bewerbung<\/option><option value=\"Andere\">Andere<\/option><\/select><\/span> <\/label>\n<\/p>\n<p><label> Nachricht<br \/>\n<span class=\"wpcf7-form-control-wrap\" data-name=\"your-message\"><textarea cols=\"40\" rows=\"10\" class=\"wpcf7-form-control wpcf7-textarea wpcf7-validates-as-required\" aria-required=\"true\" aria-invalid=\"false\" name=\"your-message\"><\/textarea><\/span> <\/label>\n<\/p>\n<p><input class=\"wpcf7-form-control has-spinner wpcf7-submit\" type=\"submit\" value=\"Versenden\" \/>\n<\/p><p style=\"display: none !important;\"><label>&#916;<textarea name=\"_wpcf7_ak_hp_textarea\" cols=\"45\" rows=\"8\" maxlength=\"100\"><\/textarea><\/label><input type=\"hidden\" id=\"ak_js_1\" name=\"_wpcf7_ak_js\" value=\"184\"\/><script>document.getElementById( \"ak_js_1\" ).setAttribute( \"value\", ( new Date() ).getTime() );<\/script><\/p><div class=\"wpcf7-response-output\" aria-hidden=\"true\"><\/div>\n<\/form>\n<\/div>\n[\/vc_column_text][\/vc_column_inner][\/vc_row_inner]<div class=\"gap et-clearfix \" style=\"height:72px\"><\/div>[vc_custom_heading text=&#8220;STANDORT&#8220; font_container=&#8220;tag:h6|font_size:18px|text_align:left|line_height:32px&#8220; use_theme_fonts=&#8220;yes&#8220; el_class=&#8220;text767-align-center&#8220;][vc_row_inner content_placement=&#8220;middle&#8220;][vc_column_inner width=&#8220;1\/3&#8243;][\/vc_column_inner][vc_column_inner el_class=&#8220;padding-left-disable-column text767-align-center&#8220; width=&#8220;2\/3&#8243; css=&#8220;.vc_custom_1532441629438{padding-left: 40px !important;}&#8220;][\/vc_column_inner][\/vc_row_inner]<div class=\"gap et-clearfix \" style=\"height:32px\"><\/div>[vc_column_text css=&#8220;.vc_custom_1681294092793{margin-bottom: 0px !important;}&#8220;]<div class=\"et-el-icon extra-small \" style=\"color:#eb343b;\"><span class=\"el-icon fa fa-map-marker-alt animate-false\"><\/span><\/div> Jankomir 25 F, 10090, Zagreb,<div class=\"gap et-clearfix \" style=\"height:1px\"><\/div><div class=\"gap et-clearfix \" style=\"height:1px\"><\/div><div class=\"et-el-icon extra-small \" style=\"color:#eb343b;\"><span class=\"el-icon fa fa-envelope-open animate-false\"><\/span><\/div> E-Mail: info@croekspres.hr[\/vc_column_text]<div class=\"sep-wrap left   et-clearfix\" data-delay=\"0\"><div class=\"et-separator solid\" style=\"margin-top:56px;margin-bottom:56px;height:1px;width:100%;border-bottom-width:1px;border-bottom-style:solid;border-bottom-color:#e0e0e0;\"><\/div><\/div>[\/vc_column][vc_column animation_delay=&#8220;0&#8243; css=&#8220;.vc_custom_1532512947266{border-left-width: 1px !important;padding-left: 20% !important;border-left-color: #e0e0e0 !important;border-left-style: solid !important;border-radius: 1px !important;}&#8220; el_class=&#8220;et-element-column-with-border-left text767-align-center&#8220; offset=&#8220;vc_col-lg-4 vc_col-md-4 vc_col-xs-12&#8243;][vc_custom_heading text=&#8220;SOZIALE NETZWERKE&#8220; font_container=&#8220;tag:h6|font_size:18px|text_align:left|color:%232c332c|line_height:32px&#8220; use_theme_fonts=&#8220;yes&#8220; el_class=&#8220;text767-align-center&#8220;]<div id=\"et-social-links-1\" class=\"et-social-links social-links et-clearfix full styling-original-false\"><style>#et-social-links-1 a {color:#212121;box-shadow:inset 0 0 0 2px #212121;border-radius:4px;}#et-social-links-1 a:hover {color:#ffffff;background-color:#163b65;box-shadow:inset 0 0 0 2px #163b65;}<\/style><a class=\"et-icon-facebook\" href=\"https:\/\/www.facebook.com\/croekspres.hr\/\" target=\"_self\"><\/a><a class=\"et-icon-email\" href=\"info@croekspres.hr\" target=\"_self\"><\/a><\/div><div class=\"gap et-clearfix \" style=\"height:56px\"><\/div>[vc_single_image image=&#8220;15016&#8243; img_size=&#8220;full&#8220; onclick=&#8220;custom_link&#8220; link=&#8220;Telefon: 003851 34 98 356&#8243;]<div class=\"gap et-clearfix \" style=\"height:24px\"><\/div>[\/vc_column][\/vc_row]<\/p>\n","protected":false},"excerpt":{"rendered":"<p>Nutzen Sie agile Frameworks, um eine robuste Zusammenfassung f\u00fcr allgemeine \u00dcbersichten bereitzustellen. Iterative Ans\u00e4tze zur Unternehmensstrategie f\u00f6rdern kooperatives Denken, um das gesamte Wertversprechen zu f\u00f6rdern. Organisches Wachstum der ganzheitlichen Weltanschauung von disruptiven Innovationen durch Diversit\u00e4t und Empowerment am Arbeitsplatz.<\/p>\n","protected":false},"author":1,"featured_media":0,"parent":0,"menu_order":0,"comment_status":"closed","ping_status":"closed","template":"page-vc.php","meta":{"footnotes":""},"class_list":["post-16193","page","type-page","status-publish","hentry"],"yoast_head":"<!-- This site is optimized with the Yoast SEO plugin v20.7 - https:\/\/yoast.com\/wordpress\/plugins\/seo\/ -->\n<title>Bitte um ein Angebot - CROekspres<\/title>\n<meta name=\"description\" content=\"Bei allen Fragen wenden Sie sich bitte an unser Team. Rufen Sie uns an oder kontaktieren Sie uns per E-Mail-Adresse, unsere Mitarbeiter stehen Ihnen zur Verf\u00fcgung.\" \/>\n<meta name=\"robots\" content=\"index, follow, max-snippet:-1, max-image-preview:large, max-video-preview:-1\" \/>\n<link rel=\"canonical\" href=\"https:\/\/www.croekspres.hr\/de\/bitte-um-ein-angebot\/\" \/>\n<meta property=\"og:locale\" content=\"de_DE\" \/>\n<meta property=\"og:type\" content=\"article\" \/>\n<meta property=\"og:title\" content=\"Bitte um ein Angebot - CROekspres\" \/>\n<meta property=\"og:description\" content=\"Bei allen Fragen wenden Sie sich bitte an unser Team. Rufen Sie uns an oder kontaktieren Sie uns per E-Mail-Adresse, unsere Mitarbeiter stehen Ihnen zur Verf\u00fcgung.\" \/>\n<meta property=\"og:url\" content=\"https:\/\/www.croekspres.hr\/de\/bitte-um-ein-angebot\/\" \/>\n<meta property=\"og:site_name\" content=\"CROekspres\" \/>\n<meta property=\"article:modified_time\" content=\"2023-05-17T09:18:37+00:00\" \/>\n<meta property=\"og:image\" content=\"https:\/\/www.croekspres.hr\/wp-content\/uploads\/2023\/04\/rm381-04a-scaled.jpg\" \/>\n\t<meta property=\"og:image:width\" content=\"2560\" \/>\n\t<meta property=\"og:image:height\" content=\"1706\" \/>\n\t<meta property=\"og:image:type\" content=\"image\/jpeg\" \/>\n<meta name=\"twitter:card\" content=\"summary_large_image\" \/>\n<meta name=\"twitter:label1\" content=\"Gesch\u00e4tzte Lesezeit\" \/>\n\t<meta name=\"twitter:data1\" content=\"1\u00a0Minute\" \/>\n<script type=\"application\/ld+json\" class=\"yoast-schema-graph\">{\"@context\":\"https:\/\/schema.org\",\"@graph\":[{\"@type\":\"WebPage\",\"@id\":\"https:\/\/www.croekspres.hr\/de\/bitte-um-ein-angebot\/\",\"url\":\"https:\/\/www.croekspres.hr\/de\/bitte-um-ein-angebot\/\",\"name\":\"Bitte um ein Angebot - CROekspres\",\"isPartOf\":{\"@id\":\"https:\/\/mail.ortopedijaideal.hr\/#website\"},\"datePublished\":\"2022-12-21T13:20:52+00:00\",\"dateModified\":\"2023-05-17T09:18:37+00:00\",\"description\":\"Bei allen Fragen wenden Sie sich bitte an unser Team. Rufen Sie uns an oder kontaktieren Sie uns per E-Mail-Adresse, unsere Mitarbeiter stehen Ihnen zur Verf\u00fcgung.\",\"inLanguage\":\"de\",\"potentialAction\":[{\"@type\":\"ReadAction\",\"target\":[\"https:\/\/www.croekspres.hr\/de\/bitte-um-ein-angebot\/\"]}]},{\"@type\":\"WebSite\",\"@id\":\"https:\/\/mail.ortopedijaideal.hr\/#website\",\"url\":\"https:\/\/mail.ortopedijaideal.hr\/\",\"name\":\"CROekspres\",\"description\":\"Anytime, Anywhere\",\"publisher\":{\"@id\":\"https:\/\/mail.ortopedijaideal.hr\/#organization\"},\"potentialAction\":[{\"@type\":\"SearchAction\",\"target\":{\"@type\":\"EntryPoint\",\"urlTemplate\":\"https:\/\/mail.ortopedijaideal.hr\/?s={search_term_string}\"},\"query-input\":\"required name=search_term_string\"}],\"inLanguage\":\"de\"},{\"@type\":\"Organization\",\"@id\":\"https:\/\/mail.ortopedijaideal.hr\/#organization\",\"name\":\"Cro Ekspres d.o.o.\",\"url\":\"https:\/\/mail.ortopedijaideal.hr\/\",\"logo\":{\"@type\":\"ImageObject\",\"inLanguage\":\"de\",\"@id\":\"https:\/\/mail.ortopedijaideal.hr\/#\/schema\/logo\/image\/\",\"url\":\"\/wp-content\/uploads\/2023\/03\/Cro-ekspres-logo-new.png\",\"contentUrl\":\"\/wp-content\/uploads\/2023\/03\/Cro-ekspres-logo-new.png\",\"width\":200,\"height\":166,\"caption\":\"Cro Ekspres d.o.o.\"},\"image\":{\"@id\":\"https:\/\/mail.ortopedijaideal.hr\/#\/schema\/logo\/image\/\"}}]}<\/script>\n<!-- \/ Yoast SEO plugin. -->","yoast_head_json":{"title":"Bitte um ein Angebot - CROekspres","description":"Bei allen Fragen wenden Sie sich bitte an unser Team. Rufen Sie uns an oder kontaktieren Sie uns per E-Mail-Adresse, unsere Mitarbeiter stehen Ihnen zur Verf\u00fcgung.","robots":{"index":"index","follow":"follow","max-snippet":"max-snippet:-1","max-image-preview":"max-image-preview:large","max-video-preview":"max-video-preview:-1"},"canonical":"https:\/\/www.croekspres.hr\/de\/bitte-um-ein-angebot\/","og_locale":"de_DE","og_type":"article","og_title":"Bitte um ein Angebot - CROekspres","og_description":"Bei allen Fragen wenden Sie sich bitte an unser Team. Rufen Sie uns an oder kontaktieren Sie uns per E-Mail-Adresse, unsere Mitarbeiter stehen Ihnen zur Verf\u00fcgung.","og_url":"https:\/\/www.croekspres.hr\/de\/bitte-um-ein-angebot\/","og_site_name":"CROekspres","article_modified_time":"2023-05-17T09:18:37+00:00","og_image":[{"width":2560,"height":1706,"url":"https:\/\/www.croekspres.hr\/wp-content\/uploads\/2023\/04\/rm381-04a-scaled.jpg","type":"image\/jpeg"}],"twitter_card":"summary_large_image","twitter_misc":{"Gesch\u00e4tzte Lesezeit":"1\u00a0Minute"},"schema":{"@context":"https:\/\/schema.org","@graph":[{"@type":"WebPage","@id":"https:\/\/www.croekspres.hr\/de\/bitte-um-ein-angebot\/","url":"https:\/\/www.croekspres.hr\/de\/bitte-um-ein-angebot\/","name":"Bitte um ein Angebot - CROekspres","isPartOf":{"@id":"https:\/\/mail.ortopedijaideal.hr\/#website"},"datePublished":"2022-12-21T13:20:52+00:00","dateModified":"2023-05-17T09:18:37+00:00","description":"Bei allen Fragen wenden Sie sich bitte an unser Team. Rufen Sie uns an oder kontaktieren Sie uns per E-Mail-Adresse, unsere Mitarbeiter stehen Ihnen zur Verf\u00fcgung.","inLanguage":"de","potentialAction":[{"@type":"ReadAction","target":["https:\/\/www.croekspres.hr\/de\/bitte-um-ein-angebot\/"]}]},{"@type":"WebSite","@id":"https:\/\/mail.ortopedijaideal.hr\/#website","url":"https:\/\/mail.ortopedijaideal.hr\/","name":"CROekspres","description":"Anytime, Anywhere","publisher":{"@id":"https:\/\/mail.ortopedijaideal.hr\/#organization"},"potentialAction":[{"@type":"SearchAction","target":{"@type":"EntryPoint","urlTemplate":"https:\/\/mail.ortopedijaideal.hr\/?s={search_term_string}"},"query-input":"required name=search_term_string"}],"inLanguage":"de"},{"@type":"Organization","@id":"https:\/\/mail.ortopedijaideal.hr\/#organization","name":"Cro Ekspres d.o.o.","url":"https:\/\/mail.ortopedijaideal.hr\/","logo":{"@type":"ImageObject","inLanguage":"de","@id":"https:\/\/mail.ortopedijaideal.hr\/#\/schema\/logo\/image\/","url":"\/wp-content\/uploads\/2023\/03\/Cro-ekspres-logo-new.png","contentUrl":"\/wp-content\/uploads\/2023\/03\/Cro-ekspres-logo-new.png","width":200,"height":166,"caption":"Cro Ekspres d.o.o."},"image":{"@id":"https:\/\/mail.ortopedijaideal.hr\/#\/schema\/logo\/image\/"}}]}},"_links":{"self":[{"href":"https:\/\/www.croekspres.hr\/de\/wp-json\/wp\/v2\/pages\/16193","targetHints":{"allow":["GET"]}}],"collection":[{"href":"https:\/\/www.croekspres.hr\/de\/wp-json\/wp\/v2\/pages"}],"about":[{"href":"https:\/\/www.croekspres.hr\/de\/wp-json\/wp\/v2\/types\/page"}],"author":[{"embeddable":true,"href":"https:\/\/www.croekspres.hr\/de\/wp-json\/wp\/v2\/users\/1"}],"replies":[{"embeddable":true,"href":"https:\/\/www.croekspres.hr\/de\/wp-json\/wp\/v2\/comments?post=16193"}],"version-history":[{"count":2,"href":"https:\/\/www.croekspres.hr\/de\/wp-json\/wp\/v2\/pages\/16193\/revisions"}],"predecessor-version":[{"id":16196,"href":"https:\/\/www.croekspres.hr\/de\/wp-json\/wp\/v2\/pages\/16193\/revisions\/16196"}],"wp:attachment":[{"href":"https:\/\/www.croekspres.hr\/de\/wp-json\/wp\/v2\/media?parent=16193"}],"curies":[{"name":"wp","href":"https:\/\/api.w.org\/{rel}","templated":true}]}}