{"id":16174,"date":"2018-06-14T09:33:25","date_gmt":"2018-06-14T09:33:25","guid":{"rendered":"https:\/\/croekspres.kuhada.agency\/dienstleistungen-2\/"},"modified":"2023-04-28T17:51:52","modified_gmt":"2023-04-28T17:51:52","slug":"dienstleistungen-2","status":"publish","type":"page","link":"https:\/\/www.croekspres.hr\/de\/dienstleistungen-2\/","title":{"rendered":"Dienstleistungen"},"content":{"rendered":"<p>[vc_row gap=&#8220;40&#8243; content_placement=&#8220;middle&#8220; css=&#8220;.vc_custom_1532435103071{padding-top: 72px !important;padding-bottom: 72px !important;}&#8220;][vc_column animation_delay=&#8220;0&#8243; width=&#8220;1\/3&#8243; offset=&#8220;vc_col-lg-6 vc_col-md-6 vc_col-xs-12&#8243;]<div class=\"et-braket-block-wrapper\"><style>#et-braket-block-1 .braket-title {font-size:30px;font-weight:700;line-height:40px;color:#212121;}#et-braket-block-1 .braket-sub-title {color:#9a9a9a;}#et-braket-block-1 .braket-button {color:#212121 !important;}#et-braket-block-1 .braket-button:hover {color:#ffffff !important;}#et-braket-block-1 .braket-button:before {box-shadow:inset 0 0 0 1px #212121;}#et-braket-block-1 .braket-button:after {background-color:#eb343b;}#et-braket-block-1 .braket > div:first-child,\r\n\t\t\t\t\t\t#et-braket-block-1 .braket > div:last-child,\r\n\t\t\t\t\t\t#et-braket-block-1 .braket > div:nth-child(2) > span  {background-color:#eb343b;}<\/style><div id=\"et-braket-block-1\" data-delay=\"0\" class=\"et-braket-block left \"><div class=\"braket-block-inner et-clearfix\"><div class=\"braket\"><div><\/div><div><span><\/span><\/div><div><\/div><\/div><div class=\"braket-block-content\"><p class=\"braket-sub-title\">rje\u0161enja ``od vrata do vrata``<\/p><h2 class=\"braket-title\" data-mobile-font=\"24px\" data-tablet-font=\"inherit\">Cro-Express-Inlandstransport<\/h2><\/div><\/div><div class=\"braket-block-content text et-clearfix\"><\/div><\/div><\/div><div class=\"gap et-clearfix \" style=\"height:32px\"><\/div>[vc_column_text css=&#8220;.vc_custom_1671461861125{margin-bottom: 0px !important;}&#8220;]Cro ekspres orientiert sich in erster Linie an der Zufriedenheit seiner Kunden, was einen qualitativ hochwertigen Service, eine sichere, schnelle und zuverl\u00e4ssige Lieferung und einen erschwinglichen Preis gew\u00e4hrleistet.[\/vc_column_text][\/vc_column][vc_column animation_delay=&#8220;0&#8243; width=&#8220;1\/3&#8243; offset=&#8220;vc_col-lg-6 vc_col-md-6 vc_col-xs-12&#8243;]<div class=\"gap et-clearfix hide1024\" style=\"height:56px\"><\/div><div data-curtain=\"false\" data-preloader=\"true\" data-decoration=\"true\" data-decoration-size=\"large\" data-animation-delay=\"0\" data-parallax=\"false\" data-coordinatex=\"0\" data-coordinatey=\"0\" data-speed=\"1\" class=\"et-custom-image  aligncenter overlay-none curtain-left\"><div class=\"overlay-hover\"><div class=\"image\"><div class=\"image-container\"><div class=\"image-loading\"><\/div><div class=\"image-preloader\"><\/div><img loading=\"lazy\" decoding=\"async\" width=\"1640\" height=\"924\" src=\"\/wp-content\/uploads\/2022\/12\/5.jpg\" alt=\"\"><\/div><\/div><\/div><\/div>[\/vc_column][\/vc_row][vc_row][vc_column width=&#8220;1\/3&#8243;]<div class=\"et-stylish-box stylish-hover top\"><a href=\"https:\/\/wp-croekspres.onlyoneif.com\/distribucija-posiljaka-unutar-rh\/\" target=\"_blank\"><div class=\"image post-image\"><div class=\"image-container\"><img loading=\"lazy\" decoding=\"async\" width=\"384\" height=\"192\" src=\"\/wp-content\/uploads\/2022\/12\/3.jpg\" alt=\"delivery\"><\/div><\/div><div class=\"stylish-line-box\"><div class=\"stylish-line-wrapper\"><div class=\"stylish-line\"><span class=\"stylish-line-ghost\"><span class=\"stylish-line-ghost-before\"><\/span><span class=\"stylish-line-ghost-middle\"><\/span><span class=\"stylish-line-ghost-after\"><\/span><\/span><h4 class=\"stylish-title\" style=\"font-size:32px;line-height:40px;\" data-mobile-font=\"18px\" data-tablet-font=\"inherit\">Versandverteilung innerhalb der Republik Kroatien<\/h4><\/div><\/div><\/div><\/a><\/div>[\/vc_column][vc_column width=&#8220;1\/3&#8243;]<div class=\"et-stylish-box stylish-hover top\"><a href=\"https:\/\/wp-croekspres.onlyoneif.com\/distribucija-posiljaka-unutar-rh\/\" target=\"_blank\"><div class=\"image post-image\"><div class=\"image-container\"><img loading=\"lazy\" decoding=\"async\" width=\"384\" height=\"192\" src=\"\/wp-content\/uploads\/2022\/12\/2.jpg\" alt=\"delivery\"><\/div><\/div><div class=\"stylish-line-box\"><div class=\"stylish-line-wrapper\"><div class=\"stylish-line\"><span class=\"stylish-line-ghost\"><span class=\"stylish-line-ghost-before\"><\/span><span class=\"stylish-line-ghost-middle\"><\/span><span class=\"stylish-line-ghost-after\"><\/span><\/span><h4 class=\"stylish-title\" style=\"font-size:32px;line-height:40px;\" data-mobile-font=\"18px\" data-tablet-font=\"inherit\">Versandverteilung innerhalb der Republik Kroatien<\/h4><\/div><\/div><\/div><\/a><\/div>[\/vc_column][vc_column width=&#8220;1\/3&#8243;]<div class=\"et-stylish-box stylish-hover top\"><a href=\"https:\/\/wp-croekspres.onlyoneif.com\/distribucija-posiljaka-unutar-rh\/\" target=\"_blank\"><div class=\"image post-image\"><div class=\"image-container\"><img loading=\"lazy\" decoding=\"async\" width=\"384\" height=\"192\" src=\"\/wp-content\/uploads\/2022\/12\/1.jpg\" alt=\"\"><\/div><\/div><div class=\"stylish-line-box\"><div class=\"stylish-line-wrapper\"><div class=\"stylish-line\"><span class=\"stylish-line-ghost\"><span class=\"stylish-line-ghost-before\"><\/span><span class=\"stylish-line-ghost-middle\"><\/span><span class=\"stylish-line-ghost-after\"><\/span><\/span><h4 class=\"stylish-title\" style=\"font-size:32px;line-height:40px;\" data-mobile-font=\"18px\" data-tablet-font=\"inherit\">Versandverteilung innerhalb der Republik Kroatien<\/h4><\/div><\/div><\/div><\/a><\/div>[\/vc_column][\/vc_row][vc_row][vc_column]<div class=\"gap et-clearfix \" style=\"height:32px\"><\/div><h1 id=\"et-animated-title-1\" class=\"et-animated-title et-clearfix  curtain curtain-left\" data-mobile-font=\"inherit\" data-tablet-font=\"inherit\" data-delay=\"0\" style=\"font-weight:700;color:#212121;\"><span class=\"text-wrapper\"><span class=\"text\">Ihre Ware ist bei uns sicher!<\/span><span class=\"curtain\" style=\"background-color:#eb343b;\"><\/span><\/span><\/h1><div class=\"gap et-clearfix \" style=\"height:32px\"><\/div>[vc_column_text]Unsere schnelle und zuverl\u00e4ssige Lieferorganisation arbeitet nach dem <strong>\u201eT\u00fcr zu T\u00fcr\u201c-Prinzip.<\/strong><br \/>\nLieferungen an Bestimmungsorte erfolgen jeden Werktag <strong>ab 07:00 Uhr.<\/strong> Wir transportieren Paletten, verschiedene Arten von Verpackungen, Artikel mit regelm\u00e4\u00dfiger und unregelm\u00e4\u00dfiger Form, M\u00f6bel usw. Unsere Hauptziele sind <strong>Zagreb, Rijeka, Zadar, \u0160ibenik, Split, \u0110akovo und Slavonski Brod<\/strong> , was uns erm\u00f6glicht, einen schnelleren und einfacheren Transport zur Freude und Zufriedenheit aller unserer Kunden in Kroatien anzubieten. Unsere modern ausgestatteten Lager sind ein Garant <strong>f\u00fcr h\u00f6chste Servicequalit\u00e4t<\/strong> .<\/p>\n<p>Wenn Sie einen schnellen und zuverl\u00e4ssigen Paketdienst suchen, sind Sie bei uns genau richtig! Unser Unternehmen bietet eine breite Palette von Sendungszustelldiensten in Kroatien und dar\u00fcber hinaus an, von der Zustellung innerhalb von 24 Stunden bis zur sicheren Aufbewahrung von Sendungen. Machen Sie sich keine Sorgen um die Sicherheit Ihrer Sendung \u2013 unsere Sendungen sind von Anfang bis Ende versichert.[\/vc_column_text][\/vc_column][\/vc_row][vc_row full_width=&#8220;stretch_row&#8220; gap=&#8220;0&#8243; css=&#8220;.vc_custom_1671461812259{padding-top: 0px !important;padding-bottom: 0px !important;background-color: #eb343b !important;background-position: center !important;background-repeat: no-repeat !important;background-size: contain !important;}&#8220; el_id=&#8220;hintergrundposition-75&#8243;][vc_column]<div class=\"gap et-clearfix hide767\" style=\"height:104px\"><\/div><div class=\"gap et-clearfix hide768\" style=\"height:24px\"><\/div><div class=\"et-ghost-title-wrapper\"><style>#et-ghost-title-1 {min-height:200px;padding-top:100px;}#et-ghost-title-1 .ghost-title {font-size:200px;line-height:200px;font-weight:700;color:rgba(0,0,0,0.1);left:-4px;}<\/style><div id=\"et-ghost-title-1\" class=\"et-ghost-title et-clearfix \" data-mobile-font=\"96px\" data-tablet-font=\"inherit\"><div class=\"ghost-title\">Zuverl\u00e4ssig<\/div><div class=\"ghost-content et-clearfix\">[vc_custom_heading text=&#8220;Cro Express h\u00e4lt Ihr Unternehmen am Puls der Zeit!&#8220; font_container=&#8220;tag:h3|font_size:70px|text_align:left|color:%23ffffff|line_height:70px&#8220; use_theme_fonts=&#8220;yes&#8220; mobile_font_size=&#8220;32px&#8220;]<\/div><\/div><\/div><div class=\"gap et-clearfix hide768\" style=\"height:48px\"><\/div><div class=\"gap et-clearfix hide767\" style=\"height:150px\"><\/div>[\/vc_column][\/vc_row][vc_row full_width=&#8220;stretch_row_content&#8220; gap=&#8220;0&#8243; css=&#8220;.vc_custom_1530608429182{background: #f5f5f5 url(https:\/\/enovathemes.com\/globax\/wp-content\/uploads\/globus_image_extra_smal.jpg?id=11490) !important;background-position: center !important;background-repeat: no-repeat !important;background-size: cover !important;}&#8220;][vc_column animation_delay=&#8220;0&#8243; css=&#8220;.vc_custom_1530608688047{padding-top: 0px !important;}&#8220;]<div class=\"et-tagline-wrapper\"><style>#et-tagline-1 {background-color:rgba(255,255,255,0.01);}#et-tagline-1 .tagline-title{color:#212121;}#et-tagline-1 .tagline-button{color:#ffffff;background-color:#eb343b;}#et-tagline-1 .tagline-button:hover{background-color:#212121;color:#ffffff;}#et-tagline-1 .tagline-icon{color:#aaaaaa;}<\/style><div id=\"et-tagline-1\" class=\"et-tagline\"><div class=\"tagline-container\"><span class=\"tagline-icon et-icon globax icon-gx-call-center-worker-with-headset\"><\/span><h3 class=\"tagline-title\">Kontaktieren Sie uns \u00fcber das Kontaktformular oder unter der Telefonnummer.<\/h3><div class=\"tagline-button-wrapper\"><a href=\"https:\/\/wp-croekspres.onlyoneif.com\/kontakt\/#kontakt-forma\" class=\"tagline-button et-button large\">eine Anfrage senden<\/a><\/div><\/div><\/div><\/div>[\/vc_column][\/vc_row]<\/p>\n","protected":false},"excerpt":{"rendered":"<p>Nutzen Sie agile Frameworks, um eine robuste Zusammenfassung f\u00fcr allgemeine \u00dcbersichten bereitzustellen. Iterative Ans\u00e4tze zur Unternehmensstrategie f\u00f6rdern kooperatives Denken, um das gesamte Wertversprechen zu f\u00f6rdern. Organisches Wachstum der ganzheitlichen Weltanschauung von disruptiven Innovationen durch Diversit\u00e4t und Empowerment am Arbeitsplatz.<\/p>\n","protected":false},"author":1,"featured_media":0,"parent":0,"menu_order":0,"comment_status":"closed","ping_status":"closed","template":"page-vc.php","meta":{"footnotes":""},"class_list":["post-16174","page","type-page","status-publish","hentry"],"yoast_head":"<!-- This site is optimized with the Yoast SEO plugin v20.7 - https:\/\/yoast.com\/wordpress\/plugins\/seo\/ -->\n<title>Dienstleistungen - CROekspres<\/title>\n<meta name=\"robots\" content=\"index, follow, max-snippet:-1, max-image-preview:large, max-video-preview:-1\" \/>\n<link rel=\"canonical\" href=\"https:\/\/www.croekspres.hr\/de\/dienstleistungen-2\/\" \/>\n<meta property=\"og:locale\" content=\"de_DE\" \/>\n<meta property=\"og:type\" content=\"article\" \/>\n<meta property=\"og:title\" content=\"Dienstleistungen - CROekspres\" \/>\n<meta property=\"og:description\" content=\"Nutzen Sie agile Frameworks, um eine robuste Zusammenfassung f\u00fcr allgemeine \u00dcbersichten bereitzustellen. Iterative Ans\u00e4tze zur Unternehmensstrategie f\u00f6rdern kooperatives Denken, um das gesamte Wertversprechen zu f\u00f6rdern. Organisches Wachstum der ganzheitlichen Weltanschauung von disruptiven Innovationen durch Diversit\u00e4t und Empowerment am Arbeitsplatz.\" \/>\n<meta property=\"og:url\" content=\"https:\/\/www.croekspres.hr\/de\/dienstleistungen-2\/\" \/>\n<meta property=\"og:site_name\" content=\"CROekspres\" \/>\n<meta property=\"article:modified_time\" content=\"2023-04-28T17:51:52+00:00\" \/>\n<meta property=\"og:image\" content=\"https:\/\/www.croekspres.hr\/wp-content\/uploads\/2023\/04\/rm381-04a-scaled.jpg\" \/>\n\t<meta property=\"og:image:width\" content=\"2560\" \/>\n\t<meta property=\"og:image:height\" content=\"1706\" \/>\n\t<meta property=\"og:image:type\" content=\"image\/jpeg\" \/>\n<meta name=\"twitter:card\" content=\"summary_large_image\" \/>\n<meta name=\"twitter:label1\" content=\"Gesch\u00e4tzte Lesezeit\" \/>\n\t<meta name=\"twitter:data1\" content=\"3\u00a0Minuten\" \/>\n<script type=\"application\/ld+json\" class=\"yoast-schema-graph\">{\"@context\":\"https:\/\/schema.org\",\"@graph\":[{\"@type\":\"WebPage\",\"@id\":\"https:\/\/www.croekspres.hr\/de\/dienstleistungen-2\/\",\"url\":\"https:\/\/www.croekspres.hr\/de\/dienstleistungen-2\/\",\"name\":\"Dienstleistungen - CROekspres\",\"isPartOf\":{\"@id\":\"https:\/\/mail.ortopedijaideal.hr\/#website\"},\"datePublished\":\"2018-06-14T09:33:25+00:00\",\"dateModified\":\"2023-04-28T17:51:52+00:00\",\"inLanguage\":\"de\",\"potentialAction\":[{\"@type\":\"ReadAction\",\"target\":[\"https:\/\/www.croekspres.hr\/de\/dienstleistungen-2\/\"]}]},{\"@type\":\"WebSite\",\"@id\":\"https:\/\/mail.ortopedijaideal.hr\/#website\",\"url\":\"https:\/\/mail.ortopedijaideal.hr\/\",\"name\":\"CROekspres\",\"description\":\"Anytime, Anywhere\",\"publisher\":{\"@id\":\"https:\/\/mail.ortopedijaideal.hr\/#organization\"},\"potentialAction\":[{\"@type\":\"SearchAction\",\"target\":{\"@type\":\"EntryPoint\",\"urlTemplate\":\"https:\/\/mail.ortopedijaideal.hr\/?s={search_term_string}\"},\"query-input\":\"required name=search_term_string\"}],\"inLanguage\":\"de\"},{\"@type\":\"Organization\",\"@id\":\"https:\/\/mail.ortopedijaideal.hr\/#organization\",\"name\":\"Cro Ekspres d.o.o.\",\"url\":\"https:\/\/mail.ortopedijaideal.hr\/\",\"logo\":{\"@type\":\"ImageObject\",\"inLanguage\":\"de\",\"@id\":\"https:\/\/mail.ortopedijaideal.hr\/#\/schema\/logo\/image\/\",\"url\":\"\/wp-content\/uploads\/2023\/03\/Cro-ekspres-logo-new.png\",\"contentUrl\":\"\/wp-content\/uploads\/2023\/03\/Cro-ekspres-logo-new.png\",\"width\":200,\"height\":166,\"caption\":\"Cro Ekspres d.o.o.\"},\"image\":{\"@id\":\"https:\/\/mail.ortopedijaideal.hr\/#\/schema\/logo\/image\/\"}}]}<\/script>\n<!-- \/ Yoast SEO plugin. -->","yoast_head_json":{"title":"Dienstleistungen - CROekspres","robots":{"index":"index","follow":"follow","max-snippet":"max-snippet:-1","max-image-preview":"max-image-preview:large","max-video-preview":"max-video-preview:-1"},"canonical":"https:\/\/www.croekspres.hr\/de\/dienstleistungen-2\/","og_locale":"de_DE","og_type":"article","og_title":"Dienstleistungen - CROekspres","og_description":"Nutzen Sie agile Frameworks, um eine robuste Zusammenfassung f\u00fcr allgemeine \u00dcbersichten bereitzustellen. Iterative Ans\u00e4tze zur Unternehmensstrategie f\u00f6rdern kooperatives Denken, um das gesamte Wertversprechen zu f\u00f6rdern. Organisches Wachstum der ganzheitlichen Weltanschauung von disruptiven Innovationen durch Diversit\u00e4t und Empowerment am Arbeitsplatz.","og_url":"https:\/\/www.croekspres.hr\/de\/dienstleistungen-2\/","og_site_name":"CROekspres","article_modified_time":"2023-04-28T17:51:52+00:00","og_image":[{"width":2560,"height":1706,"url":"https:\/\/www.croekspres.hr\/wp-content\/uploads\/2023\/04\/rm381-04a-scaled.jpg","type":"image\/jpeg"}],"twitter_card":"summary_large_image","twitter_misc":{"Gesch\u00e4tzte Lesezeit":"3\u00a0Minuten"},"schema":{"@context":"https:\/\/schema.org","@graph":[{"@type":"WebPage","@id":"https:\/\/www.croekspres.hr\/de\/dienstleistungen-2\/","url":"https:\/\/www.croekspres.hr\/de\/dienstleistungen-2\/","name":"Dienstleistungen - CROekspres","isPartOf":{"@id":"https:\/\/mail.ortopedijaideal.hr\/#website"},"datePublished":"2018-06-14T09:33:25+00:00","dateModified":"2023-04-28T17:51:52+00:00","inLanguage":"de","potentialAction":[{"@type":"ReadAction","target":["https:\/\/www.croekspres.hr\/de\/dienstleistungen-2\/"]}]},{"@type":"WebSite","@id":"https:\/\/mail.ortopedijaideal.hr\/#website","url":"https:\/\/mail.ortopedijaideal.hr\/","name":"CROekspres","description":"Anytime, Anywhere","publisher":{"@id":"https:\/\/mail.ortopedijaideal.hr\/#organization"},"potentialAction":[{"@type":"SearchAction","target":{"@type":"EntryPoint","urlTemplate":"https:\/\/mail.ortopedijaideal.hr\/?s={search_term_string}"},"query-input":"required name=search_term_string"}],"inLanguage":"de"},{"@type":"Organization","@id":"https:\/\/mail.ortopedijaideal.hr\/#organization","name":"Cro Ekspres d.o.o.","url":"https:\/\/mail.ortopedijaideal.hr\/","logo":{"@type":"ImageObject","inLanguage":"de","@id":"https:\/\/mail.ortopedijaideal.hr\/#\/schema\/logo\/image\/","url":"\/wp-content\/uploads\/2023\/03\/Cro-ekspres-logo-new.png","contentUrl":"\/wp-content\/uploads\/2023\/03\/Cro-ekspres-logo-new.png","width":200,"height":166,"caption":"Cro Ekspres d.o.o."},"image":{"@id":"https:\/\/mail.ortopedijaideal.hr\/#\/schema\/logo\/image\/"}}]}},"_links":{"self":[{"href":"https:\/\/www.croekspres.hr\/de\/wp-json\/wp\/v2\/pages\/16174","targetHints":{"allow":["GET"]}}],"collection":[{"href":"https:\/\/www.croekspres.hr\/de\/wp-json\/wp\/v2\/pages"}],"about":[{"href":"https:\/\/www.croekspres.hr\/de\/wp-json\/wp\/v2\/types\/page"}],"author":[{"embeddable":true,"href":"https:\/\/www.croekspres.hr\/de\/wp-json\/wp\/v2\/users\/1"}],"replies":[{"embeddable":true,"href":"https:\/\/www.croekspres.hr\/de\/wp-json\/wp\/v2\/comments?post=16174"}],"version-history":[{"count":2,"href":"https:\/\/www.croekspres.hr\/de\/wp-json\/wp\/v2\/pages\/16174\/revisions"}],"predecessor-version":[{"id":16177,"href":"https:\/\/www.croekspres.hr\/de\/wp-json\/wp\/v2\/pages\/16174\/revisions\/16177"}],"wp:attachment":[{"href":"https:\/\/www.croekspres.hr\/de\/wp-json\/wp\/v2\/media?parent=16174"}],"curies":[{"name":"wp","href":"https:\/\/api.w.org\/{rel}","templated":true}]}}