{"id":16172,"date":"2022-01-14T10:44:50","date_gmt":"2022-01-14T10:44:50","guid":{"rendered":"https:\/\/croekspres.kuhada.agency\/portopreisrechner\/"},"modified":"2023-04-28T17:51:51","modified_gmt":"2023-04-28T17:51:51","slug":"portopreisrechner","status":"publish","type":"page","link":"https:\/\/www.croekspres.hr\/de\/portopreisrechner\/","title":{"rendered":"Portopreisrechner"},"content":{"rendered":"<p>[vc_row full_width=&#8220;stretch_row&#8220; css=&#8220;.vc_custom_1633002358590{background-color: #f5f5f5 !important;}&#8220;][vc_column][vc_column_text]<form name=\"cp_calculatedfieldsf_pform_1\" id=\"cp_calculatedfieldsf_pform_1\" action=\"?\" method=\"post\" enctype=\"multipart\/form-data\" class=\"cff-form \" >\n<input type=\"hidden\" name=\"cp_calculatedfieldsf_pform_psequence\" value=\"_1\" \/>\n<input type=\"hidden\" name=\"cp_calculatedfieldsf_id\" value=\"6\" \/><pre style=\"display:none !important;\"><script type=\"text\/javascript\">form_structure_1=[[{\"form_identifier\":\"\",\"name\":\"fieldname14\",\"shortlabel\":\"\",\"index\":0,\"ftype\":\"fnumber\",\"userhelp\":\"\",\"userhelpTooltip\":false,\"tooltipIcon\":false,\"csslayout\":\"\",\"title\":\"Masa (u kg)\",\"predefined\":\"\",\"predefinedClick\":false,\"required\":true,\"exclude\":false,\"readonly\":false,\"numberpad\":true,\"size\":\"small\",\"thousandSeparator\":\"\",\"decimalSymbol\":\".\",\"min\":\"\",\"max\":\"\",\"formatDynamically\":false,\"dformat\":\"digits\",\"formats\":[\"digits\",\"number\",\"percent\"],\"fBuild\":{},\"parent\":\"\"},{\"form_identifier\":\"\",\"name\":\"fieldname11\",\"shortlabel\":\"\",\"index\":1,\"ftype\":\"fnumber\",\"userhelp\":\"\",\"userhelpTooltip\":false,\"tooltipIcon\":false,\"csslayout\":\"\",\"title\":\"Du\\u017eina (u cm)\",\"predefined\":\"\",\"predefinedClick\":false,\"required\":true,\"exclude\":false,\"readonly\":false,\"numberpad\":true,\"size\":\"small\",\"thousandSeparator\":\"\",\"decimalSymbol\":\".\",\"min\":\"\",\"max\":\"\",\"formatDynamically\":false,\"dformat\":\"digits\",\"formats\":[\"digits\",\"number\",\"percent\"],\"fBuild\":{},\"parent\":\"\"},{\"form_identifier\":\"\",\"name\":\"fieldname12\",\"shortlabel\":\"\",\"index\":2,\"ftype\":\"fnumber\",\"userhelp\":\"\",\"userhelpTooltip\":false,\"tooltipIcon\":false,\"csslayout\":\"\",\"title\":\"\\u0160irina (u cm)\",\"predefined\":\"\",\"predefinedClick\":false,\"required\":true,\"exclude\":false,\"readonly\":false,\"numberpad\":true,\"size\":\"small\",\"thousandSeparator\":\"\",\"decimalSymbol\":\".\",\"min\":\"\",\"max\":\"\",\"formatDynamically\":false,\"dformat\":\"digits\",\"formats\":[\"digits\",\"number\",\"percent\"],\"fBuild\":{},\"parent\":\"\"},{\"form_identifier\":\"\",\"name\":\"fieldname13\",\"shortlabel\":\"\",\"index\":3,\"ftype\":\"fnumber\",\"userhelp\":\"\",\"userhelpTooltip\":false,\"tooltipIcon\":false,\"csslayout\":\"\",\"title\":\"Visina (u cm)\",\"predefined\":\"\",\"predefinedClick\":false,\"required\":true,\"exclude\":false,\"readonly\":false,\"numberpad\":true,\"size\":\"small\",\"thousandSeparator\":\"\",\"decimalSymbol\":\".\",\"min\":\"\",\"max\":\"\",\"formatDynamically\":false,\"dformat\":\"digits\",\"formats\":[\"digits\",\"number\",\"percent\"],\"fBuild\":{},\"parent\":\"\"},{\"dependencies\":[{\"rule\":\"\",\"complex\":false,\"fields\":[\"\"]}],\"form_identifier\":\"\",\"name\":\"fieldname20\",\"shortlabel\":\"\",\"index\":4,\"ftype\":\"fCalculated\",\"userhelp\":\"\",\"userhelpTooltip\":false,\"tooltipIcon\":false,\"csslayout\":\"\",\"title\":\"Volumenska tezina\",\"predefined\":\"\",\"required\":false,\"exclude\":false,\"size\":\"medium\",\"eq\":\"(function(){\\n\\nreturn ((fieldname11*fieldname12*fieldname13)\\\/5000);\\n\\n})()\",\"suffix\":\"\",\"prefix\":\"\",\"decimalsymbol\":\".\",\"groupingsymbol\":\"\",\"readonly\":true,\"currency\":false,\"noEvalIfManual\":true,\"formatDynamically\":false,\"hidefield\":true,\"fBuild\":{},\"parent\":\"\"},{\"form_identifier\":\"\",\"name\":\"fieldname15\",\"shortlabel\":\"vrsta\",\"index\":5,\"ftype\":\"fnumber\",\"userhelp\":\"\",\"userhelpTooltip\":false,\"tooltipIcon\":false,\"csslayout\":\"\",\"title\":\"Vrijednost (u KM)\",\"predefined\":\"\",\"predefinedClick\":false,\"required\":true,\"exclude\":false,\"readonly\":false,\"numberpad\":true,\"size\":\"small\",\"thousandSeparator\":\"\",\"decimalSymbol\":\".\",\"min\":\"\",\"max\":\"\",\"formatDynamically\":false,\"dformat\":\"digits\",\"formats\":[\"digits\",\"number\",\"percent\"],\"fBuild\":{},\"parent\":\"\"},{\"form_identifier\":\"\",\"name\":\"fieldname16\",\"shortlabel\":\"\",\"index\":6,\"ftype\":\"fradio\",\"userhelp\":\"\",\"userhelpTooltip\":false,\"tooltipIcon\":false,\"csslayout\":\"\",\"title\":\"Naplata pouze\\u0107em\",\"layout\":\"one_column\",\"required\":false,\"exclude\":false,\"readonly\":false,\"toSubmit\":\"text\",\"choiceSelected\":\"\",\"showDep\":false,\"untickAccepted\":true,\"onoff\":0,\"choices\":[\"Da\",\"Ne\"],\"choicesVal\":[\"1\",\"0\"],\"choicesDep\":[[],[]],\"fBuild\":{},\"parent\":\"\"},{\"form_identifier\":\"\",\"name\":\"fieldname17\",\"shortlabel\":\"\",\"index\":7,\"ftype\":\"fradio\",\"userhelp\":\"\",\"userhelpTooltip\":false,\"tooltipIcon\":false,\"csslayout\":\"\",\"title\":\"Povrat otpremnice\",\"layout\":\"one_column\",\"required\":false,\"exclude\":false,\"readonly\":false,\"toSubmit\":\"text\",\"choiceSelected\":\"\",\"showDep\":false,\"untickAccepted\":true,\"onoff\":0,\"choices\":[\"Da\",\"Ne\"],\"choicesVal\":[\"1\",\"0\"],\"choicesDep\":[[],[]],\"fBuild\":{},\"parent\":\"\"},{\"form_identifier\":\"\",\"name\":\"fieldname18\",\"shortlabel\":\"\",\"index\":8,\"ftype\":\"fradio\",\"userhelp\":\"\",\"userhelpTooltip\":false,\"tooltipIcon\":false,\"csslayout\":\"\",\"title\":\"Lako lomljiva po\\u0161iljka\",\"layout\":\"one_column\",\"required\":false,\"exclude\":false,\"readonly\":false,\"toSubmit\":\"text\",\"choiceSelected\":\"\",\"showDep\":false,\"untickAccepted\":true,\"onoff\":0,\"choices\":[\"Da\",\"Ne\"],\"choicesVal\":[\"1\",\"0\"],\"choicesDep\":[[],[]],\"fBuild\":{},\"parent\":\"\"},{\"dependencies\":[{\"rule\":\"\",\"complex\":false,\"fields\":[\"\"]}],\"form_identifier\":\"\",\"name\":\"fieldname19\",\"shortlabel\":\"\",\"index\":9,\"ftype\":\"fCalculated\",\"userhelp\":\"\",\"userhelpTooltip\":false,\"tooltipIcon\":false,\"csslayout\":\"\",\"title\":\"Te\\u017einska cijena\",\"predefined\":\"\",\"required\":false,\"exclude\":false,\"size\":\"medium\",\"eq\":\"(function(){\\nif(fieldname14\\u003C= 10) return 9;\\nif(fieldname14\\u003E10 && fieldname14\\u003C=20) return 11.7;\\nif(fieldname14\\u003E20 && \\nfieldname14\\u003C=31.5) return 17.55;\\nif(fieldname14\\u003C=40) return 23.40;\\nif(fieldname14\\u003E=40 && fieldname14\\u003C=50) return 29.25;\\n\\n})()\",\"suffix\":\"\",\"prefix\":\"\",\"decimalsymbol\":\".\",\"groupingsymbol\":\"\",\"readonly\":true,\"currency\":false,\"noEvalIfManual\":true,\"formatDynamically\":false,\"hidefield\":true,\"fBuild\":{},\"parent\":\"\"},{\"dependencies\":[{\"rule\":\"\",\"complex\":false,\"fields\":[\"\"]}],\"form_identifier\":\"\",\"name\":\"fieldname22\",\"shortlabel\":\"\",\"index\":10,\"ftype\":\"fCalculated\",\"userhelp\":\"\",\"userhelpTooltip\":false,\"tooltipIcon\":false,\"csslayout\":\"\",\"title\":\"Volumenska cijena\",\"predefined\":\"\",\"required\":false,\"exclude\":false,\"size\":\"medium\",\"eq\":\"(function(){\\n\\nif(fieldname20\\u003C= 10) return 9;\\nif(fieldname20\\u003E10 && fieldname20\\u003C=20) return 11.7;\\nif(fieldname20\\u003E20 && fieldname20\\u003C=31.5) return 17.55;\\nif(fieldname20\\u003E31.5) return 29.25;\\n\\n\\n})()\",\"suffix\":\"\",\"prefix\":\"\",\"decimalsymbol\":\".\",\"groupingsymbol\":\"\",\"readonly\":true,\"currency\":false,\"noEvalIfManual\":true,\"formatDynamically\":false,\"hidefield\":true,\"fBuild\":{},\"parent\":\"\"},{\"dependencies\":[{\"rule\":\"\",\"complex\":false,\"fields\":[\"\"]}],\"form_identifier\":\"\",\"name\":\"fieldname21\",\"shortlabel\":\"\",\"index\":11,\"ftype\":\"fCalculated\",\"userhelp\":\"\",\"userhelpTooltip\":false,\"tooltipIcon\":false,\"csslayout\":\"\",\"title\":\"Subtotal \",\"predefined\":\"\",\"required\":false,\"exclude\":false,\"size\":\"medium\",\"eq\":\"(function(){\\n\\nif(fieldname19 \\u003E fieldname22 ){\\nreturn fieldname19;\\n}\\nreturn fieldname22;\\n\\n})()\\n\\n\",\"suffix\":\"\",\"prefix\":\"\",\"decimalsymbol\":\".\",\"groupingsymbol\":\"\",\"readonly\":true,\"currency\":false,\"noEvalIfManual\":true,\"formatDynamically\":false,\"hidefield\":true,\"fBuild\":{},\"parent\":\"\"},{\"dependencies\":[{\"rule\":\"\",\"complex\":false,\"fields\":[\"\"]}],\"form_identifier\":\"\",\"name\":\"fieldname24\",\"shortlabel\":\"\",\"index\":12,\"ftype\":\"fCalculated\",\"userhelp\":\"\",\"userhelpTooltip\":false,\"tooltipIcon\":false,\"csslayout\":\"\",\"title\":\"otkupnina\",\"predefined\":\"\",\"required\":false,\"exclude\":false,\"size\":\"medium\",\"eq\":\"(function(){\\n\\nif(fieldname16==1){\\nif(fieldname15\\u003C=1000){return 1;}\\nif(fieldname15\\u003E1000 && fieldname15\\u003C=2000){return 2;}\\nif(fieldname15\\u003E2000) {return fieldname21*0.005;}\\n}\\nreturn 0;\\n})()\",\"suffix\":\"\",\"prefix\":\"\",\"decimalsymbol\":\".\",\"groupingsymbol\":\"\",\"readonly\":true,\"currency\":false,\"noEvalIfManual\":true,\"formatDynamically\":false,\"hidefield\":true,\"fBuild\":{},\"parent\":\"\"},{\"form_identifier\":\"\",\"name\":\"fieldname25\",\"shortlabel\":\"\",\"index\":13,\"ftype\":\"fSectionBreak\",\"userhelp\":\"\",\"userhelpTooltip\":false,\"tooltipIcon\":false,\"csslayout\":\"\",\"title\":\"\",\"fBuild\":{},\"parent\":\"\"},{\"dependencies\":[{\"rule\":\"\",\"complex\":false,\"fields\":[\"\"]}],\"form_identifier\":\"\",\"name\":\"fieldname23\",\"shortlabel\":\"\",\"index\":14,\"ftype\":\"fCalculated\",\"userhelp\":\"\",\"userhelpTooltip\":false,\"tooltipIcon\":false,\"csslayout\":\"\",\"title\":\"\\u003Ch4\\u003ECijena\\u003C\\\/h4\\u003E\",\"predefined\":\"\",\"required\":false,\"exclude\":false,\"size\":\"medium\",\"eq\":\"(function(){\\nvar lako=0;\\nvar pouzece=0;\\nvar total=fieldname21;\\n\\nif(fieldname17==1){pouzece+=0.2};\\nif(fieldname18==1){lako+=2};\\n\\nreturn PREC(lako+pouzece+total+fieldname24,2) + \\u0022 KM\\u0022;\\n\\n})()\\n\\n\",\"suffix\":\"\",\"prefix\":\"\",\"decimalsymbol\":\".\",\"groupingsymbol\":\"\",\"readonly\":true,\"currency\":false,\"noEvalIfManual\":true,\"formatDynamically\":false,\"hidefield\":false,\"fBuild\":{},\"parent\":\"\"}],{\"0\":{\"title\":\"Kalkulator cijene po\\u0161tarine\",\"description\":\"(do 2kg dokument ili paket, do 40 kg paket, preko 40kg paleta)\",\"formlayout\":\"top_aligned\",\"formtemplate\":\"\",\"evalequations\":1,\"evalequationsevent\":2,\"loading_animation\":0,\"autocomplete\":1,\"persistence\":0,\"customstyles\":\"\"},\"formid\":\"cp_calculatedfieldsf_pform_1\"}];<\/script><\/pre>\n<div id=\"fbuilder\">\n\t\t<div id=\"fbuilder_1\">\n\t\t<div id=\"formheader_1\"><\/div>\n\t\t<div id=\"fieldlist_1\"><\/div>\n\t\t<div class=\"clearer\"><\/div>\n\t<\/div>\n<\/div>\n<div class=\"clearer\"><\/div>\n<\/form>\n\t[\/vc_column_text][\/vc_column][\/vc_row]<\/p>\n","protected":false},"excerpt":{"rendered":"<p>Nutzen Sie agile Frameworks, um eine robuste Zusammenfassung f\u00fcr allgemeine \u00dcbersichten bereitzustellen. Iterative Ans\u00e4tze zur Unternehmensstrategie f\u00f6rdern kooperatives Denken, um das gesamte Wertversprechen zu f\u00f6rdern. Organisches Wachstum der ganzheitlichen Weltanschauung von disruptiven Innovationen durch Diversit\u00e4t und Empowerment am Arbeitsplatz.<\/p>\n","protected":false},"author":1,"featured_media":0,"parent":0,"menu_order":0,"comment_status":"closed","ping_status":"closed","template":"page-vc.php","meta":{"footnotes":""},"class_list":["post-16172","page","type-page","status-publish","hentry"],"yoast_head":"<!-- This site is optimized with the Yoast SEO plugin v20.7 - https:\/\/yoast.com\/wordpress\/plugins\/seo\/ -->\n<title>Portopreisrechner - CROekspres<\/title>\n<meta name=\"description\" content=\"Unabh\u00e4ngig davon, ob Sie eine Sendung versenden oder erwarten, wir erm\u00f6glichen Ihnen, die Bewegung Ihrer Sendung sowohl in Bosnien und Herzegowina als auch auf der ganzen Welt zu verfolgen\" \/>\n<meta name=\"robots\" content=\"index, follow, max-snippet:-1, max-image-preview:large, max-video-preview:-1\" \/>\n<link rel=\"canonical\" href=\"https:\/\/www.croekspres.hr\/de\/portopreisrechner\/\" \/>\n<meta property=\"og:locale\" content=\"de_DE\" \/>\n<meta property=\"og:type\" content=\"article\" \/>\n<meta property=\"og:title\" content=\"Portopreisrechner - CROekspres\" \/>\n<meta property=\"og:description\" content=\"Unabh\u00e4ngig davon, ob Sie eine Sendung versenden oder erwarten, wir erm\u00f6glichen Ihnen, die Bewegung Ihrer Sendung sowohl in Bosnien und Herzegowina als auch auf der ganzen Welt zu verfolgen\" \/>\n<meta property=\"og:url\" content=\"https:\/\/www.croekspres.hr\/de\/portopreisrechner\/\" \/>\n<meta property=\"og:site_name\" content=\"CROekspres\" \/>\n<meta property=\"article:modified_time\" content=\"2023-04-28T17:51:51+00:00\" \/>\n<meta property=\"og:image\" content=\"https:\/\/www.croekspres.hr\/wp-content\/uploads\/2023\/04\/rm381-04a-scaled.jpg\" \/>\n\t<meta property=\"og:image:width\" content=\"2560\" \/>\n\t<meta property=\"og:image:height\" content=\"1706\" \/>\n\t<meta property=\"og:image:type\" content=\"image\/jpeg\" \/>\n<meta name=\"twitter:card\" content=\"summary_large_image\" \/>\n<script type=\"application\/ld+json\" class=\"yoast-schema-graph\">{\"@context\":\"https:\/\/schema.org\",\"@graph\":[{\"@type\":\"WebPage\",\"@id\":\"https:\/\/www.croekspres.hr\/de\/portopreisrechner\/\",\"url\":\"https:\/\/www.croekspres.hr\/de\/portopreisrechner\/\",\"name\":\"Portopreisrechner - CROekspres\",\"isPartOf\":{\"@id\":\"https:\/\/mail.ortopedijaideal.hr\/#website\"},\"datePublished\":\"2022-01-14T10:44:50+00:00\",\"dateModified\":\"2023-04-28T17:51:51+00:00\",\"description\":\"Unabh\u00e4ngig davon, ob Sie eine Sendung versenden oder erwarten, wir erm\u00f6glichen Ihnen, die Bewegung Ihrer Sendung sowohl in Bosnien und Herzegowina als auch auf der ganzen Welt zu verfolgen\",\"inLanguage\":\"de\",\"potentialAction\":[{\"@type\":\"ReadAction\",\"target\":[\"https:\/\/www.croekspres.hr\/de\/portopreisrechner\/\"]}]},{\"@type\":\"WebSite\",\"@id\":\"https:\/\/mail.ortopedijaideal.hr\/#website\",\"url\":\"https:\/\/mail.ortopedijaideal.hr\/\",\"name\":\"CROekspres\",\"description\":\"Anytime, Anywhere\",\"publisher\":{\"@id\":\"https:\/\/mail.ortopedijaideal.hr\/#organization\"},\"potentialAction\":[{\"@type\":\"SearchAction\",\"target\":{\"@type\":\"EntryPoint\",\"urlTemplate\":\"https:\/\/mail.ortopedijaideal.hr\/?s={search_term_string}\"},\"query-input\":\"required name=search_term_string\"}],\"inLanguage\":\"de\"},{\"@type\":\"Organization\",\"@id\":\"https:\/\/mail.ortopedijaideal.hr\/#organization\",\"name\":\"Cro Ekspres d.o.o.\",\"url\":\"https:\/\/mail.ortopedijaideal.hr\/\",\"logo\":{\"@type\":\"ImageObject\",\"inLanguage\":\"de\",\"@id\":\"https:\/\/mail.ortopedijaideal.hr\/#\/schema\/logo\/image\/\",\"url\":\"\/wp-content\/uploads\/2023\/03\/Cro-ekspres-logo-new.png\",\"contentUrl\":\"\/wp-content\/uploads\/2023\/03\/Cro-ekspres-logo-new.png\",\"width\":200,\"height\":166,\"caption\":\"Cro Ekspres d.o.o.\"},\"image\":{\"@id\":\"https:\/\/mail.ortopedijaideal.hr\/#\/schema\/logo\/image\/\"}}]}<\/script>\n<!-- \/ Yoast SEO plugin. -->","yoast_head_json":{"title":"Portopreisrechner - CROekspres","description":"Unabh\u00e4ngig davon, ob Sie eine Sendung versenden oder erwarten, wir erm\u00f6glichen Ihnen, die Bewegung Ihrer Sendung sowohl in Bosnien und Herzegowina als auch auf der ganzen Welt zu verfolgen","robots":{"index":"index","follow":"follow","max-snippet":"max-snippet:-1","max-image-preview":"max-image-preview:large","max-video-preview":"max-video-preview:-1"},"canonical":"https:\/\/www.croekspres.hr\/de\/portopreisrechner\/","og_locale":"de_DE","og_type":"article","og_title":"Portopreisrechner - CROekspres","og_description":"Unabh\u00e4ngig davon, ob Sie eine Sendung versenden oder erwarten, wir erm\u00f6glichen Ihnen, die Bewegung Ihrer Sendung sowohl in Bosnien und Herzegowina als auch auf der ganzen Welt zu verfolgen","og_url":"https:\/\/www.croekspres.hr\/de\/portopreisrechner\/","og_site_name":"CROekspres","article_modified_time":"2023-04-28T17:51:51+00:00","og_image":[{"width":2560,"height":1706,"url":"https:\/\/www.croekspres.hr\/wp-content\/uploads\/2023\/04\/rm381-04a-scaled.jpg","type":"image\/jpeg"}],"twitter_card":"summary_large_image","schema":{"@context":"https:\/\/schema.org","@graph":[{"@type":"WebPage","@id":"https:\/\/www.croekspres.hr\/de\/portopreisrechner\/","url":"https:\/\/www.croekspres.hr\/de\/portopreisrechner\/","name":"Portopreisrechner - CROekspres","isPartOf":{"@id":"https:\/\/mail.ortopedijaideal.hr\/#website"},"datePublished":"2022-01-14T10:44:50+00:00","dateModified":"2023-04-28T17:51:51+00:00","description":"Unabh\u00e4ngig davon, ob Sie eine Sendung versenden oder erwarten, wir erm\u00f6glichen Ihnen, die Bewegung Ihrer Sendung sowohl in Bosnien und Herzegowina als auch auf der ganzen Welt zu verfolgen","inLanguage":"de","potentialAction":[{"@type":"ReadAction","target":["https:\/\/www.croekspres.hr\/de\/portopreisrechner\/"]}]},{"@type":"WebSite","@id":"https:\/\/mail.ortopedijaideal.hr\/#website","url":"https:\/\/mail.ortopedijaideal.hr\/","name":"CROekspres","description":"Anytime, Anywhere","publisher":{"@id":"https:\/\/mail.ortopedijaideal.hr\/#organization"},"potentialAction":[{"@type":"SearchAction","target":{"@type":"EntryPoint","urlTemplate":"https:\/\/mail.ortopedijaideal.hr\/?s={search_term_string}"},"query-input":"required name=search_term_string"}],"inLanguage":"de"},{"@type":"Organization","@id":"https:\/\/mail.ortopedijaideal.hr\/#organization","name":"Cro Ekspres d.o.o.","url":"https:\/\/mail.ortopedijaideal.hr\/","logo":{"@type":"ImageObject","inLanguage":"de","@id":"https:\/\/mail.ortopedijaideal.hr\/#\/schema\/logo\/image\/","url":"\/wp-content\/uploads\/2023\/03\/Cro-ekspres-logo-new.png","contentUrl":"\/wp-content\/uploads\/2023\/03\/Cro-ekspres-logo-new.png","width":200,"height":166,"caption":"Cro Ekspres d.o.o."},"image":{"@id":"https:\/\/mail.ortopedijaideal.hr\/#\/schema\/logo\/image\/"}}]}},"_links":{"self":[{"href":"https:\/\/www.croekspres.hr\/de\/wp-json\/wp\/v2\/pages\/16172","targetHints":{"allow":["GET"]}}],"collection":[{"href":"https:\/\/www.croekspres.hr\/de\/wp-json\/wp\/v2\/pages"}],"about":[{"href":"https:\/\/www.croekspres.hr\/de\/wp-json\/wp\/v2\/types\/page"}],"author":[{"embeddable":true,"href":"https:\/\/www.croekspres.hr\/de\/wp-json\/wp\/v2\/users\/1"}],"replies":[{"embeddable":true,"href":"https:\/\/www.croekspres.hr\/de\/wp-json\/wp\/v2\/comments?post=16172"}],"version-history":[{"count":1,"href":"https:\/\/www.croekspres.hr\/de\/wp-json\/wp\/v2\/pages\/16172\/revisions"}],"predecessor-version":[{"id":16173,"href":"https:\/\/www.croekspres.hr\/de\/wp-json\/wp\/v2\/pages\/16172\/revisions\/16173"}],"wp:attachment":[{"href":"https:\/\/www.croekspres.hr\/de\/wp-json\/wp\/v2\/media?parent=16172"}],"curies":[{"name":"wp","href":"https:\/\/api.w.org\/{rel}","templated":true}]}}